{"id":80503,"date":"2024-09-11T09:54:03","date_gmt":"2024-09-11T07:54:07","guid":{"rendered":"https:\/\/www.atech-sas.com\/?post_type=product&#038;p=80503"},"modified":"2025-06-06T14:05:58","modified_gmt":"2025-06-06T12:05:58","slug":"tisch-synergie","status":"publish","type":"product","link":"https:\/\/www.atech-sas.com\/de\/produkt\/tisch-synergie\/","title":{"rendered":"Tisch &#8211; SYNERGIE"},"content":{"rendered":"<p><strong><span style=\"color: #000000;\">Tisch &#8211; SYNERGIE<\/span><\/strong><\/p>\n<p><span style=\"color: #000000;\"><u>Werkstoffe und Ausf\u00fchrung:<\/u><br \/>\n<\/span><span style=\"color: #000000;\">&#8211; Struktur aus Stahl 8 mm dick korrosionsgesch\u00fctzt und pulverbeschichtet in 39 RAL-Farben zur Auswahl (vgl. S.2) Bohlen aus Bambus, Exotischem Holz, Robinie oder Eiche oder aus recyceltem Kunststoff in grau oder braun<br \/>\n<\/span><\/p>\n<p><u>Befestigung:<\/u><br \/>\n&#8211; Bodenspie\u00df, Struktur mit 4 L\u00f6chern versehen \u00d8 13 mm (Schrauben nicht im Lieferumfang)<\/p>\n<p><span style=\"text-decoration: underline;\">Variante: (zus\u00e4tzliche Kosten)<\/span><br \/>\n&#8211; Struktur aus lackiertem Stahl, andere Farbwahl, zus\u00e4tzliche Kosten<br \/>\n&#8211; Struktur aus Cortenstahl, zus\u00e4tzliche Kosten<\/p>\n<p><a href=\"https:\/\/www.atech-sas.com\/de\/materialien-techniken\/\">Weitere m\u00f6gliche Materialien und Ausf\u00fchrungen zu entdecken<\/a><\/p>\n","protected":false},"excerpt":{"rendered":"<p><strong data-start=\"97\" data-end=\"133\">Picknicktisch aus Stahl SYNERGIE<\/strong>, erh\u00e4ltlich in <strong data-start=\"149\" data-end=\"162\">39 Farben<\/strong> und <strong data-start=\"167\" data-end=\"198\" data-is-only-node=\"\">6 Tischplatten-Ausf\u00fchrungen<\/strong> \u2013 f\u00fcr einen ganz pers\u00f6nlichen Stil. <strong data-start=\"235\" data-end=\"280\">Ideal zur Aufwertung jedes Au\u00dfenbereichs.<\/strong><\/p>\n","protected":false},"featured_media":81111,"comment_status":"open","ping_status":"closed","template":"","meta":{"_relevanssi_hide_post":"","_relevanssi_hide_content":"","_relevanssi_pin_for_all":"","_relevanssi_pin_keywords":"","_relevanssi_unpin_keywords":"","_relevanssi_related_keywords":"","_relevanssi_related_include_ids":"","_relevanssi_related_exclude_ids":"","_relevanssi_related_no_append":"","_relevanssi_related_not_related":"","_relevanssi_related_posts":"","_relevanssi_noindex_reason":""},"product_brand":[],"product_cat":[1205,2339,2427,1172],"product_tag":[],"class_list":{"0":"post-80503","1":"product","2":"type-product","3":"status-publish","4":"has-post-thumbnail","6":"product_cat-kunststoff","7":"product_cat-metall-holz-de","8":"product_cat-stahl-de","9":"product_cat-tische","10":"pa_couleur-assises-braun","11":"pa_couleur-assises-grau","12":"pa_couleur-assises-nicht-definiert","13":"pa_couleur-structure-nicht-definiert","14":"pa_couleur-structure-personalisiert-synergie","15":"pa_filtre-forme-linear-de","16":"pa_filtre-matiere-holz","17":"pa_filtre-matiere-kunststoff","18":"pa_filtre-matiere-stahl","19":"pa_finition-structure-lackiert","20":"pa_gamme-synergie-de","21":"pa_matiere-assise-kunststoff","22":"pa_matiere-assise-nicht-definiert","23":"pa_matiere-assise-robinie-roh","24":"pa_matiere-assise-roh-exotisches-holz","25":"pa_matiere-assise-rohes-larchenholz","26":"pa_matiere-structure-stahl","28":"first","29":"instock","30":"taxable","31":"shipping-taxable","32":"purchasable","33":"product-type-variable","34":"has-default-attributes"},"yoast_head":"<!-- This site is optimized with the Yoast SEO plugin v27.4 - https:\/\/yoast.com\/product\/yoast-seo-wordpress\/ -->\n<title>Tisch - SYNERGIE - ATECH<\/title>\n<meta name=\"description\" content=\"Picknicktisch aus Stahl SYNERGIE, erh\u00e4ltlich in 39 Farben und 6 Tischplatten-Ausf\u00fchrungen \u2013 f\u00fcr einen ganz pers\u00f6nlichen Stil. Ideal zur Aufwertung jedes Au\u00dfenbereichs.\" \/>\n<meta name=\"robots\" content=\"index, follow, max-snippet:-1, max-image-preview:large, max-video-preview:-1\" \/>\n<link rel=\"canonical\" href=\"https:\/\/www.atech-sas.com\/de\/produkt\/tisch-synergie\/\" \/>\n<meta property=\"og:locale\" content=\"de_DE\" \/>\n<meta property=\"og:type\" content=\"article\" \/>\n<meta property=\"og:title\" content=\"Tisch - SYNERGIE - ATECH\" \/>\n<meta property=\"og:description\" content=\"Picknicktisch aus Stahl SYNERGIE, erh\u00e4ltlich in 39 Farben und 6 Tischplatten-Ausf\u00fchrungen \u2013 f\u00fcr einen ganz pers\u00f6nlichen Stil. Ideal zur Aufwertung jedes Au\u00dfenbereichs.\" \/>\n<meta property=\"og:url\" content=\"https:\/\/www.atech-sas.com\/de\/produkt\/tisch-synergie\/\" \/>\n<meta property=\"og:site_name\" content=\"ATECH\" \/>\n<meta property=\"article:publisher\" content=\"https:\/\/www.facebook.com\/atechsasfr\" \/>\n<meta property=\"article:modified_time\" content=\"2025-06-06T12:05:58+00:00\" \/>\n<meta property=\"og:image\" content=\"https:\/\/www.atech-sas.com\/wp-content\/uploads\/2024\/09\/atech-table-synergie-vue-3d.jpg\" \/>\n\t<meta property=\"og:image:width\" content=\"1080\" \/>\n\t<meta property=\"og:image:height\" content=\"1080\" \/>\n\t<meta property=\"og:image:type\" content=\"image\/jpeg\" \/>\n<meta name=\"twitter:card\" content=\"summary_large_image\" \/>\n<meta name=\"twitter:label1\" content=\"Gesch\u00e4tzte Lesezeit\" \/>\n\t<meta name=\"twitter:data1\" content=\"1\u00a0Minute\" \/>\n<script type=\"application\/ld+json\" class=\"yoast-schema-graph\">{\"@context\":\"https:\\\/\\\/schema.org\",\"@graph\":[{\"@type\":\"WebPage\",\"@id\":\"https:\\\/\\\/www.atech-sas.com\\\/de\\\/produkt\\\/tisch-synergie\\\/\",\"url\":\"https:\\\/\\\/www.atech-sas.com\\\/de\\\/produkt\\\/tisch-synergie\\\/\",\"name\":\"Tisch - SYNERGIE - ATECH\",\"isPartOf\":{\"@id\":\"https:\\\/\\\/www.atech-sas.com\\\/de\\\/#website\"},\"primaryImageOfPage\":{\"@id\":\"https:\\\/\\\/www.atech-sas.com\\\/de\\\/produkt\\\/tisch-synergie\\\/#primaryimage\"},\"image\":{\"@id\":\"https:\\\/\\\/www.atech-sas.com\\\/de\\\/produkt\\\/tisch-synergie\\\/#primaryimage\"},\"thumbnailUrl\":\"https:\\\/\\\/www.atech-sas.com\\\/wp-content\\\/uploads\\\/2024\\\/09\\\/atech-table-synergie-vue-3d.jpg\",\"datePublished\":\"2024-09-11T07:54:07+00:00\",\"dateModified\":\"2025-06-06T12:05:58+00:00\",\"description\":\"Picknicktisch aus Stahl SYNERGIE, erh\u00e4ltlich in 39 Farben und 6 Tischplatten-Ausf\u00fchrungen \u2013 f\u00fcr einen ganz pers\u00f6nlichen Stil. Ideal zur Aufwertung jedes Au\u00dfenbereichs.\",\"breadcrumb\":{\"@id\":\"https:\\\/\\\/www.atech-sas.com\\\/de\\\/produkt\\\/tisch-synergie\\\/#breadcrumb\"},\"inLanguage\":\"de\",\"potentialAction\":[{\"@type\":\"ReadAction\",\"target\":[\"https:\\\/\\\/www.atech-sas.com\\\/de\\\/produkt\\\/tisch-synergie\\\/\"]}]},{\"@type\":\"ImageObject\",\"inLanguage\":\"de\",\"@id\":\"https:\\\/\\\/www.atech-sas.com\\\/de\\\/produkt\\\/tisch-synergie\\\/#primaryimage\",\"url\":\"https:\\\/\\\/www.atech-sas.com\\\/wp-content\\\/uploads\\\/2024\\\/09\\\/atech-table-synergie-vue-3d.jpg\",\"contentUrl\":\"https:\\\/\\\/www.atech-sas.com\\\/wp-content\\\/uploads\\\/2024\\\/09\\\/atech-table-synergie-vue-3d.jpg\",\"width\":1080,\"height\":1080},{\"@type\":\"BreadcrumbList\",\"@id\":\"https:\\\/\\\/www.atech-sas.com\\\/de\\\/produkt\\\/tisch-synergie\\\/#breadcrumb\",\"itemListElement\":[{\"@type\":\"ListItem\",\"position\":1,\"name\":\"Startseite\",\"item\":\"https:\\\/\\\/www.atech-sas.com\\\/de\\\/\"},{\"@type\":\"ListItem\",\"position\":2,\"name\":\"Produkte\",\"item\":\"https:\\\/\\\/www.atech-sas.com\\\/de\\\/produkte\\\/\"},{\"@type\":\"ListItem\",\"position\":3,\"name\":\"Tische\",\"item\":\"https:\\\/\\\/www.atech-sas.com\\\/de\\\/produktkategorie\\\/tische\\\/\"},{\"@type\":\"ListItem\",\"position\":4,\"name\":\"Tisch &#8211; SYNERGIE\"}]},{\"@type\":\"WebSite\",\"@id\":\"https:\\\/\\\/www.atech-sas.com\\\/de\\\/#website\",\"url\":\"https:\\\/\\\/www.atech-sas.com\\\/de\\\/\",\"name\":\"Atech-sas\",\"description\":\"Mobilier urbain\",\"publisher\":{\"@id\":\"https:\\\/\\\/www.atech-sas.com\\\/de\\\/#organization\"},\"potentialAction\":[{\"@type\":\"SearchAction\",\"target\":{\"@type\":\"EntryPoint\",\"urlTemplate\":\"https:\\\/\\\/www.atech-sas.com\\\/de\\\/?s={search_term_string}\"},\"query-input\":{\"@type\":\"PropertyValueSpecification\",\"valueRequired\":true,\"valueName\":\"search_term_string\"}}],\"inLanguage\":\"de\"},{\"@type\":\"Organization\",\"@id\":\"https:\\\/\\\/www.atech-sas.com\\\/de\\\/#organization\",\"name\":\"Atech-sas\",\"url\":\"https:\\\/\\\/www.atech-sas.com\\\/de\\\/\",\"logo\":{\"@type\":\"ImageObject\",\"inLanguage\":\"de\",\"@id\":\"https:\\\/\\\/www.atech-sas.com\\\/de\\\/#\\\/schema\\\/logo\\\/image\\\/\",\"url\":\"https:\\\/\\\/www.atech-sas.com\\\/wp-content\\\/uploads\\\/2021\\\/01\\\/ATECH_logo.svg\",\"contentUrl\":\"https:\\\/\\\/www.atech-sas.com\\\/wp-content\\\/uploads\\\/2021\\\/01\\\/ATECH_logo.svg\",\"width\":640,\"height\":217,\"caption\":\"Atech-sas\"},\"image\":{\"@id\":\"https:\\\/\\\/www.atech-sas.com\\\/de\\\/#\\\/schema\\\/logo\\\/image\\\/\"},\"sameAs\":[\"https:\\\/\\\/www.facebook.com\\\/atechsasfr\",\"https:\\\/\\\/www.instagram.com\\\/atech_sas\\\/\",\"https:\\\/\\\/www.youtube.com\\\/c\\\/Atech-saFr\\\/videos\",\"https:\\\/\\\/www.linkedin.com\\\/company\\\/atech-groupe-girod\\\/\"]}]}<\/script>\n<!-- \/ Yoast SEO plugin. -->","yoast_head_json":{"title":"Tisch - SYNERGIE - ATECH","description":"Picknicktisch aus Stahl SYNERGIE, erh\u00e4ltlich in 39 Farben und 6 Tischplatten-Ausf\u00fchrungen \u2013 f\u00fcr einen ganz pers\u00f6nlichen Stil. Ideal zur Aufwertung jedes Au\u00dfenbereichs.","robots":{"index":"index","follow":"follow","max-snippet":"max-snippet:-1","max-image-preview":"max-image-preview:large","max-video-preview":"max-video-preview:-1"},"canonical":"https:\/\/www.atech-sas.com\/de\/produkt\/tisch-synergie\/","og_locale":"de_DE","og_type":"article","og_title":"Tisch - SYNERGIE - ATECH","og_description":"Picknicktisch aus Stahl SYNERGIE, erh\u00e4ltlich in 39 Farben und 6 Tischplatten-Ausf\u00fchrungen \u2013 f\u00fcr einen ganz pers\u00f6nlichen Stil. Ideal zur Aufwertung jedes Au\u00dfenbereichs.","og_url":"https:\/\/www.atech-sas.com\/de\/produkt\/tisch-synergie\/","og_site_name":"ATECH","article_publisher":"https:\/\/www.facebook.com\/atechsasfr","article_modified_time":"2025-06-06T12:05:58+00:00","og_image":[{"width":1080,"height":1080,"url":"https:\/\/www.atech-sas.com\/wp-content\/uploads\/2024\/09\/atech-table-synergie-vue-3d.jpg","type":"image\/jpeg"}],"twitter_card":"summary_large_image","twitter_misc":{"Gesch\u00e4tzte Lesezeit":"1\u00a0Minute"},"schema":{"@context":"https:\/\/schema.org","@graph":[{"@type":"WebPage","@id":"https:\/\/www.atech-sas.com\/de\/produkt\/tisch-synergie\/","url":"https:\/\/www.atech-sas.com\/de\/produkt\/tisch-synergie\/","name":"Tisch - SYNERGIE - ATECH","isPartOf":{"@id":"https:\/\/www.atech-sas.com\/de\/#website"},"primaryImageOfPage":{"@id":"https:\/\/www.atech-sas.com\/de\/produkt\/tisch-synergie\/#primaryimage"},"image":{"@id":"https:\/\/www.atech-sas.com\/de\/produkt\/tisch-synergie\/#primaryimage"},"thumbnailUrl":"https:\/\/www.atech-sas.com\/wp-content\/uploads\/2024\/09\/atech-table-synergie-vue-3d.jpg","datePublished":"2024-09-11T07:54:07+00:00","dateModified":"2025-06-06T12:05:58+00:00","description":"Picknicktisch aus Stahl SYNERGIE, erh\u00e4ltlich in 39 Farben und 6 Tischplatten-Ausf\u00fchrungen \u2013 f\u00fcr einen ganz pers\u00f6nlichen Stil. Ideal zur Aufwertung jedes Au\u00dfenbereichs.","breadcrumb":{"@id":"https:\/\/www.atech-sas.com\/de\/produkt\/tisch-synergie\/#breadcrumb"},"inLanguage":"de","potentialAction":[{"@type":"ReadAction","target":["https:\/\/www.atech-sas.com\/de\/produkt\/tisch-synergie\/"]}]},{"@type":"ImageObject","inLanguage":"de","@id":"https:\/\/www.atech-sas.com\/de\/produkt\/tisch-synergie\/#primaryimage","url":"https:\/\/www.atech-sas.com\/wp-content\/uploads\/2024\/09\/atech-table-synergie-vue-3d.jpg","contentUrl":"https:\/\/www.atech-sas.com\/wp-content\/uploads\/2024\/09\/atech-table-synergie-vue-3d.jpg","width":1080,"height":1080},{"@type":"BreadcrumbList","@id":"https:\/\/www.atech-sas.com\/de\/produkt\/tisch-synergie\/#breadcrumb","itemListElement":[{"@type":"ListItem","position":1,"name":"Startseite","item":"https:\/\/www.atech-sas.com\/de\/"},{"@type":"ListItem","position":2,"name":"Produkte","item":"https:\/\/www.atech-sas.com\/de\/produkte\/"},{"@type":"ListItem","position":3,"name":"Tische","item":"https:\/\/www.atech-sas.com\/de\/produktkategorie\/tische\/"},{"@type":"ListItem","position":4,"name":"Tisch &#8211; SYNERGIE"}]},{"@type":"WebSite","@id":"https:\/\/www.atech-sas.com\/de\/#website","url":"https:\/\/www.atech-sas.com\/de\/","name":"Atech-sas","description":"Mobilier urbain","publisher":{"@id":"https:\/\/www.atech-sas.com\/de\/#organization"},"potentialAction":[{"@type":"SearchAction","target":{"@type":"EntryPoint","urlTemplate":"https:\/\/www.atech-sas.com\/de\/?s={search_term_string}"},"query-input":{"@type":"PropertyValueSpecification","valueRequired":true,"valueName":"search_term_string"}}],"inLanguage":"de"},{"@type":"Organization","@id":"https:\/\/www.atech-sas.com\/de\/#organization","name":"Atech-sas","url":"https:\/\/www.atech-sas.com\/de\/","logo":{"@type":"ImageObject","inLanguage":"de","@id":"https:\/\/www.atech-sas.com\/de\/#\/schema\/logo\/image\/","url":"https:\/\/www.atech-sas.com\/wp-content\/uploads\/2021\/01\/ATECH_logo.svg","contentUrl":"https:\/\/www.atech-sas.com\/wp-content\/uploads\/2021\/01\/ATECH_logo.svg","width":640,"height":217,"caption":"Atech-sas"},"image":{"@id":"https:\/\/www.atech-sas.com\/de\/#\/schema\/logo\/image\/"},"sameAs":["https:\/\/www.facebook.com\/atechsasfr","https:\/\/www.instagram.com\/atech_sas\/","https:\/\/www.youtube.com\/c\/Atech-saFr\/videos","https:\/\/www.linkedin.com\/company\/atech-groupe-girod\/"]}]}},"_links":{"self":[{"href":"https:\/\/www.atech-sas.com\/de\/wp-json\/wp\/v2\/product\/80503","targetHints":{"allow":["GET"]}}],"collection":[{"href":"https:\/\/www.atech-sas.com\/de\/wp-json\/wp\/v2\/product"}],"about":[{"href":"https:\/\/www.atech-sas.com\/de\/wp-json\/wp\/v2\/types\/product"}],"replies":[{"embeddable":true,"href":"https:\/\/www.atech-sas.com\/de\/wp-json\/wp\/v2\/comments?post=80503"}],"wp:featuredmedia":[{"embeddable":true,"href":"https:\/\/www.atech-sas.com\/de\/wp-json\/wp\/v2\/media\/81111"}],"wp:attachment":[{"href":"https:\/\/www.atech-sas.com\/de\/wp-json\/wp\/v2\/media?parent=80503"}],"wp:term":[{"taxonomy":"product_brand","embeddable":true,"href":"https:\/\/www.atech-sas.com\/de\/wp-json\/wp\/v2\/product_brand?post=80503"},{"taxonomy":"product_cat","embeddable":true,"href":"https:\/\/www.atech-sas.com\/de\/wp-json\/wp\/v2\/product_cat?post=80503"},{"taxonomy":"product_tag","embeddable":true,"href":"https:\/\/www.atech-sas.com\/de\/wp-json\/wp\/v2\/product_tag?post=80503"}],"curies":[{"name":"wp","href":"https:\/\/api.w.org\/{rel}","templated":true}]}}