{"id":80329,"date":"2024-09-05T10:32:33","date_gmt":"2024-09-05T08:32:38","guid":{"rendered":"https:\/\/www.atech-sas.com\/?post_type=product&#038;p=80329"},"modified":"2025-06-05T10:21:06","modified_gmt":"2025-06-05T08:21:06","slug":"hochbeet-fuer-baumbeete","status":"publish","type":"product","link":"https:\/\/www.atech-sas.com\/de\/produkt\/hochbeet-fuer-baumbeete\/","title":{"rendered":"Hochbeete &#8211; Regenbeete"},"content":{"rendered":"<p><span style=\"color: #000000;\"><strong>Hochbeet &#8211; Regenbeete<br \/>\n<\/strong><br \/>\n<span style=\"text-decoration: underline;\">Materialen &amp; Ausf\u00fchrungen :<\/span><br \/>\n&#8211; Aus pulverbeschichtetem Aluminium St. 3 mm in RAL- oder AkzoNobel-Farben nach Wahl.<br \/>\n&#8211; Sohle 175 mm oder 400 mm<br \/>\n&#8211; R\u00fccksprung 35 mm x 20 mm oder 50 mm x 30 mm.<\/span><\/p>\n<p><span style=\"text-decoration: underline;\">Zusammenbau:<\/span><br \/>\n&#8211; Durch mitgelieferte verdeckte Schrauben.<\/p>\n<p><span style=\"color: #000000;\"><br \/>\n<span style=\"text-decoration: underline;\">Befestigung :<\/span><br \/>\n&#8211; Zum Aufstellen auf dem Boden<br \/>\n<a href=\"https:\/\/www.atech-sas.com\/de\/kontakt\/\">Kontaktiere Sie Uns<\/a><\/span><\/p>\n","protected":false},"excerpt":{"rendered":"<p>Unsere Hochbeet sind in Platten von 980 mm und 1480 mm L\u00e4nge mit H\u00f6hen von 500 oder 1000 mm erh\u00e4ltlich.<\/p>\n","protected":false},"featured_media":81108,"comment_status":"open","ping_status":"closed","template":"","meta":{"_relevanssi_hide_post":"","_relevanssi_hide_content":"","_relevanssi_pin_for_all":"","_relevanssi_pin_keywords":"","_relevanssi_unpin_keywords":"","_relevanssi_related_keywords":"","_relevanssi_related_include_ids":"","_relevanssi_related_exclude_ids":"","_relevanssi_related_no_append":"","_relevanssi_related_not_related":"","_relevanssi_related_posts":"","_relevanssi_noindex_reason":""},"product_brand":[],"product_cat":[2359,3020],"product_tag":[],"class_list":{"0":"post-80329","1":"product","2":"type-product","3":"status-publish","4":"has-post-thumbnail","6":"product_cat-aluminium","7":"product_cat-hochbeete-und-einfassungen","8":"pa_couleur-nicht-definiert","9":"pa_couleur-personalisiert","10":"pa_filtre-forme-linear-de","11":"pa_filtre-hauteur-1000-de","12":"pa_filtre-hauteur-500-de","13":"pa_filtre-matiere-aluminium-de","14":"pa_filtre-matiere-cortenstahl","15":"pa_filtre-matiere-stahl","16":"pa_finition-aktiviert","17":"pa_finition-lackiert","18":"pa_finition-nicht-definiert","19":"pa_finition-unbehandeltet","20":"pa_hauteur-1000-mm-de","21":"pa_hauteur-500-mm-de","22":"pa_longueur-1480-mm-de","23":"pa_matiere-aluminium-de","24":"pa_matiere-cortenstahl","25":"pa_matiere-nicht-definiert","27":"first","28":"instock","29":"taxable","30":"shipping-taxable","31":"purchasable","32":"product-type-variable","33":"has-default-attributes"},"yoast_head":"<!-- This site is optimized with the Yoast SEO plugin v27.3 - https:\/\/yoast.com\/product\/yoast-seo-wordpress\/ -->\n<title>Hochbeete - Regenbeete - ATECH<\/title>\n<meta name=\"description\" content=\"Hochbeete - Regenbeete. Entscheiden Sie sich bei Ihren Landschaftsgestaltungsprojekten f\u00fcr unsere in Frankreich hergestellten Aufsetzkr\u00e4nze aus lackiertem Aluminium. Sie sind die L\u00f6sung, um einen Raum zu strukturieren.\" \/>\n<meta name=\"robots\" content=\"index, nofollow, max-snippet:-1, max-image-preview:large, max-video-preview:-1\" \/>\n<link rel=\"canonical\" href=\"https:\/\/www.atech-sas.com\/de\/produkt\/hochbeet-fuer-baumbeete\/\" \/>\n<meta property=\"og:locale\" content=\"de_DE\" \/>\n<meta property=\"og:type\" content=\"article\" \/>\n<meta property=\"og:title\" content=\"Hochbeete - Regenbeete - ATECH\" \/>\n<meta property=\"og:description\" content=\"Hochbeete - Regenbeete. Entscheiden Sie sich bei Ihren Landschaftsgestaltungsprojekten f\u00fcr unsere in Frankreich hergestellten Aufsetzkr\u00e4nze aus lackiertem Aluminium. Sie sind die L\u00f6sung, um einen Raum zu strukturieren.\" \/>\n<meta property=\"og:url\" content=\"https:\/\/www.atech-sas.com\/de\/produkt\/hochbeet-fuer-baumbeete\/\" \/>\n<meta property=\"og:site_name\" content=\"ATECH\" \/>\n<meta property=\"article:publisher\" content=\"https:\/\/www.facebook.com\/atechsasfr\" \/>\n<meta property=\"article:modified_time\" content=\"2025-06-05T08:21:06+00:00\" \/>\n<meta property=\"og:image\" content=\"https:\/\/www.atech-sas.com\/wp-content\/uploads\/2024\/09\/atech-costieres-arbre-a-pluie.webp\" \/>\n\t<meta property=\"og:image:width\" content=\"1080\" \/>\n\t<meta property=\"og:image:height\" content=\"1080\" \/>\n\t<meta property=\"og:image:type\" content=\"image\/webp\" \/>\n<meta name=\"twitter:card\" content=\"summary_large_image\" \/>\n<meta name=\"twitter:label1\" content=\"Gesch\u00e4tzte Lesezeit\" \/>\n\t<meta name=\"twitter:data1\" content=\"1\u00a0Minute\" \/>\n<script type=\"application\/ld+json\" class=\"yoast-schema-graph\">{\"@context\":\"https:\\\/\\\/schema.org\",\"@graph\":[{\"@type\":\"WebPage\",\"@id\":\"https:\\\/\\\/www.atech-sas.com\\\/de\\\/produkt\\\/hochbeet-fuer-baumbeete\\\/\",\"url\":\"https:\\\/\\\/www.atech-sas.com\\\/de\\\/produkt\\\/hochbeet-fuer-baumbeete\\\/\",\"name\":\"Hochbeete - Regenbeete - ATECH\",\"isPartOf\":{\"@id\":\"https:\\\/\\\/www.atech-sas.com\\\/de\\\/#website\"},\"primaryImageOfPage\":{\"@id\":\"https:\\\/\\\/www.atech-sas.com\\\/de\\\/produkt\\\/hochbeet-fuer-baumbeete\\\/#primaryimage\"},\"image\":{\"@id\":\"https:\\\/\\\/www.atech-sas.com\\\/de\\\/produkt\\\/hochbeet-fuer-baumbeete\\\/#primaryimage\"},\"thumbnailUrl\":\"https:\\\/\\\/www.atech-sas.com\\\/wp-content\\\/uploads\\\/2024\\\/09\\\/atech-costieres-arbre-a-pluie.webp\",\"datePublished\":\"2024-09-05T08:32:38+00:00\",\"dateModified\":\"2025-06-05T08:21:06+00:00\",\"description\":\"Hochbeete - Regenbeete. Entscheiden Sie sich bei Ihren Landschaftsgestaltungsprojekten f\u00fcr unsere in Frankreich hergestellten Aufsetzkr\u00e4nze aus lackiertem Aluminium. Sie sind die L\u00f6sung, um einen Raum zu strukturieren.\",\"breadcrumb\":{\"@id\":\"https:\\\/\\\/www.atech-sas.com\\\/de\\\/produkt\\\/hochbeet-fuer-baumbeete\\\/#breadcrumb\"},\"inLanguage\":\"de\",\"potentialAction\":[{\"@type\":\"ReadAction\",\"target\":[\"https:\\\/\\\/www.atech-sas.com\\\/de\\\/produkt\\\/hochbeet-fuer-baumbeete\\\/\"]}]},{\"@type\":\"ImageObject\",\"inLanguage\":\"de\",\"@id\":\"https:\\\/\\\/www.atech-sas.com\\\/de\\\/produkt\\\/hochbeet-fuer-baumbeete\\\/#primaryimage\",\"url\":\"https:\\\/\\\/www.atech-sas.com\\\/wp-content\\\/uploads\\\/2024\\\/09\\\/atech-costieres-arbre-a-pluie.webp\",\"contentUrl\":\"https:\\\/\\\/www.atech-sas.com\\\/wp-content\\\/uploads\\\/2024\\\/09\\\/atech-costieres-arbre-a-pluie.webp\",\"width\":1080,\"height\":1080},{\"@type\":\"BreadcrumbList\",\"@id\":\"https:\\\/\\\/www.atech-sas.com\\\/de\\\/produkt\\\/hochbeet-fuer-baumbeete\\\/#breadcrumb\",\"itemListElement\":[{\"@type\":\"ListItem\",\"position\":1,\"name\":\"Startseite\",\"item\":\"https:\\\/\\\/www.atech-sas.com\\\/de\\\/\"},{\"@type\":\"ListItem\",\"position\":2,\"name\":\"Produkte\",\"item\":\"https:\\\/\\\/www.atech-sas.com\\\/de\\\/produkte\\\/\"},{\"@type\":\"ListItem\",\"position\":3,\"name\":\"Landschaftsausstattung\",\"item\":\"https:\\\/\\\/www.atech-sas.com\\\/de\\\/produktkategorie\\\/landschaftsausstattung\\\/\"},{\"@type\":\"ListItem\",\"position\":4,\"name\":\"Hochbeete und Einfassungen\",\"item\":\"https:\\\/\\\/www.atech-sas.com\\\/de\\\/produktkategorie\\\/landschaftsausstattung\\\/hochbeete-und-einfassungen\\\/\"},{\"@type\":\"ListItem\",\"position\":5,\"name\":\"Hochbeete &#8211; Regenbeete\"}]},{\"@type\":\"WebSite\",\"@id\":\"https:\\\/\\\/www.atech-sas.com\\\/de\\\/#website\",\"url\":\"https:\\\/\\\/www.atech-sas.com\\\/de\\\/\",\"name\":\"Atech-sas\",\"description\":\"Mobilier urbain\",\"publisher\":{\"@id\":\"https:\\\/\\\/www.atech-sas.com\\\/de\\\/#organization\"},\"potentialAction\":[{\"@type\":\"SearchAction\",\"target\":{\"@type\":\"EntryPoint\",\"urlTemplate\":\"https:\\\/\\\/www.atech-sas.com\\\/de\\\/?s={search_term_string}\"},\"query-input\":{\"@type\":\"PropertyValueSpecification\",\"valueRequired\":true,\"valueName\":\"search_term_string\"}}],\"inLanguage\":\"de\"},{\"@type\":\"Organization\",\"@id\":\"https:\\\/\\\/www.atech-sas.com\\\/de\\\/#organization\",\"name\":\"Atech-sas\",\"url\":\"https:\\\/\\\/www.atech-sas.com\\\/de\\\/\",\"logo\":{\"@type\":\"ImageObject\",\"inLanguage\":\"de\",\"@id\":\"https:\\\/\\\/www.atech-sas.com\\\/de\\\/#\\\/schema\\\/logo\\\/image\\\/\",\"url\":\"https:\\\/\\\/www.atech-sas.com\\\/wp-content\\\/uploads\\\/2021\\\/01\\\/ATECH_logo.svg\",\"contentUrl\":\"https:\\\/\\\/www.atech-sas.com\\\/wp-content\\\/uploads\\\/2021\\\/01\\\/ATECH_logo.svg\",\"width\":640,\"height\":217,\"caption\":\"Atech-sas\"},\"image\":{\"@id\":\"https:\\\/\\\/www.atech-sas.com\\\/de\\\/#\\\/schema\\\/logo\\\/image\\\/\"},\"sameAs\":[\"https:\\\/\\\/www.facebook.com\\\/atechsasfr\",\"https:\\\/\\\/www.instagram.com\\\/atech_sas\\\/\",\"https:\\\/\\\/www.youtube.com\\\/c\\\/Atech-saFr\\\/videos\",\"https:\\\/\\\/www.linkedin.com\\\/company\\\/atech-groupe-girod\\\/\"]}]}<\/script>\n<!-- \/ Yoast SEO plugin. -->","yoast_head_json":{"title":"Hochbeete - Regenbeete - ATECH","description":"Hochbeete - Regenbeete. Entscheiden Sie sich bei Ihren Landschaftsgestaltungsprojekten f\u00fcr unsere in Frankreich hergestellten Aufsetzkr\u00e4nze aus lackiertem Aluminium. Sie sind die L\u00f6sung, um einen Raum zu strukturieren.","robots":{"index":"index","follow":"nofollow","max-snippet":"max-snippet:-1","max-image-preview":"max-image-preview:large","max-video-preview":"max-video-preview:-1"},"canonical":"https:\/\/www.atech-sas.com\/de\/produkt\/hochbeet-fuer-baumbeete\/","og_locale":"de_DE","og_type":"article","og_title":"Hochbeete - Regenbeete - ATECH","og_description":"Hochbeete - Regenbeete. Entscheiden Sie sich bei Ihren Landschaftsgestaltungsprojekten f\u00fcr unsere in Frankreich hergestellten Aufsetzkr\u00e4nze aus lackiertem Aluminium. Sie sind die L\u00f6sung, um einen Raum zu strukturieren.","og_url":"https:\/\/www.atech-sas.com\/de\/produkt\/hochbeet-fuer-baumbeete\/","og_site_name":"ATECH","article_publisher":"https:\/\/www.facebook.com\/atechsasfr","article_modified_time":"2025-06-05T08:21:06+00:00","og_image":[{"width":1080,"height":1080,"url":"https:\/\/www.atech-sas.com\/wp-content\/uploads\/2024\/09\/atech-costieres-arbre-a-pluie.webp","type":"image\/webp"}],"twitter_card":"summary_large_image","twitter_misc":{"Gesch\u00e4tzte Lesezeit":"1\u00a0Minute"},"schema":{"@context":"https:\/\/schema.org","@graph":[{"@type":"WebPage","@id":"https:\/\/www.atech-sas.com\/de\/produkt\/hochbeet-fuer-baumbeete\/","url":"https:\/\/www.atech-sas.com\/de\/produkt\/hochbeet-fuer-baumbeete\/","name":"Hochbeete - Regenbeete - ATECH","isPartOf":{"@id":"https:\/\/www.atech-sas.com\/de\/#website"},"primaryImageOfPage":{"@id":"https:\/\/www.atech-sas.com\/de\/produkt\/hochbeet-fuer-baumbeete\/#primaryimage"},"image":{"@id":"https:\/\/www.atech-sas.com\/de\/produkt\/hochbeet-fuer-baumbeete\/#primaryimage"},"thumbnailUrl":"https:\/\/www.atech-sas.com\/wp-content\/uploads\/2024\/09\/atech-costieres-arbre-a-pluie.webp","datePublished":"2024-09-05T08:32:38+00:00","dateModified":"2025-06-05T08:21:06+00:00","description":"Hochbeete - Regenbeete. Entscheiden Sie sich bei Ihren Landschaftsgestaltungsprojekten f\u00fcr unsere in Frankreich hergestellten Aufsetzkr\u00e4nze aus lackiertem Aluminium. Sie sind die L\u00f6sung, um einen Raum zu strukturieren.","breadcrumb":{"@id":"https:\/\/www.atech-sas.com\/de\/produkt\/hochbeet-fuer-baumbeete\/#breadcrumb"},"inLanguage":"de","potentialAction":[{"@type":"ReadAction","target":["https:\/\/www.atech-sas.com\/de\/produkt\/hochbeet-fuer-baumbeete\/"]}]},{"@type":"ImageObject","inLanguage":"de","@id":"https:\/\/www.atech-sas.com\/de\/produkt\/hochbeet-fuer-baumbeete\/#primaryimage","url":"https:\/\/www.atech-sas.com\/wp-content\/uploads\/2024\/09\/atech-costieres-arbre-a-pluie.webp","contentUrl":"https:\/\/www.atech-sas.com\/wp-content\/uploads\/2024\/09\/atech-costieres-arbre-a-pluie.webp","width":1080,"height":1080},{"@type":"BreadcrumbList","@id":"https:\/\/www.atech-sas.com\/de\/produkt\/hochbeet-fuer-baumbeete\/#breadcrumb","itemListElement":[{"@type":"ListItem","position":1,"name":"Startseite","item":"https:\/\/www.atech-sas.com\/de\/"},{"@type":"ListItem","position":2,"name":"Produkte","item":"https:\/\/www.atech-sas.com\/de\/produkte\/"},{"@type":"ListItem","position":3,"name":"Landschaftsausstattung","item":"https:\/\/www.atech-sas.com\/de\/produktkategorie\/landschaftsausstattung\/"},{"@type":"ListItem","position":4,"name":"Hochbeete und Einfassungen","item":"https:\/\/www.atech-sas.com\/de\/produktkategorie\/landschaftsausstattung\/hochbeete-und-einfassungen\/"},{"@type":"ListItem","position":5,"name":"Hochbeete &#8211; Regenbeete"}]},{"@type":"WebSite","@id":"https:\/\/www.atech-sas.com\/de\/#website","url":"https:\/\/www.atech-sas.com\/de\/","name":"Atech-sas","description":"Mobilier urbain","publisher":{"@id":"https:\/\/www.atech-sas.com\/de\/#organization"},"potentialAction":[{"@type":"SearchAction","target":{"@type":"EntryPoint","urlTemplate":"https:\/\/www.atech-sas.com\/de\/?s={search_term_string}"},"query-input":{"@type":"PropertyValueSpecification","valueRequired":true,"valueName":"search_term_string"}}],"inLanguage":"de"},{"@type":"Organization","@id":"https:\/\/www.atech-sas.com\/de\/#organization","name":"Atech-sas","url":"https:\/\/www.atech-sas.com\/de\/","logo":{"@type":"ImageObject","inLanguage":"de","@id":"https:\/\/www.atech-sas.com\/de\/#\/schema\/logo\/image\/","url":"https:\/\/www.atech-sas.com\/wp-content\/uploads\/2021\/01\/ATECH_logo.svg","contentUrl":"https:\/\/www.atech-sas.com\/wp-content\/uploads\/2021\/01\/ATECH_logo.svg","width":640,"height":217,"caption":"Atech-sas"},"image":{"@id":"https:\/\/www.atech-sas.com\/de\/#\/schema\/logo\/image\/"},"sameAs":["https:\/\/www.facebook.com\/atechsasfr","https:\/\/www.instagram.com\/atech_sas\/","https:\/\/www.youtube.com\/c\/Atech-saFr\/videos","https:\/\/www.linkedin.com\/company\/atech-groupe-girod\/"]}]}},"_links":{"self":[{"href":"https:\/\/www.atech-sas.com\/de\/wp-json\/wp\/v2\/product\/80329","targetHints":{"allow":["GET"]}}],"collection":[{"href":"https:\/\/www.atech-sas.com\/de\/wp-json\/wp\/v2\/product"}],"about":[{"href":"https:\/\/www.atech-sas.com\/de\/wp-json\/wp\/v2\/types\/product"}],"replies":[{"embeddable":true,"href":"https:\/\/www.atech-sas.com\/de\/wp-json\/wp\/v2\/comments?post=80329"}],"wp:featuredmedia":[{"embeddable":true,"href":"https:\/\/www.atech-sas.com\/de\/wp-json\/wp\/v2\/media\/81108"}],"wp:attachment":[{"href":"https:\/\/www.atech-sas.com\/de\/wp-json\/wp\/v2\/media?parent=80329"}],"wp:term":[{"taxonomy":"product_brand","embeddable":true,"href":"https:\/\/www.atech-sas.com\/de\/wp-json\/wp\/v2\/product_brand?post=80329"},{"taxonomy":"product_cat","embeddable":true,"href":"https:\/\/www.atech-sas.com\/de\/wp-json\/wp\/v2\/product_cat?post=80329"},{"taxonomy":"product_tag","embeddable":true,"href":"https:\/\/www.atech-sas.com\/de\/wp-json\/wp\/v2\/product_tag?post=80329"}],"curies":[{"name":"wp","href":"https:\/\/api.w.org\/{rel}","templated":true}]}}