{"id":75185,"date":"2023-07-11T08:16:00","date_gmt":"2023-07-11T06:16:00","guid":{"rendered":"https:\/\/www.atech-sas.com\/?post_type=product&#038;p=75185"},"modified":"2025-05-30T09:45:53","modified_gmt":"2025-05-30T07:45:53","slug":"bordure-droite-acier-galvanise-a-chaud-et-peint-sur-1-face-3-ml","status":"publish","type":"product","link":"https:\/\/www.atech-sas.com\/de\/produkt\/bordure-droite-acier-galvanise-a-chaud-et-peint-sur-1-face-3-ml\/","title":{"rendered":"Gerader Einfassung &#8211; Feuerverzinkter und einseitig lackierter Stahl &#8211; 3 ML"},"content":{"rendered":"<p>Gerader Einfassung &#8211; Feuerverzinkter und einseitig lackierter Stahl &#8211; 3 ML<br \/>\nMaterial &amp; Ausf\u00fchrung :<br \/>\nFeuerverzinkter Stahl mit Einbrennlackierung Farbe nach Wahl (nur auf einer Seite).<br \/>\nVerpackung :<br \/>\nPlatte mit 3000 mm.<br \/>\nBefestigung:<br \/>\n3 Erdn\u00e4gel pro Platte, Verbindung durch mitgelieferte Schrauben.<\/p>\n","protected":false},"excerpt":{"rendered":"<p>Unsere Einfassungen sind einfach und schnell zu installieren und in verschiedenen H\u00f6hen erh\u00e4ltlich.<\/p>\n","protected":false},"featured_media":72557,"comment_status":"open","ping_status":"closed","template":"","meta":{"_relevanssi_hide_post":"","_relevanssi_hide_content":"","_relevanssi_pin_for_all":"","_relevanssi_pin_keywords":"","_relevanssi_unpin_keywords":"","_relevanssi_related_keywords":"","_relevanssi_related_include_ids":"","_relevanssi_related_exclude_ids":"","_relevanssi_related_no_append":"","_relevanssi_related_not_related":"","_relevanssi_related_posts":"","_relevanssi_noindex_reason":""},"product_brand":[],"product_cat":[3020,2427],"product_tag":[],"class_list":{"0":"post-75185","1":"product","2":"type-product","3":"status-publish","4":"has-post-thumbnail","6":"product_cat-hochbeete-und-einfassungen","7":"product_cat-stahl-de","8":"pa_couleur-assises-nicht-definiert","9":"pa_couleur-assises-personalisiert","10":"pa_epaisseur-3-mm-de","11":"pa_epaisseur-5-mm-de","12":"pa_filtre-forme-linear-de","13":"pa_filtre-hauteur-100-de","14":"pa_filtre-hauteur-150-de","15":"pa_filtre-hauteur-200-de","16":"pa_filtre-hauteur-250-de","17":"pa_filtre-hauteur-300-de","18":"pa_filtre-matiere-stahl","19":"pa_finition-lackiert","20":"pa_hauteur-100-mm-de","21":"pa_hauteur-150-mm-de","22":"pa_hauteur-200-mm-de","23":"pa_hauteur-250-mm-de","24":"pa_hauteur-300-mm-de","25":"pa_matiere-stahl","27":"first","28":"instock","29":"taxable","30":"shipping-taxable","31":"purchasable","32":"product-type-variable","33":"has-default-attributes"},"yoast_head":"<!-- This site is optimized with the Yoast SEO plugin v27.3 - https:\/\/yoast.com\/product\/yoast-seo-wordpress\/ -->\n<title>Gerader Einfassung - Feuerverzinkter und einseitig lackierter Stahl - 3 ML - ATECH<\/title>\n<meta name=\"description\" content=\"Gerader Einfassung - Feuerverzinkter und einseitig lackierter Stahl - 3 ML. Entdecken Sie unsere Bordsteine f\u00fcr den perfekten Abschluss Ihrer Au\u00dfenprojekte. Entscheiden Sie sich f\u00fcr Qualit\u00e4t und Langlebigkeit. Unsere Produkte werden in Frankreich hergestellt.\" \/>\n<meta name=\"robots\" content=\"index, nofollow, max-snippet:-1, max-image-preview:large, max-video-preview:-1\" \/>\n<link rel=\"canonical\" href=\"https:\/\/www.atech-sas.com\/de\/produkt\/bordure-droite-acier-galvanise-a-chaud-et-peint-sur-1-face-3-ml\/\" \/>\n<meta property=\"og:locale\" content=\"de_DE\" \/>\n<meta property=\"og:type\" content=\"article\" \/>\n<meta property=\"og:title\" content=\"Gerader Einfassung - Feuerverzinkter und einseitig lackierter Stahl - 3 ML - ATECH\" \/>\n<meta property=\"og:description\" content=\"Gerader Einfassung - Feuerverzinkter und einseitig lackierter Stahl - 3 ML. Entdecken Sie unsere Bordsteine f\u00fcr den perfekten Abschluss Ihrer Au\u00dfenprojekte. Entscheiden Sie sich f\u00fcr Qualit\u00e4t und Langlebigkeit. Unsere Produkte werden in Frankreich hergestellt.\" \/>\n<meta property=\"og:url\" content=\"https:\/\/www.atech-sas.com\/de\/produkt\/bordure-droite-acier-galvanise-a-chaud-et-peint-sur-1-face-3-ml\/\" \/>\n<meta property=\"og:site_name\" content=\"ATECH\" \/>\n<meta property=\"article:publisher\" content=\"https:\/\/www.facebook.com\/atechsasfr\" \/>\n<meta property=\"article:modified_time\" content=\"2025-05-30T07:45:53+00:00\" \/>\n<meta property=\"og:image\" content=\"https:\/\/www.atech-sas.com\/wp-content\/uploads\/2023\/07\/bordure-droite-en-acier-galvanise-a-chaud-et-peinte-sur-1-face-3-ml.jpg\" \/>\n\t<meta property=\"og:image:width\" content=\"800\" \/>\n\t<meta property=\"og:image:height\" content=\"800\" \/>\n\t<meta property=\"og:image:type\" content=\"image\/jpeg\" \/>\n<meta name=\"twitter:card\" content=\"summary_large_image\" \/>\n<meta name=\"twitter:label1\" content=\"Gesch\u00e4tzte Lesezeit\" \/>\n\t<meta name=\"twitter:data1\" content=\"1\u00a0Minute\" \/>\n<script type=\"application\/ld+json\" class=\"yoast-schema-graph\">{\"@context\":\"https:\\\/\\\/schema.org\",\"@graph\":[{\"@type\":\"WebPage\",\"@id\":\"https:\\\/\\\/www.atech-sas.com\\\/de\\\/produkt\\\/bordure-droite-acier-galvanise-a-chaud-et-peint-sur-1-face-3-ml\\\/\",\"url\":\"https:\\\/\\\/www.atech-sas.com\\\/de\\\/produkt\\\/bordure-droite-acier-galvanise-a-chaud-et-peint-sur-1-face-3-ml\\\/\",\"name\":\"Gerader Einfassung - Feuerverzinkter und einseitig lackierter Stahl - 3 ML - ATECH\",\"isPartOf\":{\"@id\":\"https:\\\/\\\/www.atech-sas.com\\\/de\\\/#website\"},\"primaryImageOfPage\":{\"@id\":\"https:\\\/\\\/www.atech-sas.com\\\/de\\\/produkt\\\/bordure-droite-acier-galvanise-a-chaud-et-peint-sur-1-face-3-ml\\\/#primaryimage\"},\"image\":{\"@id\":\"https:\\\/\\\/www.atech-sas.com\\\/de\\\/produkt\\\/bordure-droite-acier-galvanise-a-chaud-et-peint-sur-1-face-3-ml\\\/#primaryimage\"},\"thumbnailUrl\":\"https:\\\/\\\/www.atech-sas.com\\\/wp-content\\\/uploads\\\/2023\\\/07\\\/bordure-droite-en-acier-galvanise-a-chaud-et-peinte-sur-1-face-3-ml.jpg\",\"datePublished\":\"2023-07-11T06:16:00+00:00\",\"dateModified\":\"2025-05-30T07:45:53+00:00\",\"description\":\"Gerader Einfassung - Feuerverzinkter und einseitig lackierter Stahl - 3 ML. Entdecken Sie unsere Bordsteine f\u00fcr den perfekten Abschluss Ihrer Au\u00dfenprojekte. Entscheiden Sie sich f\u00fcr Qualit\u00e4t und Langlebigkeit. Unsere Produkte werden in Frankreich hergestellt.\",\"breadcrumb\":{\"@id\":\"https:\\\/\\\/www.atech-sas.com\\\/de\\\/produkt\\\/bordure-droite-acier-galvanise-a-chaud-et-peint-sur-1-face-3-ml\\\/#breadcrumb\"},\"inLanguage\":\"de\",\"potentialAction\":[{\"@type\":\"ReadAction\",\"target\":[\"https:\\\/\\\/www.atech-sas.com\\\/de\\\/produkt\\\/bordure-droite-acier-galvanise-a-chaud-et-peint-sur-1-face-3-ml\\\/\"]}]},{\"@type\":\"ImageObject\",\"inLanguage\":\"de\",\"@id\":\"https:\\\/\\\/www.atech-sas.com\\\/de\\\/produkt\\\/bordure-droite-acier-galvanise-a-chaud-et-peint-sur-1-face-3-ml\\\/#primaryimage\",\"url\":\"https:\\\/\\\/www.atech-sas.com\\\/wp-content\\\/uploads\\\/2023\\\/07\\\/bordure-droite-en-acier-galvanise-a-chaud-et-peinte-sur-1-face-3-ml.jpg\",\"contentUrl\":\"https:\\\/\\\/www.atech-sas.com\\\/wp-content\\\/uploads\\\/2023\\\/07\\\/bordure-droite-en-acier-galvanise-a-chaud-et-peinte-sur-1-face-3-ml.jpg\",\"width\":800,\"height\":800},{\"@type\":\"BreadcrumbList\",\"@id\":\"https:\\\/\\\/www.atech-sas.com\\\/de\\\/produkt\\\/bordure-droite-acier-galvanise-a-chaud-et-peint-sur-1-face-3-ml\\\/#breadcrumb\",\"itemListElement\":[{\"@type\":\"ListItem\",\"position\":1,\"name\":\"Startseite\",\"item\":\"https:\\\/\\\/www.atech-sas.com\\\/de\\\/\"},{\"@type\":\"ListItem\",\"position\":2,\"name\":\"Produkte\",\"item\":\"https:\\\/\\\/www.atech-sas.com\\\/de\\\/produkte\\\/\"},{\"@type\":\"ListItem\",\"position\":3,\"name\":\"Stadtm\u00f6bel nach Material\",\"item\":\"https:\\\/\\\/www.atech-sas.com\\\/de\\\/produktkategorie\\\/stadtmobiliar-materialen\\\/\"},{\"@type\":\"ListItem\",\"position\":4,\"name\":\"Stahl\",\"item\":\"https:\\\/\\\/www.atech-sas.com\\\/de\\\/produktkategorie\\\/stadtmobiliar-materialen\\\/stahl-de\\\/\"},{\"@type\":\"ListItem\",\"position\":5,\"name\":\"Gerader Einfassung &#8211; Feuerverzinkter und einseitig lackierter Stahl &#8211; 3 ML\"}]},{\"@type\":\"WebSite\",\"@id\":\"https:\\\/\\\/www.atech-sas.com\\\/de\\\/#website\",\"url\":\"https:\\\/\\\/www.atech-sas.com\\\/de\\\/\",\"name\":\"Atech-sas\",\"description\":\"Mobilier urbain\",\"publisher\":{\"@id\":\"https:\\\/\\\/www.atech-sas.com\\\/de\\\/#organization\"},\"potentialAction\":[{\"@type\":\"SearchAction\",\"target\":{\"@type\":\"EntryPoint\",\"urlTemplate\":\"https:\\\/\\\/www.atech-sas.com\\\/de\\\/?s={search_term_string}\"},\"query-input\":{\"@type\":\"PropertyValueSpecification\",\"valueRequired\":true,\"valueName\":\"search_term_string\"}}],\"inLanguage\":\"de\"},{\"@type\":\"Organization\",\"@id\":\"https:\\\/\\\/www.atech-sas.com\\\/de\\\/#organization\",\"name\":\"Atech-sas\",\"url\":\"https:\\\/\\\/www.atech-sas.com\\\/de\\\/\",\"logo\":{\"@type\":\"ImageObject\",\"inLanguage\":\"de\",\"@id\":\"https:\\\/\\\/www.atech-sas.com\\\/de\\\/#\\\/schema\\\/logo\\\/image\\\/\",\"url\":\"https:\\\/\\\/www.atech-sas.com\\\/wp-content\\\/uploads\\\/2021\\\/01\\\/ATECH_logo.svg\",\"contentUrl\":\"https:\\\/\\\/www.atech-sas.com\\\/wp-content\\\/uploads\\\/2021\\\/01\\\/ATECH_logo.svg\",\"width\":640,\"height\":217,\"caption\":\"Atech-sas\"},\"image\":{\"@id\":\"https:\\\/\\\/www.atech-sas.com\\\/de\\\/#\\\/schema\\\/logo\\\/image\\\/\"},\"sameAs\":[\"https:\\\/\\\/www.facebook.com\\\/atechsasfr\",\"https:\\\/\\\/www.instagram.com\\\/atech_sas\\\/\",\"https:\\\/\\\/www.youtube.com\\\/c\\\/Atech-saFr\\\/videos\",\"https:\\\/\\\/www.linkedin.com\\\/company\\\/atech-groupe-girod\\\/\"]}]}<\/script>\n<!-- \/ Yoast SEO plugin. -->","yoast_head_json":{"title":"Gerader Einfassung - Feuerverzinkter und einseitig lackierter Stahl - 3 ML - ATECH","description":"Gerader Einfassung - Feuerverzinkter und einseitig lackierter Stahl - 3 ML. Entdecken Sie unsere Bordsteine f\u00fcr den perfekten Abschluss Ihrer Au\u00dfenprojekte. Entscheiden Sie sich f\u00fcr Qualit\u00e4t und Langlebigkeit. Unsere Produkte werden in Frankreich hergestellt.","robots":{"index":"index","follow":"nofollow","max-snippet":"max-snippet:-1","max-image-preview":"max-image-preview:large","max-video-preview":"max-video-preview:-1"},"canonical":"https:\/\/www.atech-sas.com\/de\/produkt\/bordure-droite-acier-galvanise-a-chaud-et-peint-sur-1-face-3-ml\/","og_locale":"de_DE","og_type":"article","og_title":"Gerader Einfassung - Feuerverzinkter und einseitig lackierter Stahl - 3 ML - ATECH","og_description":"Gerader Einfassung - Feuerverzinkter und einseitig lackierter Stahl - 3 ML. Entdecken Sie unsere Bordsteine f\u00fcr den perfekten Abschluss Ihrer Au\u00dfenprojekte. Entscheiden Sie sich f\u00fcr Qualit\u00e4t und Langlebigkeit. Unsere Produkte werden in Frankreich hergestellt.","og_url":"https:\/\/www.atech-sas.com\/de\/produkt\/bordure-droite-acier-galvanise-a-chaud-et-peint-sur-1-face-3-ml\/","og_site_name":"ATECH","article_publisher":"https:\/\/www.facebook.com\/atechsasfr","article_modified_time":"2025-05-30T07:45:53+00:00","og_image":[{"width":800,"height":800,"url":"https:\/\/www.atech-sas.com\/wp-content\/uploads\/2023\/07\/bordure-droite-en-acier-galvanise-a-chaud-et-peinte-sur-1-face-3-ml.jpg","type":"image\/jpeg"}],"twitter_card":"summary_large_image","twitter_misc":{"Gesch\u00e4tzte Lesezeit":"1\u00a0Minute"},"schema":{"@context":"https:\/\/schema.org","@graph":[{"@type":"WebPage","@id":"https:\/\/www.atech-sas.com\/de\/produkt\/bordure-droite-acier-galvanise-a-chaud-et-peint-sur-1-face-3-ml\/","url":"https:\/\/www.atech-sas.com\/de\/produkt\/bordure-droite-acier-galvanise-a-chaud-et-peint-sur-1-face-3-ml\/","name":"Gerader Einfassung - Feuerverzinkter und einseitig lackierter Stahl - 3 ML - ATECH","isPartOf":{"@id":"https:\/\/www.atech-sas.com\/de\/#website"},"primaryImageOfPage":{"@id":"https:\/\/www.atech-sas.com\/de\/produkt\/bordure-droite-acier-galvanise-a-chaud-et-peint-sur-1-face-3-ml\/#primaryimage"},"image":{"@id":"https:\/\/www.atech-sas.com\/de\/produkt\/bordure-droite-acier-galvanise-a-chaud-et-peint-sur-1-face-3-ml\/#primaryimage"},"thumbnailUrl":"https:\/\/www.atech-sas.com\/wp-content\/uploads\/2023\/07\/bordure-droite-en-acier-galvanise-a-chaud-et-peinte-sur-1-face-3-ml.jpg","datePublished":"2023-07-11T06:16:00+00:00","dateModified":"2025-05-30T07:45:53+00:00","description":"Gerader Einfassung - Feuerverzinkter und einseitig lackierter Stahl - 3 ML. Entdecken Sie unsere Bordsteine f\u00fcr den perfekten Abschluss Ihrer Au\u00dfenprojekte. Entscheiden Sie sich f\u00fcr Qualit\u00e4t und Langlebigkeit. Unsere Produkte werden in Frankreich hergestellt.","breadcrumb":{"@id":"https:\/\/www.atech-sas.com\/de\/produkt\/bordure-droite-acier-galvanise-a-chaud-et-peint-sur-1-face-3-ml\/#breadcrumb"},"inLanguage":"de","potentialAction":[{"@type":"ReadAction","target":["https:\/\/www.atech-sas.com\/de\/produkt\/bordure-droite-acier-galvanise-a-chaud-et-peint-sur-1-face-3-ml\/"]}]},{"@type":"ImageObject","inLanguage":"de","@id":"https:\/\/www.atech-sas.com\/de\/produkt\/bordure-droite-acier-galvanise-a-chaud-et-peint-sur-1-face-3-ml\/#primaryimage","url":"https:\/\/www.atech-sas.com\/wp-content\/uploads\/2023\/07\/bordure-droite-en-acier-galvanise-a-chaud-et-peinte-sur-1-face-3-ml.jpg","contentUrl":"https:\/\/www.atech-sas.com\/wp-content\/uploads\/2023\/07\/bordure-droite-en-acier-galvanise-a-chaud-et-peinte-sur-1-face-3-ml.jpg","width":800,"height":800},{"@type":"BreadcrumbList","@id":"https:\/\/www.atech-sas.com\/de\/produkt\/bordure-droite-acier-galvanise-a-chaud-et-peint-sur-1-face-3-ml\/#breadcrumb","itemListElement":[{"@type":"ListItem","position":1,"name":"Startseite","item":"https:\/\/www.atech-sas.com\/de\/"},{"@type":"ListItem","position":2,"name":"Produkte","item":"https:\/\/www.atech-sas.com\/de\/produkte\/"},{"@type":"ListItem","position":3,"name":"Stadtm\u00f6bel nach Material","item":"https:\/\/www.atech-sas.com\/de\/produktkategorie\/stadtmobiliar-materialen\/"},{"@type":"ListItem","position":4,"name":"Stahl","item":"https:\/\/www.atech-sas.com\/de\/produktkategorie\/stadtmobiliar-materialen\/stahl-de\/"},{"@type":"ListItem","position":5,"name":"Gerader Einfassung &#8211; Feuerverzinkter und einseitig lackierter Stahl &#8211; 3 ML"}]},{"@type":"WebSite","@id":"https:\/\/www.atech-sas.com\/de\/#website","url":"https:\/\/www.atech-sas.com\/de\/","name":"Atech-sas","description":"Mobilier urbain","publisher":{"@id":"https:\/\/www.atech-sas.com\/de\/#organization"},"potentialAction":[{"@type":"SearchAction","target":{"@type":"EntryPoint","urlTemplate":"https:\/\/www.atech-sas.com\/de\/?s={search_term_string}"},"query-input":{"@type":"PropertyValueSpecification","valueRequired":true,"valueName":"search_term_string"}}],"inLanguage":"de"},{"@type":"Organization","@id":"https:\/\/www.atech-sas.com\/de\/#organization","name":"Atech-sas","url":"https:\/\/www.atech-sas.com\/de\/","logo":{"@type":"ImageObject","inLanguage":"de","@id":"https:\/\/www.atech-sas.com\/de\/#\/schema\/logo\/image\/","url":"https:\/\/www.atech-sas.com\/wp-content\/uploads\/2021\/01\/ATECH_logo.svg","contentUrl":"https:\/\/www.atech-sas.com\/wp-content\/uploads\/2021\/01\/ATECH_logo.svg","width":640,"height":217,"caption":"Atech-sas"},"image":{"@id":"https:\/\/www.atech-sas.com\/de\/#\/schema\/logo\/image\/"},"sameAs":["https:\/\/www.facebook.com\/atechsasfr","https:\/\/www.instagram.com\/atech_sas\/","https:\/\/www.youtube.com\/c\/Atech-saFr\/videos","https:\/\/www.linkedin.com\/company\/atech-groupe-girod\/"]}]}},"_links":{"self":[{"href":"https:\/\/www.atech-sas.com\/de\/wp-json\/wp\/v2\/product\/75185","targetHints":{"allow":["GET"]}}],"collection":[{"href":"https:\/\/www.atech-sas.com\/de\/wp-json\/wp\/v2\/product"}],"about":[{"href":"https:\/\/www.atech-sas.com\/de\/wp-json\/wp\/v2\/types\/product"}],"replies":[{"embeddable":true,"href":"https:\/\/www.atech-sas.com\/de\/wp-json\/wp\/v2\/comments?post=75185"}],"wp:featuredmedia":[{"embeddable":true,"href":"https:\/\/www.atech-sas.com\/de\/wp-json\/wp\/v2\/media\/72557"}],"wp:attachment":[{"href":"https:\/\/www.atech-sas.com\/de\/wp-json\/wp\/v2\/media?parent=75185"}],"wp:term":[{"taxonomy":"product_brand","embeddable":true,"href":"https:\/\/www.atech-sas.com\/de\/wp-json\/wp\/v2\/product_brand?post=75185"},{"taxonomy":"product_cat","embeddable":true,"href":"https:\/\/www.atech-sas.com\/de\/wp-json\/wp\/v2\/product_cat?post=75185"},{"taxonomy":"product_tag","embeddable":true,"href":"https:\/\/www.atech-sas.com\/de\/wp-json\/wp\/v2\/product_tag?post=75185"}],"curies":[{"name":"wp","href":"https:\/\/api.w.org\/{rel}","templated":true}]}}