{"id":74927,"date":"2023-09-13T14:51:10","date_gmt":"2023-09-13T12:51:10","guid":{"rendered":"https:\/\/www.atech-sas.com\/?post_type=product&#038;p=74927"},"modified":"2023-10-31T08:17:04","modified_gmt":"2023-10-31T07:17:04","slug":"sichtschutz-wand-lackiertes-aluminium","status":"publish","type":"product","link":"https:\/\/www.atech-sas.com\/de\/produkt\/sichtschutz-wand-lackiertes-aluminium\/","title":{"rendered":"Sichtschutz (Wand) &#8211; Lackiertes Aluminium"},"content":{"rendered":"<p>Sichtschutz (Wand) &#8211; Lackiertes Aluminium<br \/>\nMaterial &amp; Ausf\u00fchrung :<br \/>\nAus pulverbeschichtetem Aluminium St. 3 mm in RAL- oder AkzoNobel-Farben nach Wahl.<br \/>\nSohle 50 mm<br \/>\nBefestigung :<br \/>\nZum Spachteln auf dem Boden, Struktur mit 8 L\u00f6chern \u00d8 12 mm versehen.<\/p>\n<p><a href=\"https:\/\/www.atech-sas.com\/de\/materialien-techniken\/\">Andere Materialien und Ausf\u00fchrungen sind m\u00f6glich.<\/a><\/p>\n<p><span style=\"color: #000000;\">\u00a0<\/span><\/p>\n","protected":false},"excerpt":{"rendered":"<p>Mit ihren Bodenbefestigungen sind Sichtschutzw\u00e4nde und ihre vielf\u00e4ltigen Funktionen die idealen L\u00f6sungen, um einen Raum auf innovative Weise zu gestalten.<\/p>\n","protected":false},"featured_media":74957,"comment_status":"open","ping_status":"closed","template":"","meta":{"_relevanssi_hide_post":"","_relevanssi_hide_content":"","_relevanssi_pin_for_all":"","_relevanssi_pin_keywords":"","_relevanssi_unpin_keywords":"","_relevanssi_related_keywords":"","_relevanssi_related_include_ids":"","_relevanssi_related_exclude_ids":"","_relevanssi_related_no_append":"","_relevanssi_related_not_related":"","_relevanssi_related_posts":"","_relevanssi_noindex_reason":"WooCommerce Yoast SEO Relevanssi Index ausgeschlossen"},"product_brand":[],"product_cat":[2359,3023],"product_tag":[],"class_list":{"0":"post-74927","1":"product","2":"type-product","3":"status-publish","4":"has-post-thumbnail","6":"product_cat-aluminium","7":"product_cat-sichtschutz","8":"pa_couleur-nicht-definiert","9":"pa_couleur-personalisiert","10":"pa_dimensions-2500-mm-x-150-mm-x-h-1250-mm-de","11":"pa_dimensions-2500-mm-x-150-mm-x-h-750-mm-de","12":"pa_dimensions-980-mm-x-150-mm-x-h-1250-mm-de","13":"pa_dimensions-980-mm-x-150-mm-x-h-750-mm-de","14":"pa_filtre-forme-linear-de","15":"pa_filtre-hauteur-1250-de","16":"pa_filtre-hauteur-750-de","17":"pa_filtre-matiere-aluminium-de","18":"pa_finition-lackiert","19":"pa_matiere-aluminium-de","21":"first","22":"instock","23":"taxable","24":"shipping-taxable","25":"purchasable","26":"product-type-variable","27":"has-default-attributes"},"yoast_head":"<!-- This site is optimized with the Yoast SEO plugin v27.3 - https:\/\/yoast.com\/product\/yoast-seo-wordpress\/ -->\n<title>Sichtschutz (Wand) - Lackiertes Aluminium - ATECH<\/title>\n<meta name=\"description\" content=\"Gestalten Sie einen Au\u00dfenbereich elegant mit unseren Sichtschutzw\u00e4nden aus lackiertem Aluminium. Diese metallischen Designw\u00e4nde unterteilen und verwandeln R\u00e4ume\" \/>\n<meta name=\"robots\" content=\"index, nofollow, max-snippet:-1, max-image-preview:large, max-video-preview:-1\" \/>\n<link rel=\"canonical\" href=\"https:\/\/www.atech-sas.com\/de\/produkt\/sichtschutz-wand-lackiertes-aluminium\/\" \/>\n<meta property=\"og:locale\" content=\"de_DE\" \/>\n<meta property=\"og:type\" content=\"article\" \/>\n<meta property=\"og:title\" content=\"Sichtschutz (Wand) - Lackiertes Aluminium - ATECH\" \/>\n<meta property=\"og:description\" content=\"Gestalten Sie einen Au\u00dfenbereich elegant mit unseren Sichtschutzw\u00e4nden aus lackiertem Aluminium. Diese metallischen Designw\u00e4nde unterteilen und verwandeln R\u00e4ume\" \/>\n<meta property=\"og:url\" content=\"https:\/\/www.atech-sas.com\/de\/produkt\/sichtschutz-wand-lackiertes-aluminium\/\" \/>\n<meta property=\"og:site_name\" content=\"ATECH\" \/>\n<meta property=\"article:publisher\" content=\"https:\/\/www.facebook.com\/atechsasfr\" \/>\n<meta property=\"article:modified_time\" content=\"2023-10-31T07:17:04+00:00\" \/>\n<meta property=\"og:image\" content=\"https:\/\/www.atech-sas.com\/wp-content\/uploads\/2023\/09\/ATECH-Brise-Vue-Aluminium-Peint.jpg\" \/>\n\t<meta property=\"og:image:width\" content=\"800\" \/>\n\t<meta property=\"og:image:height\" content=\"800\" \/>\n\t<meta property=\"og:image:type\" content=\"image\/jpeg\" \/>\n<meta name=\"twitter:card\" content=\"summary_large_image\" \/>\n<script type=\"application\/ld+json\" class=\"yoast-schema-graph\">{\"@context\":\"https:\\\/\\\/schema.org\",\"@graph\":[{\"@type\":\"WebPage\",\"@id\":\"https:\\\/\\\/www.atech-sas.com\\\/de\\\/produkt\\\/sichtschutz-wand-lackiertes-aluminium\\\/\",\"url\":\"https:\\\/\\\/www.atech-sas.com\\\/de\\\/produkt\\\/sichtschutz-wand-lackiertes-aluminium\\\/\",\"name\":\"Sichtschutz (Wand) - Lackiertes Aluminium - ATECH\",\"isPartOf\":{\"@id\":\"https:\\\/\\\/www.atech-sas.com\\\/de\\\/#website\"},\"primaryImageOfPage\":{\"@id\":\"https:\\\/\\\/www.atech-sas.com\\\/de\\\/produkt\\\/sichtschutz-wand-lackiertes-aluminium\\\/#primaryimage\"},\"image\":{\"@id\":\"https:\\\/\\\/www.atech-sas.com\\\/de\\\/produkt\\\/sichtschutz-wand-lackiertes-aluminium\\\/#primaryimage\"},\"thumbnailUrl\":\"https:\\\/\\\/www.atech-sas.com\\\/wp-content\\\/uploads\\\/2023\\\/09\\\/ATECH-Brise-Vue-Aluminium-Peint.jpg\",\"datePublished\":\"2023-09-13T12:51:10+00:00\",\"dateModified\":\"2023-10-31T07:17:04+00:00\",\"description\":\"Gestalten Sie einen Au\u00dfenbereich elegant mit unseren Sichtschutzw\u00e4nden aus lackiertem Aluminium. Diese metallischen Designw\u00e4nde unterteilen und verwandeln R\u00e4ume\",\"breadcrumb\":{\"@id\":\"https:\\\/\\\/www.atech-sas.com\\\/de\\\/produkt\\\/sichtschutz-wand-lackiertes-aluminium\\\/#breadcrumb\"},\"inLanguage\":\"de\",\"potentialAction\":[{\"@type\":\"ReadAction\",\"target\":[\"https:\\\/\\\/www.atech-sas.com\\\/de\\\/produkt\\\/sichtschutz-wand-lackiertes-aluminium\\\/\"]}]},{\"@type\":\"ImageObject\",\"inLanguage\":\"de\",\"@id\":\"https:\\\/\\\/www.atech-sas.com\\\/de\\\/produkt\\\/sichtschutz-wand-lackiertes-aluminium\\\/#primaryimage\",\"url\":\"https:\\\/\\\/www.atech-sas.com\\\/wp-content\\\/uploads\\\/2023\\\/09\\\/ATECH-Brise-Vue-Aluminium-Peint.jpg\",\"contentUrl\":\"https:\\\/\\\/www.atech-sas.com\\\/wp-content\\\/uploads\\\/2023\\\/09\\\/ATECH-Brise-Vue-Aluminium-Peint.jpg\",\"width\":800,\"height\":800},{\"@type\":\"BreadcrumbList\",\"@id\":\"https:\\\/\\\/www.atech-sas.com\\\/de\\\/produkt\\\/sichtschutz-wand-lackiertes-aluminium\\\/#breadcrumb\",\"itemListElement\":[{\"@type\":\"ListItem\",\"position\":1,\"name\":\"Startseite\",\"item\":\"https:\\\/\\\/www.atech-sas.com\\\/de\\\/\"},{\"@type\":\"ListItem\",\"position\":2,\"name\":\"Produkte\",\"item\":\"https:\\\/\\\/www.atech-sas.com\\\/de\\\/produkte\\\/\"},{\"@type\":\"ListItem\",\"position\":3,\"name\":\"Landschaftsausstattung\",\"item\":\"https:\\\/\\\/www.atech-sas.com\\\/de\\\/produktkategorie\\\/landschaftsausstattung\\\/\"},{\"@type\":\"ListItem\",\"position\":4,\"name\":\"Sichtschutz\",\"item\":\"https:\\\/\\\/www.atech-sas.com\\\/de\\\/produktkategorie\\\/landschaftsausstattung\\\/sichtschutz\\\/\"},{\"@type\":\"ListItem\",\"position\":5,\"name\":\"Sichtschutz (Wand) &#8211; Lackiertes Aluminium\"}]},{\"@type\":\"WebSite\",\"@id\":\"https:\\\/\\\/www.atech-sas.com\\\/de\\\/#website\",\"url\":\"https:\\\/\\\/www.atech-sas.com\\\/de\\\/\",\"name\":\"Atech-sas\",\"description\":\"Mobilier urbain\",\"publisher\":{\"@id\":\"https:\\\/\\\/www.atech-sas.com\\\/de\\\/#organization\"},\"potentialAction\":[{\"@type\":\"SearchAction\",\"target\":{\"@type\":\"EntryPoint\",\"urlTemplate\":\"https:\\\/\\\/www.atech-sas.com\\\/de\\\/?s={search_term_string}\"},\"query-input\":{\"@type\":\"PropertyValueSpecification\",\"valueRequired\":true,\"valueName\":\"search_term_string\"}}],\"inLanguage\":\"de\"},{\"@type\":\"Organization\",\"@id\":\"https:\\\/\\\/www.atech-sas.com\\\/de\\\/#organization\",\"name\":\"Atech-sas\",\"url\":\"https:\\\/\\\/www.atech-sas.com\\\/de\\\/\",\"logo\":{\"@type\":\"ImageObject\",\"inLanguage\":\"de\",\"@id\":\"https:\\\/\\\/www.atech-sas.com\\\/de\\\/#\\\/schema\\\/logo\\\/image\\\/\",\"url\":\"https:\\\/\\\/www.atech-sas.com\\\/wp-content\\\/uploads\\\/2021\\\/01\\\/ATECH_logo.svg\",\"contentUrl\":\"https:\\\/\\\/www.atech-sas.com\\\/wp-content\\\/uploads\\\/2021\\\/01\\\/ATECH_logo.svg\",\"width\":640,\"height\":217,\"caption\":\"Atech-sas\"},\"image\":{\"@id\":\"https:\\\/\\\/www.atech-sas.com\\\/de\\\/#\\\/schema\\\/logo\\\/image\\\/\"},\"sameAs\":[\"https:\\\/\\\/www.facebook.com\\\/atechsasfr\",\"https:\\\/\\\/www.instagram.com\\\/atech_sas\\\/\",\"https:\\\/\\\/www.youtube.com\\\/c\\\/Atech-saFr\\\/videos\",\"https:\\\/\\\/www.linkedin.com\\\/company\\\/atech-groupe-girod\\\/\"]}]}<\/script>\n<!-- \/ Yoast SEO plugin. -->","yoast_head_json":{"title":"Sichtschutz (Wand) - Lackiertes Aluminium - ATECH","description":"Gestalten Sie einen Au\u00dfenbereich elegant mit unseren Sichtschutzw\u00e4nden aus lackiertem Aluminium. Diese metallischen Designw\u00e4nde unterteilen und verwandeln R\u00e4ume","robots":{"index":"index","follow":"nofollow","max-snippet":"max-snippet:-1","max-image-preview":"max-image-preview:large","max-video-preview":"max-video-preview:-1"},"canonical":"https:\/\/www.atech-sas.com\/de\/produkt\/sichtschutz-wand-lackiertes-aluminium\/","og_locale":"de_DE","og_type":"article","og_title":"Sichtschutz (Wand) - Lackiertes Aluminium - ATECH","og_description":"Gestalten Sie einen Au\u00dfenbereich elegant mit unseren Sichtschutzw\u00e4nden aus lackiertem Aluminium. Diese metallischen Designw\u00e4nde unterteilen und verwandeln R\u00e4ume","og_url":"https:\/\/www.atech-sas.com\/de\/produkt\/sichtschutz-wand-lackiertes-aluminium\/","og_site_name":"ATECH","article_publisher":"https:\/\/www.facebook.com\/atechsasfr","article_modified_time":"2023-10-31T07:17:04+00:00","og_image":[{"width":800,"height":800,"url":"https:\/\/www.atech-sas.com\/wp-content\/uploads\/2023\/09\/ATECH-Brise-Vue-Aluminium-Peint.jpg","type":"image\/jpeg"}],"twitter_card":"summary_large_image","schema":{"@context":"https:\/\/schema.org","@graph":[{"@type":"WebPage","@id":"https:\/\/www.atech-sas.com\/de\/produkt\/sichtschutz-wand-lackiertes-aluminium\/","url":"https:\/\/www.atech-sas.com\/de\/produkt\/sichtschutz-wand-lackiertes-aluminium\/","name":"Sichtschutz (Wand) - Lackiertes Aluminium - ATECH","isPartOf":{"@id":"https:\/\/www.atech-sas.com\/de\/#website"},"primaryImageOfPage":{"@id":"https:\/\/www.atech-sas.com\/de\/produkt\/sichtschutz-wand-lackiertes-aluminium\/#primaryimage"},"image":{"@id":"https:\/\/www.atech-sas.com\/de\/produkt\/sichtschutz-wand-lackiertes-aluminium\/#primaryimage"},"thumbnailUrl":"https:\/\/www.atech-sas.com\/wp-content\/uploads\/2023\/09\/ATECH-Brise-Vue-Aluminium-Peint.jpg","datePublished":"2023-09-13T12:51:10+00:00","dateModified":"2023-10-31T07:17:04+00:00","description":"Gestalten Sie einen Au\u00dfenbereich elegant mit unseren Sichtschutzw\u00e4nden aus lackiertem Aluminium. Diese metallischen Designw\u00e4nde unterteilen und verwandeln R\u00e4ume","breadcrumb":{"@id":"https:\/\/www.atech-sas.com\/de\/produkt\/sichtschutz-wand-lackiertes-aluminium\/#breadcrumb"},"inLanguage":"de","potentialAction":[{"@type":"ReadAction","target":["https:\/\/www.atech-sas.com\/de\/produkt\/sichtschutz-wand-lackiertes-aluminium\/"]}]},{"@type":"ImageObject","inLanguage":"de","@id":"https:\/\/www.atech-sas.com\/de\/produkt\/sichtschutz-wand-lackiertes-aluminium\/#primaryimage","url":"https:\/\/www.atech-sas.com\/wp-content\/uploads\/2023\/09\/ATECH-Brise-Vue-Aluminium-Peint.jpg","contentUrl":"https:\/\/www.atech-sas.com\/wp-content\/uploads\/2023\/09\/ATECH-Brise-Vue-Aluminium-Peint.jpg","width":800,"height":800},{"@type":"BreadcrumbList","@id":"https:\/\/www.atech-sas.com\/de\/produkt\/sichtschutz-wand-lackiertes-aluminium\/#breadcrumb","itemListElement":[{"@type":"ListItem","position":1,"name":"Startseite","item":"https:\/\/www.atech-sas.com\/de\/"},{"@type":"ListItem","position":2,"name":"Produkte","item":"https:\/\/www.atech-sas.com\/de\/produkte\/"},{"@type":"ListItem","position":3,"name":"Landschaftsausstattung","item":"https:\/\/www.atech-sas.com\/de\/produktkategorie\/landschaftsausstattung\/"},{"@type":"ListItem","position":4,"name":"Sichtschutz","item":"https:\/\/www.atech-sas.com\/de\/produktkategorie\/landschaftsausstattung\/sichtschutz\/"},{"@type":"ListItem","position":5,"name":"Sichtschutz (Wand) &#8211; Lackiertes Aluminium"}]},{"@type":"WebSite","@id":"https:\/\/www.atech-sas.com\/de\/#website","url":"https:\/\/www.atech-sas.com\/de\/","name":"Atech-sas","description":"Mobilier urbain","publisher":{"@id":"https:\/\/www.atech-sas.com\/de\/#organization"},"potentialAction":[{"@type":"SearchAction","target":{"@type":"EntryPoint","urlTemplate":"https:\/\/www.atech-sas.com\/de\/?s={search_term_string}"},"query-input":{"@type":"PropertyValueSpecification","valueRequired":true,"valueName":"search_term_string"}}],"inLanguage":"de"},{"@type":"Organization","@id":"https:\/\/www.atech-sas.com\/de\/#organization","name":"Atech-sas","url":"https:\/\/www.atech-sas.com\/de\/","logo":{"@type":"ImageObject","inLanguage":"de","@id":"https:\/\/www.atech-sas.com\/de\/#\/schema\/logo\/image\/","url":"https:\/\/www.atech-sas.com\/wp-content\/uploads\/2021\/01\/ATECH_logo.svg","contentUrl":"https:\/\/www.atech-sas.com\/wp-content\/uploads\/2021\/01\/ATECH_logo.svg","width":640,"height":217,"caption":"Atech-sas"},"image":{"@id":"https:\/\/www.atech-sas.com\/de\/#\/schema\/logo\/image\/"},"sameAs":["https:\/\/www.facebook.com\/atechsasfr","https:\/\/www.instagram.com\/atech_sas\/","https:\/\/www.youtube.com\/c\/Atech-saFr\/videos","https:\/\/www.linkedin.com\/company\/atech-groupe-girod\/"]}]}},"_links":{"self":[{"href":"https:\/\/www.atech-sas.com\/de\/wp-json\/wp\/v2\/product\/74927","targetHints":{"allow":["GET"]}}],"collection":[{"href":"https:\/\/www.atech-sas.com\/de\/wp-json\/wp\/v2\/product"}],"about":[{"href":"https:\/\/www.atech-sas.com\/de\/wp-json\/wp\/v2\/types\/product"}],"replies":[{"embeddable":true,"href":"https:\/\/www.atech-sas.com\/de\/wp-json\/wp\/v2\/comments?post=74927"}],"wp:featuredmedia":[{"embeddable":true,"href":"https:\/\/www.atech-sas.com\/de\/wp-json\/wp\/v2\/media\/74957"}],"wp:attachment":[{"href":"https:\/\/www.atech-sas.com\/de\/wp-json\/wp\/v2\/media?parent=74927"}],"wp:term":[{"taxonomy":"product_brand","embeddable":true,"href":"https:\/\/www.atech-sas.com\/de\/wp-json\/wp\/v2\/product_brand?post=74927"},{"taxonomy":"product_cat","embeddable":true,"href":"https:\/\/www.atech-sas.com\/de\/wp-json\/wp\/v2\/product_cat?post=74927"},{"taxonomy":"product_tag","embeddable":true,"href":"https:\/\/www.atech-sas.com\/de\/wp-json\/wp\/v2\/product_tag?post=74927"}],"curies":[{"name":"wp","href":"https:\/\/api.w.org\/{rel}","templated":true}]}}