{"id":74329,"date":"2023-09-07T16:36:44","date_gmt":"2023-09-07T14:36:44","guid":{"rendered":"https:\/\/www.atech-sas.com\/?post_type=product&#038;p=74329"},"modified":"2023-12-14T10:31:39","modified_gmt":"2023-12-14T09:31:39","slug":"wanne-mit-quadratischem-verschweisstem-boden","status":"publish","type":"product","link":"https:\/\/www.atech-sas.com\/de\/produkt\/wanne-mit-quadratischem-verschweisstem-boden\/","title":{"rendered":"Beh\u00e4lter mit quadratischem, verschwei\u00dftem Boden"},"content":{"rendered":"<p>Beh\u00e4lter mit quadratischem, verschwei\u00dftem Boden<br \/>\nMaterial &amp; Ausf\u00fchrung :<br \/>\nAus Aluminium St. 3 mm, pulverbeschichtet in einer RAL- oder AkzoNobel-Farbe nach Wahl.<br \/>\nAus Corten St. 3 mm roh oder sandgestrahlt und aktiviert.<br \/>\nObere R\u00fcckwand 35 x 20 mm<br \/>\nBefestigung:<br \/>\nZum Aufstellen<\/p>\n<p><a href=\"https:\/\/www.atech-sas.com\/de\/materialien-techniken\/\">Weitere m\u00f6gliche Materialien und Ausf\u00fchrungen zum Entdecken<\/a><\/p>\n","protected":false},"excerpt":{"rendered":"<p>Unsere geschwei\u00dften und wasserdichten quadratischen Beh\u00e4lter werden in vielen verschiedenen Ausf\u00fchrungen angeboten. Sie sind in verschiedenen Gr\u00f6\u00dfen und Zusammensetzungen f\u00fcr designorientierte und langlebige Einrichtungen erh\u00e4ltlich.<\/p>\n","protected":false},"featured_media":74889,"comment_status":"open","ping_status":"closed","template":"","meta":{"_relevanssi_hide_post":"on","_relevanssi_hide_content":"","_relevanssi_pin_for_all":"","_relevanssi_pin_keywords":"","_relevanssi_unpin_keywords":"","_relevanssi_related_keywords":"","_relevanssi_related_include_ids":"","_relevanssi_related_exclude_ids":"","_relevanssi_related_no_append":"","_relevanssi_related_not_related":"","_relevanssi_related_posts":"","_relevanssi_noindex_reason":"WooCommerce Yoast SEO Relevanssi Index ausgeschlossen"},"product_brand":[],"product_cat":[2359,3021],"product_tag":[],"class_list":{"0":"post-74329","1":"product","2":"type-product","3":"status-publish","4":"has-post-thumbnail","6":"product_cat-aluminium","7":"product_cat-garten-pflanzenkubel","8":"pa_couleur-nicht-definiert","9":"pa_couleur-personalisiert","10":"pa_dimensions-1000-mm-x-1000-mm-7-de","11":"pa_dimensions-500-mm-x-500-mm-de","12":"pa_dimensions-750-mm-x-750-mm-de","13":"pa_filtre-forme-linear-de","14":"pa_filtre-hauteur-1000-de","15":"pa_filtre-hauteur-500-de","16":"pa_filtre-hauteur-700-de","17":"pa_filtre-matiere-aluminium-de","18":"pa_filtre-matiere-cortenstahl","19":"pa_finition-aktiviert","20":"pa_finition-lackiert","21":"pa_finition-nicht-definiert","22":"pa_finition-unbehandeltet","23":"pa_hauteur-1000-mm-de","24":"pa_hauteur-500-mm-de","25":"pa_hauteur-700-mm-de","26":"pa_matiere-aluminium-de","27":"pa_matiere-cortenstahl","28":"pa_matiere-nicht-definiert","30":"first","31":"instock","32":"taxable","33":"shipping-taxable","34":"purchasable","35":"product-type-variable","36":"has-default-attributes"},"yoast_head":"<!-- This site is optimized with the Yoast SEO plugin v27.3 - https:\/\/yoast.com\/product\/yoast-seo-wordpress\/ -->\n<title>Beh\u00e4lter mit quadratischem, verschwei\u00dftem Boden - ATECH<\/title>\n<meta name=\"description\" content=\"Unsere in Frankreich hergestellten Beh\u00e4lter mit geschwei\u00dftem Boden und quadratischer Abdichtung sind in verschiedenen Materialien erh\u00e4ltlich. Sie sind einfach zu installieren und passen sich allen Bodenarten an.\" \/>\n<meta name=\"robots\" content=\"noindex, follow\" \/>\n<meta property=\"og:locale\" content=\"de_DE\" \/>\n<meta property=\"og:type\" content=\"article\" \/>\n<meta property=\"og:title\" content=\"Beh\u00e4lter mit quadratischem, verschwei\u00dftem Boden - ATECH\" \/>\n<meta property=\"og:description\" content=\"Unsere in Frankreich hergestellten Beh\u00e4lter mit geschwei\u00dftem Boden und quadratischer Abdichtung sind in verschiedenen Materialien erh\u00e4ltlich. Sie sind einfach zu installieren und passen sich allen Bodenarten an.\" \/>\n<meta property=\"og:url\" content=\"https:\/\/www.atech-sas.com\/de\/produkt\/wanne-mit-quadratischem-verschweisstem-boden\/\" \/>\n<meta property=\"og:site_name\" content=\"ATECH\" \/>\n<meta property=\"article:publisher\" content=\"https:\/\/www.facebook.com\/atechsasfr\" \/>\n<meta property=\"article:modified_time\" content=\"2023-12-14T09:31:39+00:00\" \/>\n<meta property=\"og:image\" content=\"https:\/\/www.atech-sas.com\/wp-content\/uploads\/2023\/09\/ATECH-Bac-Carre-Amuminium-Peint-1000x1000h730-2.png\" \/>\n\t<meta property=\"og:image:width\" content=\"1080\" \/>\n\t<meta property=\"og:image:height\" content=\"1080\" \/>\n\t<meta property=\"og:image:type\" content=\"image\/png\" \/>\n<meta name=\"twitter:card\" content=\"summary_large_image\" \/>\n<script type=\"application\/ld+json\" class=\"yoast-schema-graph\">{\"@context\":\"https:\\\/\\\/schema.org\",\"@graph\":[{\"@type\":\"WebPage\",\"@id\":\"https:\\\/\\\/www.atech-sas.com\\\/de\\\/produkt\\\/wanne-mit-quadratischem-verschweisstem-boden\\\/\",\"url\":\"https:\\\/\\\/www.atech-sas.com\\\/de\\\/produkt\\\/wanne-mit-quadratischem-verschweisstem-boden\\\/\",\"name\":\"Beh\u00e4lter mit quadratischem, verschwei\u00dftem Boden - ATECH\",\"isPartOf\":{\"@id\":\"https:\\\/\\\/www.atech-sas.com\\\/de\\\/#website\"},\"primaryImageOfPage\":{\"@id\":\"https:\\\/\\\/www.atech-sas.com\\\/de\\\/produkt\\\/wanne-mit-quadratischem-verschweisstem-boden\\\/#primaryimage\"},\"image\":{\"@id\":\"https:\\\/\\\/www.atech-sas.com\\\/de\\\/produkt\\\/wanne-mit-quadratischem-verschweisstem-boden\\\/#primaryimage\"},\"thumbnailUrl\":\"https:\\\/\\\/www.atech-sas.com\\\/wp-content\\\/uploads\\\/2023\\\/09\\\/ATECH-Bac-Carre-Amuminium-Peint-1000x1000h730-2.png\",\"datePublished\":\"2023-09-07T14:36:44+00:00\",\"dateModified\":\"2023-12-14T09:31:39+00:00\",\"description\":\"Unsere in Frankreich hergestellten Beh\u00e4lter mit geschwei\u00dftem Boden und quadratischer Abdichtung sind in verschiedenen Materialien erh\u00e4ltlich. Sie sind einfach zu installieren und passen sich allen Bodenarten an.\",\"breadcrumb\":{\"@id\":\"https:\\\/\\\/www.atech-sas.com\\\/de\\\/produkt\\\/wanne-mit-quadratischem-verschweisstem-boden\\\/#breadcrumb\"},\"inLanguage\":\"de\",\"potentialAction\":[{\"@type\":\"ReadAction\",\"target\":[\"https:\\\/\\\/www.atech-sas.com\\\/de\\\/produkt\\\/wanne-mit-quadratischem-verschweisstem-boden\\\/\"]}]},{\"@type\":\"ImageObject\",\"inLanguage\":\"de\",\"@id\":\"https:\\\/\\\/www.atech-sas.com\\\/de\\\/produkt\\\/wanne-mit-quadratischem-verschweisstem-boden\\\/#primaryimage\",\"url\":\"https:\\\/\\\/www.atech-sas.com\\\/wp-content\\\/uploads\\\/2023\\\/09\\\/ATECH-Bac-Carre-Amuminium-Peint-1000x1000h730-2.png\",\"contentUrl\":\"https:\\\/\\\/www.atech-sas.com\\\/wp-content\\\/uploads\\\/2023\\\/09\\\/ATECH-Bac-Carre-Amuminium-Peint-1000x1000h730-2.png\",\"width\":1080,\"height\":1080,\"caption\":\"ATECH - Quadratische Beh\u00e4lter - Bemaltes Aluminium - 1000x1000h730-2\"},{\"@type\":\"BreadcrumbList\",\"@id\":\"https:\\\/\\\/www.atech-sas.com\\\/de\\\/produkt\\\/wanne-mit-quadratischem-verschweisstem-boden\\\/#breadcrumb\",\"itemListElement\":[{\"@type\":\"ListItem\",\"position\":1,\"name\":\"Startseite\",\"item\":\"https:\\\/\\\/www.atech-sas.com\\\/de\\\/\"},{\"@type\":\"ListItem\",\"position\":2,\"name\":\"Produkte\",\"item\":\"https:\\\/\\\/www.atech-sas.com\\\/de\\\/produkte\\\/\"},{\"@type\":\"ListItem\",\"position\":3,\"name\":\"Landschaftsausstattung\",\"item\":\"https:\\\/\\\/www.atech-sas.com\\\/de\\\/produktkategorie\\\/landschaftsausstattung\\\/\"},{\"@type\":\"ListItem\",\"position\":4,\"name\":\"Garten Pflanzenk\u00fcbel\",\"item\":\"https:\\\/\\\/www.atech-sas.com\\\/de\\\/produktkategorie\\\/landschaftsausstattung\\\/garten-pflanzenkubel\\\/\"},{\"@type\":\"ListItem\",\"position\":5,\"name\":\"Beh\u00e4lter mit quadratischem, verschwei\u00dftem Boden\"}]},{\"@type\":\"WebSite\",\"@id\":\"https:\\\/\\\/www.atech-sas.com\\\/de\\\/#website\",\"url\":\"https:\\\/\\\/www.atech-sas.com\\\/de\\\/\",\"name\":\"Atech-sas\",\"description\":\"Mobilier urbain\",\"publisher\":{\"@id\":\"https:\\\/\\\/www.atech-sas.com\\\/de\\\/#organization\"},\"potentialAction\":[{\"@type\":\"SearchAction\",\"target\":{\"@type\":\"EntryPoint\",\"urlTemplate\":\"https:\\\/\\\/www.atech-sas.com\\\/de\\\/?s={search_term_string}\"},\"query-input\":{\"@type\":\"PropertyValueSpecification\",\"valueRequired\":true,\"valueName\":\"search_term_string\"}}],\"inLanguage\":\"de\"},{\"@type\":\"Organization\",\"@id\":\"https:\\\/\\\/www.atech-sas.com\\\/de\\\/#organization\",\"name\":\"Atech-sas\",\"url\":\"https:\\\/\\\/www.atech-sas.com\\\/de\\\/\",\"logo\":{\"@type\":\"ImageObject\",\"inLanguage\":\"de\",\"@id\":\"https:\\\/\\\/www.atech-sas.com\\\/de\\\/#\\\/schema\\\/logo\\\/image\\\/\",\"url\":\"https:\\\/\\\/www.atech-sas.com\\\/wp-content\\\/uploads\\\/2021\\\/01\\\/ATECH_logo.svg\",\"contentUrl\":\"https:\\\/\\\/www.atech-sas.com\\\/wp-content\\\/uploads\\\/2021\\\/01\\\/ATECH_logo.svg\",\"width\":640,\"height\":217,\"caption\":\"Atech-sas\"},\"image\":{\"@id\":\"https:\\\/\\\/www.atech-sas.com\\\/de\\\/#\\\/schema\\\/logo\\\/image\\\/\"},\"sameAs\":[\"https:\\\/\\\/www.facebook.com\\\/atechsasfr\",\"https:\\\/\\\/www.instagram.com\\\/atech_sas\\\/\",\"https:\\\/\\\/www.youtube.com\\\/c\\\/Atech-saFr\\\/videos\",\"https:\\\/\\\/www.linkedin.com\\\/company\\\/atech-groupe-girod\\\/\"]}]}<\/script>\n<!-- \/ Yoast SEO plugin. -->","yoast_head_json":{"title":"Beh\u00e4lter mit quadratischem, verschwei\u00dftem Boden - ATECH","description":"Unsere in Frankreich hergestellten Beh\u00e4lter mit geschwei\u00dftem Boden und quadratischer Abdichtung sind in verschiedenen Materialien erh\u00e4ltlich. Sie sind einfach zu installieren und passen sich allen Bodenarten an.","robots":{"index":"noindex","follow":"follow"},"og_locale":"de_DE","og_type":"article","og_title":"Beh\u00e4lter mit quadratischem, verschwei\u00dftem Boden - ATECH","og_description":"Unsere in Frankreich hergestellten Beh\u00e4lter mit geschwei\u00dftem Boden und quadratischer Abdichtung sind in verschiedenen Materialien erh\u00e4ltlich. Sie sind einfach zu installieren und passen sich allen Bodenarten an.","og_url":"https:\/\/www.atech-sas.com\/de\/produkt\/wanne-mit-quadratischem-verschweisstem-boden\/","og_site_name":"ATECH","article_publisher":"https:\/\/www.facebook.com\/atechsasfr","article_modified_time":"2023-12-14T09:31:39+00:00","og_image":[{"width":1080,"height":1080,"url":"https:\/\/www.atech-sas.com\/wp-content\/uploads\/2023\/09\/ATECH-Bac-Carre-Amuminium-Peint-1000x1000h730-2.png","type":"image\/png"}],"twitter_card":"summary_large_image","schema":{"@context":"https:\/\/schema.org","@graph":[{"@type":"WebPage","@id":"https:\/\/www.atech-sas.com\/de\/produkt\/wanne-mit-quadratischem-verschweisstem-boden\/","url":"https:\/\/www.atech-sas.com\/de\/produkt\/wanne-mit-quadratischem-verschweisstem-boden\/","name":"Beh\u00e4lter mit quadratischem, verschwei\u00dftem Boden - ATECH","isPartOf":{"@id":"https:\/\/www.atech-sas.com\/de\/#website"},"primaryImageOfPage":{"@id":"https:\/\/www.atech-sas.com\/de\/produkt\/wanne-mit-quadratischem-verschweisstem-boden\/#primaryimage"},"image":{"@id":"https:\/\/www.atech-sas.com\/de\/produkt\/wanne-mit-quadratischem-verschweisstem-boden\/#primaryimage"},"thumbnailUrl":"https:\/\/www.atech-sas.com\/wp-content\/uploads\/2023\/09\/ATECH-Bac-Carre-Amuminium-Peint-1000x1000h730-2.png","datePublished":"2023-09-07T14:36:44+00:00","dateModified":"2023-12-14T09:31:39+00:00","description":"Unsere in Frankreich hergestellten Beh\u00e4lter mit geschwei\u00dftem Boden und quadratischer Abdichtung sind in verschiedenen Materialien erh\u00e4ltlich. Sie sind einfach zu installieren und passen sich allen Bodenarten an.","breadcrumb":{"@id":"https:\/\/www.atech-sas.com\/de\/produkt\/wanne-mit-quadratischem-verschweisstem-boden\/#breadcrumb"},"inLanguage":"de","potentialAction":[{"@type":"ReadAction","target":["https:\/\/www.atech-sas.com\/de\/produkt\/wanne-mit-quadratischem-verschweisstem-boden\/"]}]},{"@type":"ImageObject","inLanguage":"de","@id":"https:\/\/www.atech-sas.com\/de\/produkt\/wanne-mit-quadratischem-verschweisstem-boden\/#primaryimage","url":"https:\/\/www.atech-sas.com\/wp-content\/uploads\/2023\/09\/ATECH-Bac-Carre-Amuminium-Peint-1000x1000h730-2.png","contentUrl":"https:\/\/www.atech-sas.com\/wp-content\/uploads\/2023\/09\/ATECH-Bac-Carre-Amuminium-Peint-1000x1000h730-2.png","width":1080,"height":1080,"caption":"ATECH - Quadratische Beh\u00e4lter - Bemaltes Aluminium - 1000x1000h730-2"},{"@type":"BreadcrumbList","@id":"https:\/\/www.atech-sas.com\/de\/produkt\/wanne-mit-quadratischem-verschweisstem-boden\/#breadcrumb","itemListElement":[{"@type":"ListItem","position":1,"name":"Startseite","item":"https:\/\/www.atech-sas.com\/de\/"},{"@type":"ListItem","position":2,"name":"Produkte","item":"https:\/\/www.atech-sas.com\/de\/produkte\/"},{"@type":"ListItem","position":3,"name":"Landschaftsausstattung","item":"https:\/\/www.atech-sas.com\/de\/produktkategorie\/landschaftsausstattung\/"},{"@type":"ListItem","position":4,"name":"Garten Pflanzenk\u00fcbel","item":"https:\/\/www.atech-sas.com\/de\/produktkategorie\/landschaftsausstattung\/garten-pflanzenkubel\/"},{"@type":"ListItem","position":5,"name":"Beh\u00e4lter mit quadratischem, verschwei\u00dftem Boden"}]},{"@type":"WebSite","@id":"https:\/\/www.atech-sas.com\/de\/#website","url":"https:\/\/www.atech-sas.com\/de\/","name":"Atech-sas","description":"Mobilier urbain","publisher":{"@id":"https:\/\/www.atech-sas.com\/de\/#organization"},"potentialAction":[{"@type":"SearchAction","target":{"@type":"EntryPoint","urlTemplate":"https:\/\/www.atech-sas.com\/de\/?s={search_term_string}"},"query-input":{"@type":"PropertyValueSpecification","valueRequired":true,"valueName":"search_term_string"}}],"inLanguage":"de"},{"@type":"Organization","@id":"https:\/\/www.atech-sas.com\/de\/#organization","name":"Atech-sas","url":"https:\/\/www.atech-sas.com\/de\/","logo":{"@type":"ImageObject","inLanguage":"de","@id":"https:\/\/www.atech-sas.com\/de\/#\/schema\/logo\/image\/","url":"https:\/\/www.atech-sas.com\/wp-content\/uploads\/2021\/01\/ATECH_logo.svg","contentUrl":"https:\/\/www.atech-sas.com\/wp-content\/uploads\/2021\/01\/ATECH_logo.svg","width":640,"height":217,"caption":"Atech-sas"},"image":{"@id":"https:\/\/www.atech-sas.com\/de\/#\/schema\/logo\/image\/"},"sameAs":["https:\/\/www.facebook.com\/atechsasfr","https:\/\/www.instagram.com\/atech_sas\/","https:\/\/www.youtube.com\/c\/Atech-saFr\/videos","https:\/\/www.linkedin.com\/company\/atech-groupe-girod\/"]}]}},"_links":{"self":[{"href":"https:\/\/www.atech-sas.com\/de\/wp-json\/wp\/v2\/product\/74329","targetHints":{"allow":["GET"]}}],"collection":[{"href":"https:\/\/www.atech-sas.com\/de\/wp-json\/wp\/v2\/product"}],"about":[{"href":"https:\/\/www.atech-sas.com\/de\/wp-json\/wp\/v2\/types\/product"}],"replies":[{"embeddable":true,"href":"https:\/\/www.atech-sas.com\/de\/wp-json\/wp\/v2\/comments?post=74329"}],"wp:featuredmedia":[{"embeddable":true,"href":"https:\/\/www.atech-sas.com\/de\/wp-json\/wp\/v2\/media\/74889"}],"wp:attachment":[{"href":"https:\/\/www.atech-sas.com\/de\/wp-json\/wp\/v2\/media?parent=74329"}],"wp:term":[{"taxonomy":"product_brand","embeddable":true,"href":"https:\/\/www.atech-sas.com\/de\/wp-json\/wp\/v2\/product_brand?post=74329"},{"taxonomy":"product_cat","embeddable":true,"href":"https:\/\/www.atech-sas.com\/de\/wp-json\/wp\/v2\/product_cat?post=74329"},{"taxonomy":"product_tag","embeddable":true,"href":"https:\/\/www.atech-sas.com\/de\/wp-json\/wp\/v2\/product_tag?post=74329"}],"curies":[{"name":"wp","href":"https:\/\/api.w.org\/{rel}","templated":true}]}}