{"id":73091,"date":"2023-09-08T08:24:34","date_gmt":"2023-09-08T06:24:34","guid":{"rendered":"https:\/\/www.atech-sas.com\/?post_type=product&#038;p=73091"},"modified":"2023-12-14T10:34:55","modified_gmt":"2023-12-14T09:34:55","slug":"behalter-mit-verschweistem-boden-rechteckig","status":"publish","type":"product","link":"https:\/\/www.atech-sas.com\/de\/produkt\/behalter-mit-verschweistem-boden-rechteckig\/","title":{"rendered":"Beh\u00e4lter mit verschwei\u00dftem Boden rechteckig"},"content":{"rendered":"<p>Wanne mit rechteckigem, verschwei\u00dftem Boden<br \/>Material &amp; Ausf\u00fchrung :<br \/>Aus Aluminium St. 3 mm, pulverbeschichtet in einer RAL- oder AkzoNobel-Farbe nach Wahl.<br \/>Aus Corten St. 3 mm roh oder sandgestrahlt und aktiviert.<br \/>Obere R\u00fcckwand 35 x 20 mm<br \/>Befestigung:<br \/>Zum Aufstellen auf dem Boden<\/p>\n<p><a href=\"https:\/\/www.atech-sas.com\/de\/materialien-techniken\/\" data-mce-href=\"https:\/\/www.atech-sas.com\/de\/materialien-techniken\/\">Weitere m\u00f6gliche Materialien und Ausf\u00fchrungen zum Entdecken<\/a><\/p>\n","protected":false},"excerpt":{"rendered":"<p>Unsere geschwei\u00dften und wasserdichten rechteckigen Beh\u00e4lter gibt es in verschiedenen Gr\u00f6\u00dfen und Ausf\u00fchrungen f\u00fcr designorientierte und langlebige Einrichtungen.<\/p>\n","protected":false},"featured_media":73057,"comment_status":"open","ping_status":"closed","template":"","meta":{"_relevanssi_hide_post":"on","_relevanssi_hide_content":"","_relevanssi_pin_for_all":"","_relevanssi_pin_keywords":"","_relevanssi_unpin_keywords":"","_relevanssi_related_keywords":"","_relevanssi_related_include_ids":"","_relevanssi_related_exclude_ids":"","_relevanssi_related_no_append":"","_relevanssi_related_not_related":"","_relevanssi_related_posts":"","_relevanssi_noindex_reason":"WooCommerce Yoast SEO Relevanssi Index ausgeschlossen"},"product_brand":[],"product_cat":[2359,3021],"product_tag":[],"class_list":{"0":"post-73091","1":"product","2":"type-product","3":"status-publish","4":"has-post-thumbnail","6":"product_cat-aluminium","7":"product_cat-garten-pflanzenkubel","8":"pa_couleur-nicht-definiert","9":"pa_couleur-personalisiert","10":"pa_dimensions-1000-mm-x-500-mm-de","11":"pa_dimensions-1000-mm-x-750-mm-de","12":"pa_dimensions-1250-mm-x-500-mm-de","13":"pa_dimensions-1250-mm-x-750-mm-de","14":"pa_dimensions-1500-mm-x-500-mm-de","15":"pa_dimensions-1500-mm-x-750-mm-de","16":"pa_dimensions-750-mm-x-500-mm-de","17":"pa_filtre-forme-linear-de","18":"pa_filtre-hauteur-1000-de","19":"pa_filtre-hauteur-500-de","20":"pa_filtre-hauteur-700-de","21":"pa_filtre-matiere-aluminium-de","22":"pa_filtre-matiere-cortenstahl","23":"pa_finition-aktiviert","24":"pa_finition-lackiert","25":"pa_finition-nicht-definiert","26":"pa_finition-unbehandeltet","27":"pa_hauteur-1000-mm-de","28":"pa_hauteur-500-mm-de","29":"pa_hauteur-700-mm-de","30":"pa_matiere-aluminium-de","31":"pa_matiere-cortenstahl","32":"pa_matiere-nicht-definiert","34":"first","35":"instock","36":"taxable","37":"shipping-taxable","38":"purchasable","39":"product-type-variable","40":"has-default-attributes"},"yoast_head":"<!-- This site is optimized with the Yoast SEO plugin v27.3 - https:\/\/yoast.com\/product\/yoast-seo-wordpress\/ -->\n<title>Beh\u00e4lter mit verschwei\u00dftem Boden rechteckig - ATECH<\/title>\n<meta name=\"description\" content=\"Unsere in Frankreich hergestellten, verschwei\u00dften und wasserdichten rechteckigen Beh\u00e4lter lassen sich leicht installieren und passen sich an alle Bodenarten an, um Ihre Einrichtung zu veredeln.\" \/>\n<meta name=\"robots\" content=\"noindex, follow\" \/>\n<meta property=\"og:locale\" content=\"de_DE\" \/>\n<meta property=\"og:type\" content=\"article\" \/>\n<meta property=\"og:title\" content=\"Beh\u00e4lter mit verschwei\u00dftem Boden rechteckig - ATECH\" \/>\n<meta property=\"og:description\" content=\"Unsere in Frankreich hergestellten, verschwei\u00dften und wasserdichten rechteckigen Beh\u00e4lter lassen sich leicht installieren und passen sich an alle Bodenarten an, um Ihre Einrichtung zu veredeln.\" \/>\n<meta property=\"og:url\" content=\"https:\/\/www.atech-sas.com\/de\/produkt\/behalter-mit-verschweistem-boden-rechteckig\/\" \/>\n<meta property=\"og:site_name\" content=\"ATECH\" \/>\n<meta property=\"article:publisher\" content=\"https:\/\/www.facebook.com\/atechsasfr\" \/>\n<meta property=\"article:modified_time\" content=\"2023-12-14T09:34:55+00:00\" \/>\n<meta property=\"og:image\" content=\"https:\/\/www.atech-sas.com\/wp-content\/uploads\/2023\/09\/bac-rectangle-500x1700h480-alu-peint.jpg\" \/>\n\t<meta property=\"og:image:width\" content=\"1080\" \/>\n\t<meta property=\"og:image:height\" content=\"1080\" \/>\n\t<meta property=\"og:image:type\" content=\"image\/jpeg\" \/>\n<meta name=\"twitter:card\" content=\"summary_large_image\" \/>\n<script type=\"application\/ld+json\" class=\"yoast-schema-graph\">{\"@context\":\"https:\\\/\\\/schema.org\",\"@graph\":[{\"@type\":\"WebPage\",\"@id\":\"https:\\\/\\\/www.atech-sas.com\\\/de\\\/produkt\\\/behalter-mit-verschweistem-boden-rechteckig\\\/\",\"url\":\"https:\\\/\\\/www.atech-sas.com\\\/de\\\/produkt\\\/behalter-mit-verschweistem-boden-rechteckig\\\/\",\"name\":\"Beh\u00e4lter mit verschwei\u00dftem Boden rechteckig - ATECH\",\"isPartOf\":{\"@id\":\"https:\\\/\\\/www.atech-sas.com\\\/de\\\/#website\"},\"primaryImageOfPage\":{\"@id\":\"https:\\\/\\\/www.atech-sas.com\\\/de\\\/produkt\\\/behalter-mit-verschweistem-boden-rechteckig\\\/#primaryimage\"},\"image\":{\"@id\":\"https:\\\/\\\/www.atech-sas.com\\\/de\\\/produkt\\\/behalter-mit-verschweistem-boden-rechteckig\\\/#primaryimage\"},\"thumbnailUrl\":\"https:\\\/\\\/www.atech-sas.com\\\/wp-content\\\/uploads\\\/2023\\\/09\\\/bac-rectangle-500x1700h480-alu-peint.jpg\",\"datePublished\":\"2023-09-08T06:24:34+00:00\",\"dateModified\":\"2023-12-14T09:34:55+00:00\",\"description\":\"Unsere in Frankreich hergestellten, verschwei\u00dften und wasserdichten rechteckigen Beh\u00e4lter lassen sich leicht installieren und passen sich an alle Bodenarten an, um Ihre Einrichtung zu veredeln.\",\"breadcrumb\":{\"@id\":\"https:\\\/\\\/www.atech-sas.com\\\/de\\\/produkt\\\/behalter-mit-verschweistem-boden-rechteckig\\\/#breadcrumb\"},\"inLanguage\":\"de\",\"potentialAction\":[{\"@type\":\"ReadAction\",\"target\":[\"https:\\\/\\\/www.atech-sas.com\\\/de\\\/produkt\\\/behalter-mit-verschweistem-boden-rechteckig\\\/\"]}]},{\"@type\":\"ImageObject\",\"inLanguage\":\"de\",\"@id\":\"https:\\\/\\\/www.atech-sas.com\\\/de\\\/produkt\\\/behalter-mit-verschweistem-boden-rechteckig\\\/#primaryimage\",\"url\":\"https:\\\/\\\/www.atech-sas.com\\\/wp-content\\\/uploads\\\/2023\\\/09\\\/bac-rectangle-500x1700h480-alu-peint.jpg\",\"contentUrl\":\"https:\\\/\\\/www.atech-sas.com\\\/wp-content\\\/uploads\\\/2023\\\/09\\\/bac-rectangle-500x1700h480-alu-peint.jpg\",\"width\":1080,\"height\":1080},{\"@type\":\"BreadcrumbList\",\"@id\":\"https:\\\/\\\/www.atech-sas.com\\\/de\\\/produkt\\\/behalter-mit-verschweistem-boden-rechteckig\\\/#breadcrumb\",\"itemListElement\":[{\"@type\":\"ListItem\",\"position\":1,\"name\":\"Startseite\",\"item\":\"https:\\\/\\\/www.atech-sas.com\\\/de\\\/\"},{\"@type\":\"ListItem\",\"position\":2,\"name\":\"Produkte\",\"item\":\"https:\\\/\\\/www.atech-sas.com\\\/de\\\/produkte\\\/\"},{\"@type\":\"ListItem\",\"position\":3,\"name\":\"Landschaftsausstattung\",\"item\":\"https:\\\/\\\/www.atech-sas.com\\\/de\\\/produktkategorie\\\/landschaftsausstattung\\\/\"},{\"@type\":\"ListItem\",\"position\":4,\"name\":\"Garten Pflanzenk\u00fcbel\",\"item\":\"https:\\\/\\\/www.atech-sas.com\\\/de\\\/produktkategorie\\\/landschaftsausstattung\\\/garten-pflanzenkubel\\\/\"},{\"@type\":\"ListItem\",\"position\":5,\"name\":\"Beh\u00e4lter mit verschwei\u00dftem Boden rechteckig\"}]},{\"@type\":\"WebSite\",\"@id\":\"https:\\\/\\\/www.atech-sas.com\\\/de\\\/#website\",\"url\":\"https:\\\/\\\/www.atech-sas.com\\\/de\\\/\",\"name\":\"Atech-sas\",\"description\":\"Mobilier urbain\",\"publisher\":{\"@id\":\"https:\\\/\\\/www.atech-sas.com\\\/de\\\/#organization\"},\"potentialAction\":[{\"@type\":\"SearchAction\",\"target\":{\"@type\":\"EntryPoint\",\"urlTemplate\":\"https:\\\/\\\/www.atech-sas.com\\\/de\\\/?s={search_term_string}\"},\"query-input\":{\"@type\":\"PropertyValueSpecification\",\"valueRequired\":true,\"valueName\":\"search_term_string\"}}],\"inLanguage\":\"de\"},{\"@type\":\"Organization\",\"@id\":\"https:\\\/\\\/www.atech-sas.com\\\/de\\\/#organization\",\"name\":\"Atech-sas\",\"url\":\"https:\\\/\\\/www.atech-sas.com\\\/de\\\/\",\"logo\":{\"@type\":\"ImageObject\",\"inLanguage\":\"de\",\"@id\":\"https:\\\/\\\/www.atech-sas.com\\\/de\\\/#\\\/schema\\\/logo\\\/image\\\/\",\"url\":\"https:\\\/\\\/www.atech-sas.com\\\/wp-content\\\/uploads\\\/2021\\\/01\\\/ATECH_logo.svg\",\"contentUrl\":\"https:\\\/\\\/www.atech-sas.com\\\/wp-content\\\/uploads\\\/2021\\\/01\\\/ATECH_logo.svg\",\"width\":640,\"height\":217,\"caption\":\"Atech-sas\"},\"image\":{\"@id\":\"https:\\\/\\\/www.atech-sas.com\\\/de\\\/#\\\/schema\\\/logo\\\/image\\\/\"},\"sameAs\":[\"https:\\\/\\\/www.facebook.com\\\/atechsasfr\",\"https:\\\/\\\/www.instagram.com\\\/atech_sas\\\/\",\"https:\\\/\\\/www.youtube.com\\\/c\\\/Atech-saFr\\\/videos\",\"https:\\\/\\\/www.linkedin.com\\\/company\\\/atech-groupe-girod\\\/\"]}]}<\/script>\n<!-- \/ Yoast SEO plugin. -->","yoast_head_json":{"title":"Beh\u00e4lter mit verschwei\u00dftem Boden rechteckig - ATECH","description":"Unsere in Frankreich hergestellten, verschwei\u00dften und wasserdichten rechteckigen Beh\u00e4lter lassen sich leicht installieren und passen sich an alle Bodenarten an, um Ihre Einrichtung zu veredeln.","robots":{"index":"noindex","follow":"follow"},"og_locale":"de_DE","og_type":"article","og_title":"Beh\u00e4lter mit verschwei\u00dftem Boden rechteckig - ATECH","og_description":"Unsere in Frankreich hergestellten, verschwei\u00dften und wasserdichten rechteckigen Beh\u00e4lter lassen sich leicht installieren und passen sich an alle Bodenarten an, um Ihre Einrichtung zu veredeln.","og_url":"https:\/\/www.atech-sas.com\/de\/produkt\/behalter-mit-verschweistem-boden-rechteckig\/","og_site_name":"ATECH","article_publisher":"https:\/\/www.facebook.com\/atechsasfr","article_modified_time":"2023-12-14T09:34:55+00:00","og_image":[{"width":1080,"height":1080,"url":"https:\/\/www.atech-sas.com\/wp-content\/uploads\/2023\/09\/bac-rectangle-500x1700h480-alu-peint.jpg","type":"image\/jpeg"}],"twitter_card":"summary_large_image","schema":{"@context":"https:\/\/schema.org","@graph":[{"@type":"WebPage","@id":"https:\/\/www.atech-sas.com\/de\/produkt\/behalter-mit-verschweistem-boden-rechteckig\/","url":"https:\/\/www.atech-sas.com\/de\/produkt\/behalter-mit-verschweistem-boden-rechteckig\/","name":"Beh\u00e4lter mit verschwei\u00dftem Boden rechteckig - ATECH","isPartOf":{"@id":"https:\/\/www.atech-sas.com\/de\/#website"},"primaryImageOfPage":{"@id":"https:\/\/www.atech-sas.com\/de\/produkt\/behalter-mit-verschweistem-boden-rechteckig\/#primaryimage"},"image":{"@id":"https:\/\/www.atech-sas.com\/de\/produkt\/behalter-mit-verschweistem-boden-rechteckig\/#primaryimage"},"thumbnailUrl":"https:\/\/www.atech-sas.com\/wp-content\/uploads\/2023\/09\/bac-rectangle-500x1700h480-alu-peint.jpg","datePublished":"2023-09-08T06:24:34+00:00","dateModified":"2023-12-14T09:34:55+00:00","description":"Unsere in Frankreich hergestellten, verschwei\u00dften und wasserdichten rechteckigen Beh\u00e4lter lassen sich leicht installieren und passen sich an alle Bodenarten an, um Ihre Einrichtung zu veredeln.","breadcrumb":{"@id":"https:\/\/www.atech-sas.com\/de\/produkt\/behalter-mit-verschweistem-boden-rechteckig\/#breadcrumb"},"inLanguage":"de","potentialAction":[{"@type":"ReadAction","target":["https:\/\/www.atech-sas.com\/de\/produkt\/behalter-mit-verschweistem-boden-rechteckig\/"]}]},{"@type":"ImageObject","inLanguage":"de","@id":"https:\/\/www.atech-sas.com\/de\/produkt\/behalter-mit-verschweistem-boden-rechteckig\/#primaryimage","url":"https:\/\/www.atech-sas.com\/wp-content\/uploads\/2023\/09\/bac-rectangle-500x1700h480-alu-peint.jpg","contentUrl":"https:\/\/www.atech-sas.com\/wp-content\/uploads\/2023\/09\/bac-rectangle-500x1700h480-alu-peint.jpg","width":1080,"height":1080},{"@type":"BreadcrumbList","@id":"https:\/\/www.atech-sas.com\/de\/produkt\/behalter-mit-verschweistem-boden-rechteckig\/#breadcrumb","itemListElement":[{"@type":"ListItem","position":1,"name":"Startseite","item":"https:\/\/www.atech-sas.com\/de\/"},{"@type":"ListItem","position":2,"name":"Produkte","item":"https:\/\/www.atech-sas.com\/de\/produkte\/"},{"@type":"ListItem","position":3,"name":"Landschaftsausstattung","item":"https:\/\/www.atech-sas.com\/de\/produktkategorie\/landschaftsausstattung\/"},{"@type":"ListItem","position":4,"name":"Garten Pflanzenk\u00fcbel","item":"https:\/\/www.atech-sas.com\/de\/produktkategorie\/landschaftsausstattung\/garten-pflanzenkubel\/"},{"@type":"ListItem","position":5,"name":"Beh\u00e4lter mit verschwei\u00dftem Boden rechteckig"}]},{"@type":"WebSite","@id":"https:\/\/www.atech-sas.com\/de\/#website","url":"https:\/\/www.atech-sas.com\/de\/","name":"Atech-sas","description":"Mobilier urbain","publisher":{"@id":"https:\/\/www.atech-sas.com\/de\/#organization"},"potentialAction":[{"@type":"SearchAction","target":{"@type":"EntryPoint","urlTemplate":"https:\/\/www.atech-sas.com\/de\/?s={search_term_string}"},"query-input":{"@type":"PropertyValueSpecification","valueRequired":true,"valueName":"search_term_string"}}],"inLanguage":"de"},{"@type":"Organization","@id":"https:\/\/www.atech-sas.com\/de\/#organization","name":"Atech-sas","url":"https:\/\/www.atech-sas.com\/de\/","logo":{"@type":"ImageObject","inLanguage":"de","@id":"https:\/\/www.atech-sas.com\/de\/#\/schema\/logo\/image\/","url":"https:\/\/www.atech-sas.com\/wp-content\/uploads\/2021\/01\/ATECH_logo.svg","contentUrl":"https:\/\/www.atech-sas.com\/wp-content\/uploads\/2021\/01\/ATECH_logo.svg","width":640,"height":217,"caption":"Atech-sas"},"image":{"@id":"https:\/\/www.atech-sas.com\/de\/#\/schema\/logo\/image\/"},"sameAs":["https:\/\/www.facebook.com\/atechsasfr","https:\/\/www.instagram.com\/atech_sas\/","https:\/\/www.youtube.com\/c\/Atech-saFr\/videos","https:\/\/www.linkedin.com\/company\/atech-groupe-girod\/"]}]}},"_links":{"self":[{"href":"https:\/\/www.atech-sas.com\/de\/wp-json\/wp\/v2\/product\/73091","targetHints":{"allow":["GET"]}}],"collection":[{"href":"https:\/\/www.atech-sas.com\/de\/wp-json\/wp\/v2\/product"}],"about":[{"href":"https:\/\/www.atech-sas.com\/de\/wp-json\/wp\/v2\/types\/product"}],"replies":[{"embeddable":true,"href":"https:\/\/www.atech-sas.com\/de\/wp-json\/wp\/v2\/comments?post=73091"}],"wp:featuredmedia":[{"embeddable":true,"href":"https:\/\/www.atech-sas.com\/de\/wp-json\/wp\/v2\/media\/73057"}],"wp:attachment":[{"href":"https:\/\/www.atech-sas.com\/de\/wp-json\/wp\/v2\/media?parent=73091"}],"wp:term":[{"taxonomy":"product_brand","embeddable":true,"href":"https:\/\/www.atech-sas.com\/de\/wp-json\/wp\/v2\/product_brand?post=73091"},{"taxonomy":"product_cat","embeddable":true,"href":"https:\/\/www.atech-sas.com\/de\/wp-json\/wp\/v2\/product_cat?post=73091"},{"taxonomy":"product_tag","embeddable":true,"href":"https:\/\/www.atech-sas.com\/de\/wp-json\/wp\/v2\/product_tag?post=73091"}],"curies":[{"name":"wp","href":"https:\/\/api.w.org\/{rel}","templated":true}]}}