{"id":72998,"date":"2023-07-13T11:38:01","date_gmt":"2023-07-13T09:38:01","guid":{"rendered":"https:\/\/www.atech-sas.com\/?post_type=product&#038;p=72998"},"modified":"2025-05-30T09:42:55","modified_gmt":"2025-05-30T07:42:55","slug":"winkel-fur-gerade-einfassung-aluminium-roh","status":"publish","type":"product","link":"https:\/\/www.atech-sas.com\/de\/produkt\/winkel-fur-gerade-einfassung-aluminium-roh\/","title":{"rendered":"Winkel f\u00fcr gerade Einfassung &#8211; Roher Aluminium"},"content":{"rendered":"<p>Winkel f\u00fcr gerade Einfassung &#8211; Roher Aluminium<br \/>\nMaterial &amp; Oberfl\u00e4che :<br \/>\nRoher Aluminium<br \/>\nVerpackung :<br \/>\nSt\u00fcck \u00e0 100 x 100 mm<br \/>\nBefestigung:<br \/>\nVerbindung durch mitgelieferte Schrauben<\/p>\n<p><a href=\"https:\/\/www.atech-sas.com\/de\/materialien-techniken\/\">Weitere m\u00f6gliche Materialien und Ausf\u00fchrungen zum Entdecken<\/a><\/p>\n","protected":false},"excerpt":{"rendered":"<p>Einfach und schnell zu installieren, sind unsere Kantenwinkel in verschiedenen H\u00f6hen erh\u00e4ltlich.<\/p>\n","protected":false},"featured_media":73843,"comment_status":"open","ping_status":"closed","template":"","meta":{"_relevanssi_hide_post":"","_relevanssi_hide_content":"","_relevanssi_pin_for_all":"","_relevanssi_pin_keywords":"","_relevanssi_unpin_keywords":"","_relevanssi_related_keywords":"","_relevanssi_related_include_ids":"","_relevanssi_related_exclude_ids":"","_relevanssi_related_no_append":"","_relevanssi_related_not_related":"","_relevanssi_related_posts":"","_relevanssi_noindex_reason":""},"product_brand":[],"product_cat":[2359,3020],"product_tag":[],"class_list":{"0":"post-72998","1":"product","2":"type-product","3":"status-publish","4":"has-post-thumbnail","6":"product_cat-aluminium","7":"product_cat-hochbeete-und-einfassungen","8":"pa_degre-de-l-angle-90-de","9":"pa_epaisseur-3-mm-de","10":"pa_epaisseur-5-mm-de","11":"pa_filtre-forme-linear-de","12":"pa_filtre-hauteur-100-de","13":"pa_filtre-hauteur-150-de","14":"pa_filtre-hauteur-200-de","15":"pa_filtre-hauteur-250-de","16":"pa_filtre-hauteur-300-de","17":"pa_filtre-matiere-cortenstahl","18":"pa_finition-unbehandeltet","19":"pa_hauteur-100-mm-de","20":"pa_hauteur-150-mm-de","21":"pa_hauteur-200-mm-de","22":"pa_hauteur-250-mm-de","23":"pa_hauteur-300-mm-de","24":"pa_matiere-aluminium-de","25":"pa_sens-de-langle-aussenwinkel","26":"pa_sens-de-langle-innenwinkel","27":"pa_sens-de-langle-undefiniert","29":"first","30":"instock","31":"taxable","32":"shipping-taxable","33":"purchasable","34":"product-type-variable","35":"has-default-attributes"},"yoast_head":"<!-- This site is optimized with the Yoast SEO plugin v27.3 - https:\/\/yoast.com\/product\/yoast-seo-wordpress\/ -->\n<title>Winkel f\u00fcr gerade Einfassung - Roher Aluminium - ATECH<\/title>\n<meta name=\"description\" content=\"Winkel f\u00fcr gerade Einfassung - Roher Aluminium. Entscheiden Sie sich f\u00fcr unsere Kantenecken, den dauerhaften und qualitativ hochwertigen Abschluss Ihrer Au\u00dfenprojekte. Unsere Produkte werden in Frankreich hergestellt.\" \/>\n<meta name=\"robots\" content=\"index, nofollow, max-snippet:-1, max-image-preview:large, max-video-preview:-1\" \/>\n<link rel=\"canonical\" href=\"https:\/\/www.atech-sas.com\/de\/produkt\/winkel-fur-gerade-einfassung-aluminium-roh\/\" \/>\n<meta property=\"og:locale\" content=\"de_DE\" \/>\n<meta property=\"og:type\" content=\"article\" \/>\n<meta property=\"og:title\" content=\"Winkel f\u00fcr gerade Einfassung - Roher Aluminium - ATECH\" \/>\n<meta property=\"og:description\" content=\"Winkel f\u00fcr gerade Einfassung - Roher Aluminium. Entscheiden Sie sich f\u00fcr unsere Kantenecken, den dauerhaften und qualitativ hochwertigen Abschluss Ihrer Au\u00dfenprojekte. Unsere Produkte werden in Frankreich hergestellt.\" \/>\n<meta property=\"og:url\" content=\"https:\/\/www.atech-sas.com\/de\/produkt\/winkel-fur-gerade-einfassung-aluminium-roh\/\" \/>\n<meta property=\"og:site_name\" content=\"ATECH\" \/>\n<meta property=\"article:publisher\" content=\"https:\/\/www.facebook.com\/atechsasfr\" \/>\n<meta property=\"article:modified_time\" content=\"2025-05-30T07:42:55+00:00\" \/>\n<meta property=\"og:image\" content=\"https:\/\/www.atech-sas.com\/wp-content\/uploads\/2023\/07\/ATECH-Angle-de-Bordure-Exterieur-Aluminium-Peint-90.jpg\" \/>\n\t<meta property=\"og:image:width\" content=\"1080\" \/>\n\t<meta property=\"og:image:height\" content=\"1080\" \/>\n\t<meta property=\"og:image:type\" content=\"image\/jpeg\" \/>\n<meta name=\"twitter:card\" content=\"summary_large_image\" \/>\n<meta name=\"twitter:label1\" content=\"Gesch\u00e4tzte Lesezeit\" \/>\n\t<meta name=\"twitter:data1\" content=\"1\u00a0Minute\" \/>\n<script type=\"application\/ld+json\" class=\"yoast-schema-graph\">{\"@context\":\"https:\\\/\\\/schema.org\",\"@graph\":[{\"@type\":\"WebPage\",\"@id\":\"https:\\\/\\\/www.atech-sas.com\\\/de\\\/produkt\\\/winkel-fur-gerade-einfassung-aluminium-roh\\\/\",\"url\":\"https:\\\/\\\/www.atech-sas.com\\\/de\\\/produkt\\\/winkel-fur-gerade-einfassung-aluminium-roh\\\/\",\"name\":\"Winkel f\u00fcr gerade Einfassung - Roher Aluminium - ATECH\",\"isPartOf\":{\"@id\":\"https:\\\/\\\/www.atech-sas.com\\\/de\\\/#website\"},\"primaryImageOfPage\":{\"@id\":\"https:\\\/\\\/www.atech-sas.com\\\/de\\\/produkt\\\/winkel-fur-gerade-einfassung-aluminium-roh\\\/#primaryimage\"},\"image\":{\"@id\":\"https:\\\/\\\/www.atech-sas.com\\\/de\\\/produkt\\\/winkel-fur-gerade-einfassung-aluminium-roh\\\/#primaryimage\"},\"thumbnailUrl\":\"https:\\\/\\\/www.atech-sas.com\\\/wp-content\\\/uploads\\\/2023\\\/07\\\/ATECH-Angle-de-Bordure-Exterieur-Aluminium-Peint-90.jpg\",\"datePublished\":\"2023-07-13T09:38:01+00:00\",\"dateModified\":\"2025-05-30T07:42:55+00:00\",\"description\":\"Winkel f\u00fcr gerade Einfassung - Roher Aluminium. Entscheiden Sie sich f\u00fcr unsere Kantenecken, den dauerhaften und qualitativ hochwertigen Abschluss Ihrer Au\u00dfenprojekte. Unsere Produkte werden in Frankreich hergestellt.\",\"breadcrumb\":{\"@id\":\"https:\\\/\\\/www.atech-sas.com\\\/de\\\/produkt\\\/winkel-fur-gerade-einfassung-aluminium-roh\\\/#breadcrumb\"},\"inLanguage\":\"de\",\"potentialAction\":[{\"@type\":\"ReadAction\",\"target\":[\"https:\\\/\\\/www.atech-sas.com\\\/de\\\/produkt\\\/winkel-fur-gerade-einfassung-aluminium-roh\\\/\"]}]},{\"@type\":\"ImageObject\",\"inLanguage\":\"de\",\"@id\":\"https:\\\/\\\/www.atech-sas.com\\\/de\\\/produkt\\\/winkel-fur-gerade-einfassung-aluminium-roh\\\/#primaryimage\",\"url\":\"https:\\\/\\\/www.atech-sas.com\\\/wp-content\\\/uploads\\\/2023\\\/07\\\/ATECH-Angle-de-Bordure-Exterieur-Aluminium-Peint-90.jpg\",\"contentUrl\":\"https:\\\/\\\/www.atech-sas.com\\\/wp-content\\\/uploads\\\/2023\\\/07\\\/ATECH-Angle-de-Bordure-Exterieur-Aluminium-Peint-90.jpg\",\"width\":1080,\"height\":1080,\"caption\":\"ATECH - Au\u00dfenkantenwinkel - Rohaluminium - 90\"},{\"@type\":\"BreadcrumbList\",\"@id\":\"https:\\\/\\\/www.atech-sas.com\\\/de\\\/produkt\\\/winkel-fur-gerade-einfassung-aluminium-roh\\\/#breadcrumb\",\"itemListElement\":[{\"@type\":\"ListItem\",\"position\":1,\"name\":\"Startseite\",\"item\":\"https:\\\/\\\/www.atech-sas.com\\\/de\\\/\"},{\"@type\":\"ListItem\",\"position\":2,\"name\":\"Produkte\",\"item\":\"https:\\\/\\\/www.atech-sas.com\\\/de\\\/produkte\\\/\"},{\"@type\":\"ListItem\",\"position\":3,\"name\":\"Stadtm\u00f6bel nach Material\",\"item\":\"https:\\\/\\\/www.atech-sas.com\\\/de\\\/produktkategorie\\\/stadtmobiliar-materialen\\\/\"},{\"@type\":\"ListItem\",\"position\":4,\"name\":\"Aluminium\",\"item\":\"https:\\\/\\\/www.atech-sas.com\\\/de\\\/produktkategorie\\\/stadtmobiliar-materialen\\\/aluminium\\\/\"},{\"@type\":\"ListItem\",\"position\":5,\"name\":\"Winkel f\u00fcr gerade Einfassung &#8211; Roher Aluminium\"}]},{\"@type\":\"WebSite\",\"@id\":\"https:\\\/\\\/www.atech-sas.com\\\/de\\\/#website\",\"url\":\"https:\\\/\\\/www.atech-sas.com\\\/de\\\/\",\"name\":\"Atech-sas\",\"description\":\"Mobilier urbain\",\"publisher\":{\"@id\":\"https:\\\/\\\/www.atech-sas.com\\\/de\\\/#organization\"},\"potentialAction\":[{\"@type\":\"SearchAction\",\"target\":{\"@type\":\"EntryPoint\",\"urlTemplate\":\"https:\\\/\\\/www.atech-sas.com\\\/de\\\/?s={search_term_string}\"},\"query-input\":{\"@type\":\"PropertyValueSpecification\",\"valueRequired\":true,\"valueName\":\"search_term_string\"}}],\"inLanguage\":\"de\"},{\"@type\":\"Organization\",\"@id\":\"https:\\\/\\\/www.atech-sas.com\\\/de\\\/#organization\",\"name\":\"Atech-sas\",\"url\":\"https:\\\/\\\/www.atech-sas.com\\\/de\\\/\",\"logo\":{\"@type\":\"ImageObject\",\"inLanguage\":\"de\",\"@id\":\"https:\\\/\\\/www.atech-sas.com\\\/de\\\/#\\\/schema\\\/logo\\\/image\\\/\",\"url\":\"https:\\\/\\\/www.atech-sas.com\\\/wp-content\\\/uploads\\\/2021\\\/01\\\/ATECH_logo.svg\",\"contentUrl\":\"https:\\\/\\\/www.atech-sas.com\\\/wp-content\\\/uploads\\\/2021\\\/01\\\/ATECH_logo.svg\",\"width\":640,\"height\":217,\"caption\":\"Atech-sas\"},\"image\":{\"@id\":\"https:\\\/\\\/www.atech-sas.com\\\/de\\\/#\\\/schema\\\/logo\\\/image\\\/\"},\"sameAs\":[\"https:\\\/\\\/www.facebook.com\\\/atechsasfr\",\"https:\\\/\\\/www.instagram.com\\\/atech_sas\\\/\",\"https:\\\/\\\/www.youtube.com\\\/c\\\/Atech-saFr\\\/videos\",\"https:\\\/\\\/www.linkedin.com\\\/company\\\/atech-groupe-girod\\\/\"]}]}<\/script>\n<!-- \/ Yoast SEO plugin. -->","yoast_head_json":{"title":"Winkel f\u00fcr gerade Einfassung - Roher Aluminium - ATECH","description":"Winkel f\u00fcr gerade Einfassung - Roher Aluminium. Entscheiden Sie sich f\u00fcr unsere Kantenecken, den dauerhaften und qualitativ hochwertigen Abschluss Ihrer Au\u00dfenprojekte. Unsere Produkte werden in Frankreich hergestellt.","robots":{"index":"index","follow":"nofollow","max-snippet":"max-snippet:-1","max-image-preview":"max-image-preview:large","max-video-preview":"max-video-preview:-1"},"canonical":"https:\/\/www.atech-sas.com\/de\/produkt\/winkel-fur-gerade-einfassung-aluminium-roh\/","og_locale":"de_DE","og_type":"article","og_title":"Winkel f\u00fcr gerade Einfassung - Roher Aluminium - ATECH","og_description":"Winkel f\u00fcr gerade Einfassung - Roher Aluminium. Entscheiden Sie sich f\u00fcr unsere Kantenecken, den dauerhaften und qualitativ hochwertigen Abschluss Ihrer Au\u00dfenprojekte. Unsere Produkte werden in Frankreich hergestellt.","og_url":"https:\/\/www.atech-sas.com\/de\/produkt\/winkel-fur-gerade-einfassung-aluminium-roh\/","og_site_name":"ATECH","article_publisher":"https:\/\/www.facebook.com\/atechsasfr","article_modified_time":"2025-05-30T07:42:55+00:00","og_image":[{"width":1080,"height":1080,"url":"https:\/\/www.atech-sas.com\/wp-content\/uploads\/2023\/07\/ATECH-Angle-de-Bordure-Exterieur-Aluminium-Peint-90.jpg","type":"image\/jpeg"}],"twitter_card":"summary_large_image","twitter_misc":{"Gesch\u00e4tzte Lesezeit":"1\u00a0Minute"},"schema":{"@context":"https:\/\/schema.org","@graph":[{"@type":"WebPage","@id":"https:\/\/www.atech-sas.com\/de\/produkt\/winkel-fur-gerade-einfassung-aluminium-roh\/","url":"https:\/\/www.atech-sas.com\/de\/produkt\/winkel-fur-gerade-einfassung-aluminium-roh\/","name":"Winkel f\u00fcr gerade Einfassung - Roher Aluminium - ATECH","isPartOf":{"@id":"https:\/\/www.atech-sas.com\/de\/#website"},"primaryImageOfPage":{"@id":"https:\/\/www.atech-sas.com\/de\/produkt\/winkel-fur-gerade-einfassung-aluminium-roh\/#primaryimage"},"image":{"@id":"https:\/\/www.atech-sas.com\/de\/produkt\/winkel-fur-gerade-einfassung-aluminium-roh\/#primaryimage"},"thumbnailUrl":"https:\/\/www.atech-sas.com\/wp-content\/uploads\/2023\/07\/ATECH-Angle-de-Bordure-Exterieur-Aluminium-Peint-90.jpg","datePublished":"2023-07-13T09:38:01+00:00","dateModified":"2025-05-30T07:42:55+00:00","description":"Winkel f\u00fcr gerade Einfassung - Roher Aluminium. Entscheiden Sie sich f\u00fcr unsere Kantenecken, den dauerhaften und qualitativ hochwertigen Abschluss Ihrer Au\u00dfenprojekte. Unsere Produkte werden in Frankreich hergestellt.","breadcrumb":{"@id":"https:\/\/www.atech-sas.com\/de\/produkt\/winkel-fur-gerade-einfassung-aluminium-roh\/#breadcrumb"},"inLanguage":"de","potentialAction":[{"@type":"ReadAction","target":["https:\/\/www.atech-sas.com\/de\/produkt\/winkel-fur-gerade-einfassung-aluminium-roh\/"]}]},{"@type":"ImageObject","inLanguage":"de","@id":"https:\/\/www.atech-sas.com\/de\/produkt\/winkel-fur-gerade-einfassung-aluminium-roh\/#primaryimage","url":"https:\/\/www.atech-sas.com\/wp-content\/uploads\/2023\/07\/ATECH-Angle-de-Bordure-Exterieur-Aluminium-Peint-90.jpg","contentUrl":"https:\/\/www.atech-sas.com\/wp-content\/uploads\/2023\/07\/ATECH-Angle-de-Bordure-Exterieur-Aluminium-Peint-90.jpg","width":1080,"height":1080,"caption":"ATECH - Au\u00dfenkantenwinkel - Rohaluminium - 90"},{"@type":"BreadcrumbList","@id":"https:\/\/www.atech-sas.com\/de\/produkt\/winkel-fur-gerade-einfassung-aluminium-roh\/#breadcrumb","itemListElement":[{"@type":"ListItem","position":1,"name":"Startseite","item":"https:\/\/www.atech-sas.com\/de\/"},{"@type":"ListItem","position":2,"name":"Produkte","item":"https:\/\/www.atech-sas.com\/de\/produkte\/"},{"@type":"ListItem","position":3,"name":"Stadtm\u00f6bel nach Material","item":"https:\/\/www.atech-sas.com\/de\/produktkategorie\/stadtmobiliar-materialen\/"},{"@type":"ListItem","position":4,"name":"Aluminium","item":"https:\/\/www.atech-sas.com\/de\/produktkategorie\/stadtmobiliar-materialen\/aluminium\/"},{"@type":"ListItem","position":5,"name":"Winkel f\u00fcr gerade Einfassung &#8211; Roher Aluminium"}]},{"@type":"WebSite","@id":"https:\/\/www.atech-sas.com\/de\/#website","url":"https:\/\/www.atech-sas.com\/de\/","name":"Atech-sas","description":"Mobilier urbain","publisher":{"@id":"https:\/\/www.atech-sas.com\/de\/#organization"},"potentialAction":[{"@type":"SearchAction","target":{"@type":"EntryPoint","urlTemplate":"https:\/\/www.atech-sas.com\/de\/?s={search_term_string}"},"query-input":{"@type":"PropertyValueSpecification","valueRequired":true,"valueName":"search_term_string"}}],"inLanguage":"de"},{"@type":"Organization","@id":"https:\/\/www.atech-sas.com\/de\/#organization","name":"Atech-sas","url":"https:\/\/www.atech-sas.com\/de\/","logo":{"@type":"ImageObject","inLanguage":"de","@id":"https:\/\/www.atech-sas.com\/de\/#\/schema\/logo\/image\/","url":"https:\/\/www.atech-sas.com\/wp-content\/uploads\/2021\/01\/ATECH_logo.svg","contentUrl":"https:\/\/www.atech-sas.com\/wp-content\/uploads\/2021\/01\/ATECH_logo.svg","width":640,"height":217,"caption":"Atech-sas"},"image":{"@id":"https:\/\/www.atech-sas.com\/de\/#\/schema\/logo\/image\/"},"sameAs":["https:\/\/www.facebook.com\/atechsasfr","https:\/\/www.instagram.com\/atech_sas\/","https:\/\/www.youtube.com\/c\/Atech-saFr\/videos","https:\/\/www.linkedin.com\/company\/atech-groupe-girod\/"]}]}},"_links":{"self":[{"href":"https:\/\/www.atech-sas.com\/de\/wp-json\/wp\/v2\/product\/72998","targetHints":{"allow":["GET"]}}],"collection":[{"href":"https:\/\/www.atech-sas.com\/de\/wp-json\/wp\/v2\/product"}],"about":[{"href":"https:\/\/www.atech-sas.com\/de\/wp-json\/wp\/v2\/types\/product"}],"replies":[{"embeddable":true,"href":"https:\/\/www.atech-sas.com\/de\/wp-json\/wp\/v2\/comments?post=72998"}],"wp:featuredmedia":[{"embeddable":true,"href":"https:\/\/www.atech-sas.com\/de\/wp-json\/wp\/v2\/media\/73843"}],"wp:attachment":[{"href":"https:\/\/www.atech-sas.com\/de\/wp-json\/wp\/v2\/media?parent=72998"}],"wp:term":[{"taxonomy":"product_brand","embeddable":true,"href":"https:\/\/www.atech-sas.com\/de\/wp-json\/wp\/v2\/product_brand?post=72998"},{"taxonomy":"product_cat","embeddable":true,"href":"https:\/\/www.atech-sas.com\/de\/wp-json\/wp\/v2\/product_cat?post=72998"},{"taxonomy":"product_tag","embeddable":true,"href":"https:\/\/www.atech-sas.com\/de\/wp-json\/wp\/v2\/product_tag?post=72998"}],"curies":[{"name":"wp","href":"https:\/\/api.w.org\/{rel}","templated":true}]}}