{"id":44120,"date":"2021-07-30T15:35:19","date_gmt":"2021-07-30T13:35:41","guid":{"rendered":"https:\/\/www.atech-sas.com\/?post_type=product&#038;p=44120"},"modified":"2022-12-13T11:44:11","modified_gmt":"2022-12-13T10:44:11","slug":"stadtgarten-mosaique","status":"publish","type":"product","link":"https:\/\/www.atech-sas.com\/de\/produkt\/stadtgarten-mosaique\/","title":{"rendered":"Stadtgarten &#8211; Mosa\u00efque"},"content":{"rendered":"<p>Stadgarten Mosa\u00efque<br \/>\n<u>Werkstoffe &amp; Ausf\u00fchrung:<\/u><br \/>\nStruktur aus Aluminium 3 mm dick pulverbeschichtet in einer beliebigen RAL- oder AkzoNobel-Farbe Ihrer Wahl<br \/>\n<u>Befestigung:<\/u><br \/>\nBodenmontage<br \/>\n<u>Option:<\/u><br \/>\nLED Beleuchtung (<a href=\"https:\/\/www.atech-sas.com\/de\/kontakt\/\">Fragen Sie uns nach einem Angebot<\/a>)<\/p>\n<p>Weitere Werkstoffe und Ausf\u00fchrungen m\u00f6glich <a href=\"https:\/\/www.atech-sas.com\/de\/materialien-techniken\/\">zu entdecken<\/a><\/p>\n","protected":false},"excerpt":{"rendered":"<p>Dies ist der Stadtgarten Mosa\u00efque. Es ist untypisch und passt sich perfekt an die st\u00e4dtische Umgebung an.<\/p>\n","protected":false},"featured_media":45933,"comment_status":"open","ping_status":"closed","template":"","meta":{"_relevanssi_hide_post":"","_relevanssi_hide_content":"","_relevanssi_pin_for_all":"","_relevanssi_pin_keywords":"","_relevanssi_unpin_keywords":"","_relevanssi_related_keywords":"","_relevanssi_related_include_ids":"","_relevanssi_related_exclude_ids":"","_relevanssi_related_no_append":"","_relevanssi_related_not_related":"","_relevanssi_related_posts":"","_relevanssi_noindex_reason":""},"product_brand":[],"product_cat":[2359,1162],"product_tag":[],"class_list":{"0":"post-44120","1":"product","2":"type-product","3":"status-publish","4":"has-post-thumbnail","6":"product_cat-aluminium","7":"product_cat-pflanzkuebel-mit-sitzbank","8":"pa_couleur-nicht-definiert","9":"pa_couleur-personalisiert","10":"pa_dimensions-2280-mm-x-2280-mm-x-h-430-mm-de","11":"pa_dimensions-2810-mm-x-2790-mm-x-h-430-mm-de","12":"pa_dimensions-3360-mm-x-2600-mm-x-h-430-mm-de","13":"pa_dimensions-3370-mm-x-3370-mm-x-h-430-mm-de","14":"pa_dimensions-3500-mm-x-2530-mm-x-h-430-mm-de","15":"pa_filtre-forme-linear-de","16":"pa_filtre-hauteur-430-de","17":"pa_filtre-matiere-aluminium-de","18":"pa_finition-lackiert","19":"pa_matiere-aluminium-de","21":"first","22":"instock","23":"taxable","24":"shipping-taxable","25":"purchasable","26":"product-type-variable","27":"has-default-attributes"},"yoast_head":"<!-- This site is optimized with the Yoast SEO plugin v27.3 - https:\/\/yoast.com\/product\/yoast-seo-wordpress\/ -->\n<title>Stadtgarten - Mosa\u00efque - ATECH<\/title>\n<meta name=\"description\" content=\"Dies ist der Stadtgarten Mosa\u00efque. Es ist untypisch und passt sich perfekt an die st\u00e4dtische Umgebung an.\" \/>\n<meta name=\"robots\" content=\"index, follow, max-snippet:-1, max-image-preview:large, max-video-preview:-1\" \/>\n<link rel=\"canonical\" href=\"https:\/\/www.atech-sas.com\/de\/produkt\/stadtgarten-mosaique\/\" \/>\n<meta property=\"og:locale\" content=\"de_DE\" \/>\n<meta property=\"og:type\" content=\"article\" \/>\n<meta property=\"og:title\" content=\"Stadtgarten - Mosa\u00efque - ATECH\" \/>\n<meta property=\"og:description\" content=\"Dies ist der Stadtgarten Mosa\u00efque. Es ist untypisch und passt sich perfekt an die st\u00e4dtische Umgebung an.\" \/>\n<meta property=\"og:url\" content=\"https:\/\/www.atech-sas.com\/de\/produkt\/stadtgarten-mosaique\/\" \/>\n<meta property=\"og:site_name\" content=\"ATECH\" \/>\n<meta property=\"article:publisher\" content=\"https:\/\/www.facebook.com\/atechsasfr\" \/>\n<meta property=\"article:modified_time\" content=\"2022-12-13T10:44:11+00:00\" \/>\n<meta property=\"og:image\" content=\"https:\/\/www.atech-sas.com\/wp-content\/uploads\/2021\/09\/ATECH-Jardin-urbain-Mosaique-A.jpg\" \/>\n\t<meta property=\"og:image:width\" content=\"1080\" \/>\n\t<meta property=\"og:image:height\" content=\"1080\" \/>\n\t<meta property=\"og:image:type\" content=\"image\/jpeg\" \/>\n<meta name=\"twitter:card\" content=\"summary_large_image\" \/>\n<meta name=\"twitter:label1\" content=\"Gesch\u00e4tzte Lesezeit\" \/>\n\t<meta name=\"twitter:data1\" content=\"1\u00a0Minute\" \/>\n<script type=\"application\/ld+json\" class=\"yoast-schema-graph\">{\"@context\":\"https:\\\/\\\/schema.org\",\"@graph\":[{\"@type\":\"WebPage\",\"@id\":\"https:\\\/\\\/www.atech-sas.com\\\/de\\\/produkt\\\/stadtgarten-mosaique\\\/\",\"url\":\"https:\\\/\\\/www.atech-sas.com\\\/de\\\/produkt\\\/stadtgarten-mosaique\\\/\",\"name\":\"Stadtgarten - Mosa\u00efque - ATECH\",\"isPartOf\":{\"@id\":\"https:\\\/\\\/www.atech-sas.com\\\/de\\\/#website\"},\"primaryImageOfPage\":{\"@id\":\"https:\\\/\\\/www.atech-sas.com\\\/de\\\/produkt\\\/stadtgarten-mosaique\\\/#primaryimage\"},\"image\":{\"@id\":\"https:\\\/\\\/www.atech-sas.com\\\/de\\\/produkt\\\/stadtgarten-mosaique\\\/#primaryimage\"},\"thumbnailUrl\":\"https:\\\/\\\/www.atech-sas.com\\\/wp-content\\\/uploads\\\/2021\\\/09\\\/ATECH-Jardin-urbain-Mosaique-A.jpg\",\"datePublished\":\"2021-07-30T13:35:41+00:00\",\"dateModified\":\"2022-12-13T10:44:11+00:00\",\"description\":\"Dies ist der Stadtgarten Mosa\u00efque. Es ist untypisch und passt sich perfekt an die st\u00e4dtische Umgebung an.\",\"breadcrumb\":{\"@id\":\"https:\\\/\\\/www.atech-sas.com\\\/de\\\/produkt\\\/stadtgarten-mosaique\\\/#breadcrumb\"},\"inLanguage\":\"de\",\"potentialAction\":[{\"@type\":\"ReadAction\",\"target\":[\"https:\\\/\\\/www.atech-sas.com\\\/de\\\/produkt\\\/stadtgarten-mosaique\\\/\"]}]},{\"@type\":\"ImageObject\",\"inLanguage\":\"de\",\"@id\":\"https:\\\/\\\/www.atech-sas.com\\\/de\\\/produkt\\\/stadtgarten-mosaique\\\/#primaryimage\",\"url\":\"https:\\\/\\\/www.atech-sas.com\\\/wp-content\\\/uploads\\\/2021\\\/09\\\/ATECH-Jardin-urbain-Mosaique-A.jpg\",\"contentUrl\":\"https:\\\/\\\/www.atech-sas.com\\\/wp-content\\\/uploads\\\/2021\\\/09\\\/ATECH-Jardin-urbain-Mosaique-A.jpg\",\"width\":1080,\"height\":1080,\"caption\":\"ATECH-Stadtgarten-Mosaique-A\"},{\"@type\":\"BreadcrumbList\",\"@id\":\"https:\\\/\\\/www.atech-sas.com\\\/de\\\/produkt\\\/stadtgarten-mosaique\\\/#breadcrumb\",\"itemListElement\":[{\"@type\":\"ListItem\",\"position\":1,\"name\":\"Startseite\",\"item\":\"https:\\\/\\\/www.atech-sas.com\\\/de\\\/\"},{\"@type\":\"ListItem\",\"position\":2,\"name\":\"Produkte\",\"item\":\"https:\\\/\\\/www.atech-sas.com\\\/de\\\/produkte\\\/\"},{\"@type\":\"ListItem\",\"position\":3,\"name\":\"Pflanzk\u00fcbel mit Sitzbank\",\"item\":\"https:\\\/\\\/www.atech-sas.com\\\/de\\\/produktkategorie\\\/pflanzkuebel-mit-sitzbank\\\/\"},{\"@type\":\"ListItem\",\"position\":4,\"name\":\"Stadtgarten &#8211; Mosa\u00efque\"}]},{\"@type\":\"WebSite\",\"@id\":\"https:\\\/\\\/www.atech-sas.com\\\/de\\\/#website\",\"url\":\"https:\\\/\\\/www.atech-sas.com\\\/de\\\/\",\"name\":\"Atech-sas\",\"description\":\"Mobilier urbain\",\"publisher\":{\"@id\":\"https:\\\/\\\/www.atech-sas.com\\\/de\\\/#organization\"},\"potentialAction\":[{\"@type\":\"SearchAction\",\"target\":{\"@type\":\"EntryPoint\",\"urlTemplate\":\"https:\\\/\\\/www.atech-sas.com\\\/de\\\/?s={search_term_string}\"},\"query-input\":{\"@type\":\"PropertyValueSpecification\",\"valueRequired\":true,\"valueName\":\"search_term_string\"}}],\"inLanguage\":\"de\"},{\"@type\":\"Organization\",\"@id\":\"https:\\\/\\\/www.atech-sas.com\\\/de\\\/#organization\",\"name\":\"Atech-sas\",\"url\":\"https:\\\/\\\/www.atech-sas.com\\\/de\\\/\",\"logo\":{\"@type\":\"ImageObject\",\"inLanguage\":\"de\",\"@id\":\"https:\\\/\\\/www.atech-sas.com\\\/de\\\/#\\\/schema\\\/logo\\\/image\\\/\",\"url\":\"https:\\\/\\\/www.atech-sas.com\\\/wp-content\\\/uploads\\\/2021\\\/01\\\/ATECH_logo.svg\",\"contentUrl\":\"https:\\\/\\\/www.atech-sas.com\\\/wp-content\\\/uploads\\\/2021\\\/01\\\/ATECH_logo.svg\",\"width\":640,\"height\":217,\"caption\":\"Atech-sas\"},\"image\":{\"@id\":\"https:\\\/\\\/www.atech-sas.com\\\/de\\\/#\\\/schema\\\/logo\\\/image\\\/\"},\"sameAs\":[\"https:\\\/\\\/www.facebook.com\\\/atechsasfr\",\"https:\\\/\\\/www.instagram.com\\\/atech_sas\\\/\",\"https:\\\/\\\/www.youtube.com\\\/c\\\/Atech-saFr\\\/videos\",\"https:\\\/\\\/www.linkedin.com\\\/company\\\/atech-groupe-girod\\\/\"]}]}<\/script>\n<!-- \/ Yoast SEO plugin. -->","yoast_head_json":{"title":"Stadtgarten - Mosa\u00efque - ATECH","description":"Dies ist der Stadtgarten Mosa\u00efque. Es ist untypisch und passt sich perfekt an die st\u00e4dtische Umgebung an.","robots":{"index":"index","follow":"follow","max-snippet":"max-snippet:-1","max-image-preview":"max-image-preview:large","max-video-preview":"max-video-preview:-1"},"canonical":"https:\/\/www.atech-sas.com\/de\/produkt\/stadtgarten-mosaique\/","og_locale":"de_DE","og_type":"article","og_title":"Stadtgarten - Mosa\u00efque - ATECH","og_description":"Dies ist der Stadtgarten Mosa\u00efque. Es ist untypisch und passt sich perfekt an die st\u00e4dtische Umgebung an.","og_url":"https:\/\/www.atech-sas.com\/de\/produkt\/stadtgarten-mosaique\/","og_site_name":"ATECH","article_publisher":"https:\/\/www.facebook.com\/atechsasfr","article_modified_time":"2022-12-13T10:44:11+00:00","og_image":[{"width":1080,"height":1080,"url":"https:\/\/www.atech-sas.com\/wp-content\/uploads\/2021\/09\/ATECH-Jardin-urbain-Mosaique-A.jpg","type":"image\/jpeg"}],"twitter_card":"summary_large_image","twitter_misc":{"Gesch\u00e4tzte Lesezeit":"1\u00a0Minute"},"schema":{"@context":"https:\/\/schema.org","@graph":[{"@type":"WebPage","@id":"https:\/\/www.atech-sas.com\/de\/produkt\/stadtgarten-mosaique\/","url":"https:\/\/www.atech-sas.com\/de\/produkt\/stadtgarten-mosaique\/","name":"Stadtgarten - Mosa\u00efque - ATECH","isPartOf":{"@id":"https:\/\/www.atech-sas.com\/de\/#website"},"primaryImageOfPage":{"@id":"https:\/\/www.atech-sas.com\/de\/produkt\/stadtgarten-mosaique\/#primaryimage"},"image":{"@id":"https:\/\/www.atech-sas.com\/de\/produkt\/stadtgarten-mosaique\/#primaryimage"},"thumbnailUrl":"https:\/\/www.atech-sas.com\/wp-content\/uploads\/2021\/09\/ATECH-Jardin-urbain-Mosaique-A.jpg","datePublished":"2021-07-30T13:35:41+00:00","dateModified":"2022-12-13T10:44:11+00:00","description":"Dies ist der Stadtgarten Mosa\u00efque. Es ist untypisch und passt sich perfekt an die st\u00e4dtische Umgebung an.","breadcrumb":{"@id":"https:\/\/www.atech-sas.com\/de\/produkt\/stadtgarten-mosaique\/#breadcrumb"},"inLanguage":"de","potentialAction":[{"@type":"ReadAction","target":["https:\/\/www.atech-sas.com\/de\/produkt\/stadtgarten-mosaique\/"]}]},{"@type":"ImageObject","inLanguage":"de","@id":"https:\/\/www.atech-sas.com\/de\/produkt\/stadtgarten-mosaique\/#primaryimage","url":"https:\/\/www.atech-sas.com\/wp-content\/uploads\/2021\/09\/ATECH-Jardin-urbain-Mosaique-A.jpg","contentUrl":"https:\/\/www.atech-sas.com\/wp-content\/uploads\/2021\/09\/ATECH-Jardin-urbain-Mosaique-A.jpg","width":1080,"height":1080,"caption":"ATECH-Stadtgarten-Mosaique-A"},{"@type":"BreadcrumbList","@id":"https:\/\/www.atech-sas.com\/de\/produkt\/stadtgarten-mosaique\/#breadcrumb","itemListElement":[{"@type":"ListItem","position":1,"name":"Startseite","item":"https:\/\/www.atech-sas.com\/de\/"},{"@type":"ListItem","position":2,"name":"Produkte","item":"https:\/\/www.atech-sas.com\/de\/produkte\/"},{"@type":"ListItem","position":3,"name":"Pflanzk\u00fcbel mit Sitzbank","item":"https:\/\/www.atech-sas.com\/de\/produktkategorie\/pflanzkuebel-mit-sitzbank\/"},{"@type":"ListItem","position":4,"name":"Stadtgarten &#8211; Mosa\u00efque"}]},{"@type":"WebSite","@id":"https:\/\/www.atech-sas.com\/de\/#website","url":"https:\/\/www.atech-sas.com\/de\/","name":"Atech-sas","description":"Mobilier urbain","publisher":{"@id":"https:\/\/www.atech-sas.com\/de\/#organization"},"potentialAction":[{"@type":"SearchAction","target":{"@type":"EntryPoint","urlTemplate":"https:\/\/www.atech-sas.com\/de\/?s={search_term_string}"},"query-input":{"@type":"PropertyValueSpecification","valueRequired":true,"valueName":"search_term_string"}}],"inLanguage":"de"},{"@type":"Organization","@id":"https:\/\/www.atech-sas.com\/de\/#organization","name":"Atech-sas","url":"https:\/\/www.atech-sas.com\/de\/","logo":{"@type":"ImageObject","inLanguage":"de","@id":"https:\/\/www.atech-sas.com\/de\/#\/schema\/logo\/image\/","url":"https:\/\/www.atech-sas.com\/wp-content\/uploads\/2021\/01\/ATECH_logo.svg","contentUrl":"https:\/\/www.atech-sas.com\/wp-content\/uploads\/2021\/01\/ATECH_logo.svg","width":640,"height":217,"caption":"Atech-sas"},"image":{"@id":"https:\/\/www.atech-sas.com\/de\/#\/schema\/logo\/image\/"},"sameAs":["https:\/\/www.facebook.com\/atechsasfr","https:\/\/www.instagram.com\/atech_sas\/","https:\/\/www.youtube.com\/c\/Atech-saFr\/videos","https:\/\/www.linkedin.com\/company\/atech-groupe-girod\/"]}]}},"_links":{"self":[{"href":"https:\/\/www.atech-sas.com\/de\/wp-json\/wp\/v2\/product\/44120","targetHints":{"allow":["GET"]}}],"collection":[{"href":"https:\/\/www.atech-sas.com\/de\/wp-json\/wp\/v2\/product"}],"about":[{"href":"https:\/\/www.atech-sas.com\/de\/wp-json\/wp\/v2\/types\/product"}],"replies":[{"embeddable":true,"href":"https:\/\/www.atech-sas.com\/de\/wp-json\/wp\/v2\/comments?post=44120"}],"wp:featuredmedia":[{"embeddable":true,"href":"https:\/\/www.atech-sas.com\/de\/wp-json\/wp\/v2\/media\/45933"}],"wp:attachment":[{"href":"https:\/\/www.atech-sas.com\/de\/wp-json\/wp\/v2\/media?parent=44120"}],"wp:term":[{"taxonomy":"product_brand","embeddable":true,"href":"https:\/\/www.atech-sas.com\/de\/wp-json\/wp\/v2\/product_brand?post=44120"},{"taxonomy":"product_cat","embeddable":true,"href":"https:\/\/www.atech-sas.com\/de\/wp-json\/wp\/v2\/product_cat?post=44120"},{"taxonomy":"product_tag","embeddable":true,"href":"https:\/\/www.atech-sas.com\/de\/wp-json\/wp\/v2\/product_tag?post=44120"}],"curies":[{"name":"wp","href":"https:\/\/api.w.org\/{rel}","templated":true}]}}