{"id":38840,"date":"2021-02-16T17:26:10","date_gmt":"2021-02-16T16:26:10","guid":{"rendered":"https:\/\/www.atech-sas.com\/produit\/recycelbare-kunststoffaufhangung-jiflor\/"},"modified":"2023-05-26T12:31:15","modified_gmt":"2023-05-26T10:31:15","slug":"recycelbare-kunststoffaufhangung-jiflor","status":"publish","type":"product","link":"https:\/\/www.atech-sas.com\/de\/produkt\/recycelbare-kunststoffaufhangung-jiflor\/","title":{"rendered":"Recycelbare Kunststoffaufh\u00e4ngung &#8211; Jiflor"},"content":{"rendered":"<p>Blumenampeln aus biobasiertem und recycelbarem Kunststoff Jiflor\u00ae<br \/>\n<u>Blumenkasten:<\/u><br \/>\nBiobasiertes Polypropylen (inkl. 30 % Austernschalen), recycelbar, mit UV-Schutzbehandlung.<br \/>\nDas Beigefarbene enth\u00e4lt keine Farbstoffe.<br \/>\nWasserreservoir mit \u00dcberlaufsystem und Ablasspfropfen.<br \/>\nEntfernbares Drainagegitter.<br \/>\n<u>Optionen:<\/u><br \/>\nEntfernbares Pflanzeneinsatz aus recyceltem und recycelbarem Kunststoff.<br \/>\nBefestigungstr\u00e4ger aus verst\u00e4rktem Polyamid oder verzinktem Stahl.<br \/>\nSystem f\u00fcr automatische Bew\u00e4sserung (langsamer Fluss) oder halbautomatische Bew\u00e4sserung (schneller Fluss).<\/p>\n","protected":false},"excerpt":{"rendered":"<p>F\u00fcr ein bisschen Gr\u00fcn w\u00e4hlen Sie den Blumenbehang aus Polyethylen von JIFLOR, der in mehreren Farben mit Zubeh\u00f6r erh\u00e4ltlich ist.<\/p>\n","protected":false},"featured_media":32708,"comment_status":"open","ping_status":"closed","template":"","meta":{"_relevanssi_hide_post":"","_relevanssi_hide_content":"","_relevanssi_pin_for_all":"","_relevanssi_pin_keywords":"","_relevanssi_unpin_keywords":"","_relevanssi_related_keywords":"","_relevanssi_related_include_ids":"","_relevanssi_related_exclude_ids":"","_relevanssi_related_no_append":"","_relevanssi_related_not_related":"","_relevanssi_related_posts":"","_relevanssi_noindex_reason":""},"product_brand":[],"product_cat":[2397,1205],"product_tag":[],"class_list":{"0":"post-38840","1":"product","2":"type-product","3":"status-publish","4":"has-post-thumbnail","6":"product_cat-blumenkaesten-und-haegeampeln","7":"product_cat-kunststoff","8":"pa_arrosage-automatische","9":"pa_arrosage-halbautomatische","10":"pa_arrosage-ohne","11":"pa_bac-de-culture-ja","12":"pa_bac-de-culture-nein","13":"pa_couleur-anthrazitgrau","14":"pa_couleur-grun","15":"pa_couleur-nicht-definiert","16":"pa_dimensions-600-mm-x-300-mm-x-h-250-mm-de","17":"pa_dimensions-600-mm-x-600-mm-x-h-250-mm-de","18":"pa_dimensions-800-mm-x-400-mm-x-h-330-mm-de","19":"pa_dimensions-800-mm-x-800-mm-x-h-330-mm-de","20":"pa_filtre-forme-rundlich","21":"pa_filtre-hauteur-250-de","22":"pa_filtre-hauteur-330-de","23":"pa_filtre-matiere-recycelbarer-kunststoff","24":"pa_fixation-mauerhalterung","25":"pa_fixation-nicht-definiert","26":"pa_fixation-runde-maste-o-116-bis-135-mm","27":"pa_fixation-runde-maste-o-136-bis-158-mm","28":"pa_fixation-runde-maste-o-159-bis-181-mm","29":"pa_fixation-runde-maste-o-182-bis-205-mm","30":"pa_fixation-runde-maste-o-208-bis-228-mm","31":"pa_fixation-runde-maste-o-44-bis-66-mm","32":"pa_fixation-runde-maste-o-67-bis-89-mm","33":"pa_fixation-runde-maste-o-90-bis-115-mm","34":"pa_matiere-kunststoff","36":"first","37":"instock","38":"taxable","39":"shipping-taxable","40":"purchasable","41":"product-type-variable","42":"has-default-attributes"},"yoast_head":"<!-- This site is optimized with the Yoast SEO plugin v27.3 - https:\/\/yoast.com\/product\/yoast-seo-wordpress\/ -->\n<title>Recycelbare Kunststoffaufh\u00e4ngung - Jiflor - ATECH<\/title>\n<meta name=\"description\" content=\"F\u00fcr ein bisschen Gr\u00fcn w\u00e4hlen Sie den Blumenbehang aus Polyethylen von JIFLOR, der in mehreren Farben mit Zubeh\u00f6r erh\u00e4ltlich ist.\" \/>\n<meta name=\"robots\" content=\"index, follow, max-snippet:-1, max-image-preview:large, max-video-preview:-1\" \/>\n<link rel=\"canonical\" href=\"https:\/\/www.atech-sas.com\/de\/produkt\/recycelbare-kunststoffaufhangung-jiflor\/\" \/>\n<meta property=\"og:locale\" content=\"de_DE\" \/>\n<meta property=\"og:type\" content=\"article\" \/>\n<meta property=\"og:title\" content=\"Recycelbare Kunststoffaufh\u00e4ngung - Jiflor - ATECH\" \/>\n<meta property=\"og:description\" content=\"F\u00fcr ein bisschen Gr\u00fcn w\u00e4hlen Sie den Blumenbehang aus Polyethylen von JIFLOR, der in mehreren Farben mit Zubeh\u00f6r erh\u00e4ltlich ist.\" \/>\n<meta property=\"og:url\" content=\"https:\/\/www.atech-sas.com\/de\/produkt\/recycelbare-kunststoffaufhangung-jiflor\/\" \/>\n<meta property=\"og:site_name\" content=\"ATECH\" \/>\n<meta property=\"article:publisher\" content=\"https:\/\/www.facebook.com\/atechsasfr\" \/>\n<meta property=\"article:modified_time\" content=\"2023-05-26T10:31:15+00:00\" \/>\n<meta property=\"og:image\" content=\"https:\/\/www.atech-sas.com\/wp-content\/uploads\/2021\/02\/ATECH-Suspension-Jiflor.jpg\" \/>\n\t<meta property=\"og:image:width\" content=\"1080\" \/>\n\t<meta property=\"og:image:height\" content=\"1080\" \/>\n\t<meta property=\"og:image:type\" content=\"image\/jpeg\" \/>\n<meta name=\"twitter:card\" content=\"summary_large_image\" \/>\n<meta name=\"twitter:label1\" content=\"Gesch\u00e4tzte Lesezeit\" \/>\n\t<meta name=\"twitter:data1\" content=\"1\u00a0Minute\" \/>\n<script type=\"application\/ld+json\" class=\"yoast-schema-graph\">{\"@context\":\"https:\\\/\\\/schema.org\",\"@graph\":[{\"@type\":\"WebPage\",\"@id\":\"https:\\\/\\\/www.atech-sas.com\\\/de\\\/produkt\\\/recycelbare-kunststoffaufhangung-jiflor\\\/\",\"url\":\"https:\\\/\\\/www.atech-sas.com\\\/de\\\/produkt\\\/recycelbare-kunststoffaufhangung-jiflor\\\/\",\"name\":\"Recycelbare Kunststoffaufh\u00e4ngung - Jiflor - ATECH\",\"isPartOf\":{\"@id\":\"https:\\\/\\\/www.atech-sas.com\\\/de\\\/#website\"},\"primaryImageOfPage\":{\"@id\":\"https:\\\/\\\/www.atech-sas.com\\\/de\\\/produkt\\\/recycelbare-kunststoffaufhangung-jiflor\\\/#primaryimage\"},\"image\":{\"@id\":\"https:\\\/\\\/www.atech-sas.com\\\/de\\\/produkt\\\/recycelbare-kunststoffaufhangung-jiflor\\\/#primaryimage\"},\"thumbnailUrl\":\"https:\\\/\\\/www.atech-sas.com\\\/wp-content\\\/uploads\\\/2021\\\/02\\\/ATECH-Suspension-Jiflor.jpg\",\"datePublished\":\"2021-02-16T16:26:10+00:00\",\"dateModified\":\"2023-05-26T10:31:15+00:00\",\"description\":\"F\u00fcr ein bisschen Gr\u00fcn w\u00e4hlen Sie den Blumenbehang aus Polyethylen von JIFLOR, der in mehreren Farben mit Zubeh\u00f6r erh\u00e4ltlich ist.\",\"breadcrumb\":{\"@id\":\"https:\\\/\\\/www.atech-sas.com\\\/de\\\/produkt\\\/recycelbare-kunststoffaufhangung-jiflor\\\/#breadcrumb\"},\"inLanguage\":\"de\",\"potentialAction\":[{\"@type\":\"ReadAction\",\"target\":[\"https:\\\/\\\/www.atech-sas.com\\\/de\\\/produkt\\\/recycelbare-kunststoffaufhangung-jiflor\\\/\"]}]},{\"@type\":\"ImageObject\",\"inLanguage\":\"de\",\"@id\":\"https:\\\/\\\/www.atech-sas.com\\\/de\\\/produkt\\\/recycelbare-kunststoffaufhangung-jiflor\\\/#primaryimage\",\"url\":\"https:\\\/\\\/www.atech-sas.com\\\/wp-content\\\/uploads\\\/2021\\\/02\\\/ATECH-Suspension-Jiflor.jpg\",\"contentUrl\":\"https:\\\/\\\/www.atech-sas.com\\\/wp-content\\\/uploads\\\/2021\\\/02\\\/ATECH-Suspension-Jiflor.jpg\",\"width\":1080,\"height\":1080,\"caption\":\"ATECH-Jiflor-Kunststoffaufhaengung\"},{\"@type\":\"BreadcrumbList\",\"@id\":\"https:\\\/\\\/www.atech-sas.com\\\/de\\\/produkt\\\/recycelbare-kunststoffaufhangung-jiflor\\\/#breadcrumb\",\"itemListElement\":[{\"@type\":\"ListItem\",\"position\":1,\"name\":\"Startseite\",\"item\":\"https:\\\/\\\/www.atech-sas.com\\\/de\\\/\"},{\"@type\":\"ListItem\",\"position\":2,\"name\":\"Produkte\",\"item\":\"https:\\\/\\\/www.atech-sas.com\\\/de\\\/produkte\\\/\"},{\"@type\":\"ListItem\",\"position\":3,\"name\":\"Mobilier Urbain\",\"item\":\"https:\\\/\\\/www.atech-sas.com\\\/categorie-produit\\\/mobilier-urbain\\\/\"},{\"@type\":\"ListItem\",\"position\":4,\"name\":\"Blumenk\u00e4sten und H\u00e4ngeampeln\",\"item\":\"https:\\\/\\\/www.atech-sas.com\\\/de\\\/produktkategorie\\\/blumenkaesten-und-haegeampeln\\\/\"},{\"@type\":\"ListItem\",\"position\":5,\"name\":\"Recycelbare Kunststoffaufh\u00e4ngung &#8211; Jiflor\"}]},{\"@type\":\"WebSite\",\"@id\":\"https:\\\/\\\/www.atech-sas.com\\\/de\\\/#website\",\"url\":\"https:\\\/\\\/www.atech-sas.com\\\/de\\\/\",\"name\":\"Atech-sas\",\"description\":\"Mobilier urbain\",\"publisher\":{\"@id\":\"https:\\\/\\\/www.atech-sas.com\\\/de\\\/#organization\"},\"potentialAction\":[{\"@type\":\"SearchAction\",\"target\":{\"@type\":\"EntryPoint\",\"urlTemplate\":\"https:\\\/\\\/www.atech-sas.com\\\/de\\\/?s={search_term_string}\"},\"query-input\":{\"@type\":\"PropertyValueSpecification\",\"valueRequired\":true,\"valueName\":\"search_term_string\"}}],\"inLanguage\":\"de\"},{\"@type\":\"Organization\",\"@id\":\"https:\\\/\\\/www.atech-sas.com\\\/de\\\/#organization\",\"name\":\"Atech-sas\",\"url\":\"https:\\\/\\\/www.atech-sas.com\\\/de\\\/\",\"logo\":{\"@type\":\"ImageObject\",\"inLanguage\":\"de\",\"@id\":\"https:\\\/\\\/www.atech-sas.com\\\/de\\\/#\\\/schema\\\/logo\\\/image\\\/\",\"url\":\"https:\\\/\\\/www.atech-sas.com\\\/wp-content\\\/uploads\\\/2021\\\/01\\\/ATECH_logo.svg\",\"contentUrl\":\"https:\\\/\\\/www.atech-sas.com\\\/wp-content\\\/uploads\\\/2021\\\/01\\\/ATECH_logo.svg\",\"width\":640,\"height\":217,\"caption\":\"Atech-sas\"},\"image\":{\"@id\":\"https:\\\/\\\/www.atech-sas.com\\\/de\\\/#\\\/schema\\\/logo\\\/image\\\/\"},\"sameAs\":[\"https:\\\/\\\/www.facebook.com\\\/atechsasfr\",\"https:\\\/\\\/www.instagram.com\\\/atech_sas\\\/\",\"https:\\\/\\\/www.youtube.com\\\/c\\\/Atech-saFr\\\/videos\",\"https:\\\/\\\/www.linkedin.com\\\/company\\\/atech-groupe-girod\\\/\"]}]}<\/script>\n<!-- \/ Yoast SEO plugin. -->","yoast_head_json":{"title":"Recycelbare Kunststoffaufh\u00e4ngung - Jiflor - ATECH","description":"F\u00fcr ein bisschen Gr\u00fcn w\u00e4hlen Sie den Blumenbehang aus Polyethylen von JIFLOR, der in mehreren Farben mit Zubeh\u00f6r erh\u00e4ltlich ist.","robots":{"index":"index","follow":"follow","max-snippet":"max-snippet:-1","max-image-preview":"max-image-preview:large","max-video-preview":"max-video-preview:-1"},"canonical":"https:\/\/www.atech-sas.com\/de\/produkt\/recycelbare-kunststoffaufhangung-jiflor\/","og_locale":"de_DE","og_type":"article","og_title":"Recycelbare Kunststoffaufh\u00e4ngung - Jiflor - ATECH","og_description":"F\u00fcr ein bisschen Gr\u00fcn w\u00e4hlen Sie den Blumenbehang aus Polyethylen von JIFLOR, der in mehreren Farben mit Zubeh\u00f6r erh\u00e4ltlich ist.","og_url":"https:\/\/www.atech-sas.com\/de\/produkt\/recycelbare-kunststoffaufhangung-jiflor\/","og_site_name":"ATECH","article_publisher":"https:\/\/www.facebook.com\/atechsasfr","article_modified_time":"2023-05-26T10:31:15+00:00","og_image":[{"width":1080,"height":1080,"url":"https:\/\/www.atech-sas.com\/wp-content\/uploads\/2021\/02\/ATECH-Suspension-Jiflor.jpg","type":"image\/jpeg"}],"twitter_card":"summary_large_image","twitter_misc":{"Gesch\u00e4tzte Lesezeit":"1\u00a0Minute"},"schema":{"@context":"https:\/\/schema.org","@graph":[{"@type":"WebPage","@id":"https:\/\/www.atech-sas.com\/de\/produkt\/recycelbare-kunststoffaufhangung-jiflor\/","url":"https:\/\/www.atech-sas.com\/de\/produkt\/recycelbare-kunststoffaufhangung-jiflor\/","name":"Recycelbare Kunststoffaufh\u00e4ngung - Jiflor - ATECH","isPartOf":{"@id":"https:\/\/www.atech-sas.com\/de\/#website"},"primaryImageOfPage":{"@id":"https:\/\/www.atech-sas.com\/de\/produkt\/recycelbare-kunststoffaufhangung-jiflor\/#primaryimage"},"image":{"@id":"https:\/\/www.atech-sas.com\/de\/produkt\/recycelbare-kunststoffaufhangung-jiflor\/#primaryimage"},"thumbnailUrl":"https:\/\/www.atech-sas.com\/wp-content\/uploads\/2021\/02\/ATECH-Suspension-Jiflor.jpg","datePublished":"2021-02-16T16:26:10+00:00","dateModified":"2023-05-26T10:31:15+00:00","description":"F\u00fcr ein bisschen Gr\u00fcn w\u00e4hlen Sie den Blumenbehang aus Polyethylen von JIFLOR, der in mehreren Farben mit Zubeh\u00f6r erh\u00e4ltlich ist.","breadcrumb":{"@id":"https:\/\/www.atech-sas.com\/de\/produkt\/recycelbare-kunststoffaufhangung-jiflor\/#breadcrumb"},"inLanguage":"de","potentialAction":[{"@type":"ReadAction","target":["https:\/\/www.atech-sas.com\/de\/produkt\/recycelbare-kunststoffaufhangung-jiflor\/"]}]},{"@type":"ImageObject","inLanguage":"de","@id":"https:\/\/www.atech-sas.com\/de\/produkt\/recycelbare-kunststoffaufhangung-jiflor\/#primaryimage","url":"https:\/\/www.atech-sas.com\/wp-content\/uploads\/2021\/02\/ATECH-Suspension-Jiflor.jpg","contentUrl":"https:\/\/www.atech-sas.com\/wp-content\/uploads\/2021\/02\/ATECH-Suspension-Jiflor.jpg","width":1080,"height":1080,"caption":"ATECH-Jiflor-Kunststoffaufhaengung"},{"@type":"BreadcrumbList","@id":"https:\/\/www.atech-sas.com\/de\/produkt\/recycelbare-kunststoffaufhangung-jiflor\/#breadcrumb","itemListElement":[{"@type":"ListItem","position":1,"name":"Startseite","item":"https:\/\/www.atech-sas.com\/de\/"},{"@type":"ListItem","position":2,"name":"Produkte","item":"https:\/\/www.atech-sas.com\/de\/produkte\/"},{"@type":"ListItem","position":3,"name":"Mobilier Urbain","item":"https:\/\/www.atech-sas.com\/categorie-produit\/mobilier-urbain\/"},{"@type":"ListItem","position":4,"name":"Blumenk\u00e4sten und H\u00e4ngeampeln","item":"https:\/\/www.atech-sas.com\/de\/produktkategorie\/blumenkaesten-und-haegeampeln\/"},{"@type":"ListItem","position":5,"name":"Recycelbare Kunststoffaufh\u00e4ngung &#8211; Jiflor"}]},{"@type":"WebSite","@id":"https:\/\/www.atech-sas.com\/de\/#website","url":"https:\/\/www.atech-sas.com\/de\/","name":"Atech-sas","description":"Mobilier urbain","publisher":{"@id":"https:\/\/www.atech-sas.com\/de\/#organization"},"potentialAction":[{"@type":"SearchAction","target":{"@type":"EntryPoint","urlTemplate":"https:\/\/www.atech-sas.com\/de\/?s={search_term_string}"},"query-input":{"@type":"PropertyValueSpecification","valueRequired":true,"valueName":"search_term_string"}}],"inLanguage":"de"},{"@type":"Organization","@id":"https:\/\/www.atech-sas.com\/de\/#organization","name":"Atech-sas","url":"https:\/\/www.atech-sas.com\/de\/","logo":{"@type":"ImageObject","inLanguage":"de","@id":"https:\/\/www.atech-sas.com\/de\/#\/schema\/logo\/image\/","url":"https:\/\/www.atech-sas.com\/wp-content\/uploads\/2021\/01\/ATECH_logo.svg","contentUrl":"https:\/\/www.atech-sas.com\/wp-content\/uploads\/2021\/01\/ATECH_logo.svg","width":640,"height":217,"caption":"Atech-sas"},"image":{"@id":"https:\/\/www.atech-sas.com\/de\/#\/schema\/logo\/image\/"},"sameAs":["https:\/\/www.facebook.com\/atechsasfr","https:\/\/www.instagram.com\/atech_sas\/","https:\/\/www.youtube.com\/c\/Atech-saFr\/videos","https:\/\/www.linkedin.com\/company\/atech-groupe-girod\/"]}]}},"_links":{"self":[{"href":"https:\/\/www.atech-sas.com\/de\/wp-json\/wp\/v2\/product\/38840","targetHints":{"allow":["GET"]}}],"collection":[{"href":"https:\/\/www.atech-sas.com\/de\/wp-json\/wp\/v2\/product"}],"about":[{"href":"https:\/\/www.atech-sas.com\/de\/wp-json\/wp\/v2\/types\/product"}],"replies":[{"embeddable":true,"href":"https:\/\/www.atech-sas.com\/de\/wp-json\/wp\/v2\/comments?post=38840"}],"wp:featuredmedia":[{"embeddable":true,"href":"https:\/\/www.atech-sas.com\/de\/wp-json\/wp\/v2\/media\/32708"}],"wp:attachment":[{"href":"https:\/\/www.atech-sas.com\/de\/wp-json\/wp\/v2\/media?parent=38840"}],"wp:term":[{"taxonomy":"product_brand","embeddable":true,"href":"https:\/\/www.atech-sas.com\/de\/wp-json\/wp\/v2\/product_brand?post=38840"},{"taxonomy":"product_cat","embeddable":true,"href":"https:\/\/www.atech-sas.com\/de\/wp-json\/wp\/v2\/product_cat?post=38840"},{"taxonomy":"product_tag","embeddable":true,"href":"https:\/\/www.atech-sas.com\/de\/wp-json\/wp\/v2\/product_tag?post=38840"}],"curies":[{"name":"wp","href":"https:\/\/api.w.org\/{rel}","templated":true}]}}