{"id":38615,"date":"2021-02-16T15:57:19","date_gmt":"2021-02-16T14:57:19","guid":{"rendered":"https:\/\/www.atech-sas.com\/produit\/sadtgarten-a-linea\/"},"modified":"2024-06-25T16:14:41","modified_gmt":"2024-06-25T14:14:41","slug":"stadtgarten-a-linea","status":"publish","type":"product","link":"https:\/\/www.atech-sas.com\/de\/produkt\/stadtgarten-a-linea\/","title":{"rendered":"Stadtgarten &#8211; A-LINEA"},"content":{"rendered":"<p><strong><span style=\"color: #000000;\">Stadtgarten &#8211; A-LIN\u00c9A<br \/>\n<\/span><\/strong><br \/>\n<span style=\"color: #000000;\"><u>Werkstoffe &amp; Ausf\u00fchrung:\u00a0<\/u><br \/>\n<\/span><span style=\"color: #000000;\">Struktur aus Stahl 3 mm dick korrosionsgesch\u00fctzt und pulverbeschichtet in einer RAL- oder AkzoNobel-Farbe Ihrer Wahl<\/span><\/p>\n<p><u>Befestigung:\u00a0<\/u><br \/>\n&#8211; Bodenspie\u00df (Schrauben nicht enthalten)<\/p>\n<p><u>Variante:<br \/>\n<\/u><span style=\"color: #000000;\">&#8211; Kundenspezifischer Laserschnitt<\/span><span style=\"color: #000000;\"><br \/>\n<\/span><span style=\"color: #000000;\">&#8211; Blumentopf Perga aus Stahl<\/span><br \/>\n<span style=\"color: #000000;\"><u><br \/>\nOption :<br \/>\n<\/u>&#8211; Extravase Blumentopf:<br \/>\n__ Recyclebarem Polyethylen<br \/>\n__ Anti-UV-Behandlung<br \/>\n__ Drainagegitter<br \/>\n<span style=\"color: #2178e8;\">__ <a style=\"color: #2178e8;\" href=\"https:\/\/www.atech-sas.com\/de\/wasserverwaltung\/\"><strong>Wasserspeicher mit \u00dcberlauf\u00a0<\/strong><\/a><\/span><br \/>\n__ 16 Farben, davon 1 strukturierte, zus\u00e4tzliche Kosten Entfernbares<\/span><br \/>\n<span style=\"color: #000000;\">__ Hubkragen (<a href=\"https:\/\/www.atech-sas.com\/de\/kontakt\/\">Fordern Sie ein Angebot an<\/a>)<\/span><\/p>\n<p><em>Andere m\u00f6gliche Materialien und Ausf\u00fchrungen <a href=\"https:\/\/www.atech-sas.com\/de\/materialien-techniken\/\">zu entdecken<\/a><\/em><\/p>\n<p><strong>Die in den Bildern enthaltene Vegetation stellt keine Empfehlung unsererseits dar<\/strong><\/p>\n<p><em>Auf dem 2., 3. und 4. Bild oben sehen Sie den Stadtgarten mit der Option Blumentopf Extravase.<\/em><\/p>\n","protected":false},"excerpt":{"rendered":"<p><span style=\"text-decoration: underline; color: #88bc28;\"><strong>Begr\u00fcnte Fl\u00e4che<\/strong><\/span><span style=\"color: #000000;\"><strong>\u00a0: <\/strong><\/span>0.5 m\u00b2 \u00e0 1.8 m\u00b2<\/p>\n","protected":false},"featured_media":51657,"comment_status":"open","ping_status":"closed","template":"","meta":{"_relevanssi_hide_post":"","_relevanssi_hide_content":"","_relevanssi_pin_for_all":"","_relevanssi_pin_keywords":"","_relevanssi_unpin_keywords":"","_relevanssi_related_keywords":"","_relevanssi_related_include_ids":"","_relevanssi_related_exclude_ids":"","_relevanssi_related_no_append":"","_relevanssi_related_not_related":"","_relevanssi_related_posts":"","_relevanssi_noindex_reason":""},"product_brand":[],"product_cat":[1205,1162,1170,2427],"product_tag":[],"class_list":{"0":"post-38615","1":"product","2":"type-product","3":"status-publish","4":"has-post-thumbnail","6":"product_cat-kunststoff","7":"product_cat-pflanzkuebel-mit-sitzbank","8":"product_cat-stadtmoebel-bank","9":"product_cat-stahl-de","10":"pa_couleur-nicht-definiert","11":"pa_couleur-personalisiert","12":"pa_couleur-plastique-anisgrun","13":"pa_couleur-plastique-anthrazitgrau","14":"pa_couleur-plastique-blaulila","15":"pa_couleur-plastique-corten-de","16":"pa_couleur-plastique-fenstergrau","17":"pa_couleur-plastique-melonengelb","18":"pa_couleur-plastique-nicht-definiert","19":"pa_couleur-plastique-pastelblau","20":"pa_couleur-plastique-quartzgrau","21":"pa_couleur-plastique-schwarz","22":"pa_couleur-plastique-sicherheitsviolett","23":"pa_couleur-plastique-signalblau","24":"pa_couleur-plastique-signalorange","25":"pa_couleur-plastique-signalrot","26":"pa_couleur-plastique-telemagenta-de","27":"pa_couleur-plastique-terrakotta","28":"pa_couleur-plastique-weinrot","29":"pa_couleur-plastique-zitonengelb","30":"pa_dimensions-1150-mm-x-1150-mm-x-h-460-mm-de","31":"pa_dimensions-1280-mm-x-1280-mm-x-h-460-mm-de","32":"pa_dimensions-2950-mm-x-1735-mm-x-h-460-mm-de","33":"pa_dimensions-4100-mm-x-2560-mm-x-h-460-mm-de","34":"pa_filtre-forme-rundlich","35":"pa_filtre-hauteur-460-de","36":"pa_filtre-matiere-recycelbarer-kunststoff","37":"pa_filtre-matiere-stahl","38":"pa_finition-plastique-nicht-definiert","39":"pa_finition-plastique-standard-farbtoene","40":"pa_finition-plastique-strukturierte-farbtoene","41":"pa_finition-structure-lackiert","42":"pa_gamme-a-linea-de","43":"pa_matiere-structure-stahl","44":"pa_option-pot-extravase-mit","45":"pa_option-pot-extravase-ohne","47":"first","48":"instock","49":"taxable","50":"shipping-taxable","51":"purchasable","52":"product-type-variable","53":"has-default-attributes"},"yoast_head":"<!-- This site is optimized with the Yoast SEO plugin v27.3 - https:\/\/yoast.com\/product\/yoast-seo-wordpress\/ -->\n<title>Stadtgarten - A-LINEA - ATECH<\/title>\n<meta name=\"description\" content=\"Die modulare Sitzbank A-LINEA ist aus Stahl gefertigt, was ihre Solidit\u00e4t garantiert, und sie enth\u00e4lt Blument\u00f6pfe aus recycelbarem Kunststoff.\" \/>\n<meta name=\"robots\" content=\"index, follow, max-snippet:-1, max-image-preview:large, max-video-preview:-1\" \/>\n<link rel=\"canonical\" href=\"https:\/\/www.atech-sas.com\/de\/produkt\/stadtgarten-a-linea\/\" \/>\n<meta property=\"og:locale\" content=\"de_DE\" \/>\n<meta property=\"og:type\" content=\"article\" \/>\n<meta property=\"og:title\" content=\"Stadtgarten - A-LINEA - ATECH\" \/>\n<meta property=\"og:description\" content=\"Die modulare Sitzbank A-LINEA ist aus Stahl gefertigt, was ihre Solidit\u00e4t garantiert, und sie enth\u00e4lt Blument\u00f6pfe aus recycelbarem Kunststoff.\" \/>\n<meta property=\"og:url\" content=\"https:\/\/www.atech-sas.com\/de\/produkt\/stadtgarten-a-linea\/\" \/>\n<meta property=\"og:site_name\" content=\"ATECH\" \/>\n<meta property=\"article:publisher\" content=\"https:\/\/www.facebook.com\/atechsasfr\" \/>\n<meta property=\"article:modified_time\" content=\"2024-06-25T14:14:41+00:00\" \/>\n<meta property=\"og:image\" content=\"https:\/\/www.atech-sas.com\/wp-content\/uploads\/2022\/02\/ATECH-Jardin-Urbain-ALINEA-2.jpg\" \/>\n\t<meta property=\"og:image:width\" content=\"1080\" \/>\n\t<meta property=\"og:image:height\" content=\"1080\" \/>\n\t<meta property=\"og:image:type\" content=\"image\/jpeg\" \/>\n<meta name=\"twitter:card\" content=\"summary_large_image\" \/>\n<meta name=\"twitter:label1\" content=\"Gesch\u00e4tzte Lesezeit\" \/>\n\t<meta name=\"twitter:data1\" content=\"1\u00a0Minute\" \/>\n<script type=\"application\/ld+json\" class=\"yoast-schema-graph\">{\"@context\":\"https:\\\/\\\/schema.org\",\"@graph\":[{\"@type\":\"WebPage\",\"@id\":\"https:\\\/\\\/www.atech-sas.com\\\/de\\\/produkt\\\/stadtgarten-a-linea\\\/\",\"url\":\"https:\\\/\\\/www.atech-sas.com\\\/de\\\/produkt\\\/stadtgarten-a-linea\\\/\",\"name\":\"Stadtgarten - A-LINEA - ATECH\",\"isPartOf\":{\"@id\":\"https:\\\/\\\/www.atech-sas.com\\\/de\\\/#website\"},\"primaryImageOfPage\":{\"@id\":\"https:\\\/\\\/www.atech-sas.com\\\/de\\\/produkt\\\/stadtgarten-a-linea\\\/#primaryimage\"},\"image\":{\"@id\":\"https:\\\/\\\/www.atech-sas.com\\\/de\\\/produkt\\\/stadtgarten-a-linea\\\/#primaryimage\"},\"thumbnailUrl\":\"https:\\\/\\\/www.atech-sas.com\\\/wp-content\\\/uploads\\\/2022\\\/02\\\/ATECH-Jardin-Urbain-ALINEA-2.jpg\",\"datePublished\":\"2021-02-16T14:57:19+00:00\",\"dateModified\":\"2024-06-25T14:14:41+00:00\",\"description\":\"Die modulare Sitzbank A-LINEA ist aus Stahl gefertigt, was ihre Solidit\u00e4t garantiert, und sie enth\u00e4lt Blument\u00f6pfe aus recycelbarem Kunststoff.\",\"breadcrumb\":{\"@id\":\"https:\\\/\\\/www.atech-sas.com\\\/de\\\/produkt\\\/stadtgarten-a-linea\\\/#breadcrumb\"},\"inLanguage\":\"de\",\"potentialAction\":[{\"@type\":\"ReadAction\",\"target\":[\"https:\\\/\\\/www.atech-sas.com\\\/de\\\/produkt\\\/stadtgarten-a-linea\\\/\"]}]},{\"@type\":\"ImageObject\",\"inLanguage\":\"de\",\"@id\":\"https:\\\/\\\/www.atech-sas.com\\\/de\\\/produkt\\\/stadtgarten-a-linea\\\/#primaryimage\",\"url\":\"https:\\\/\\\/www.atech-sas.com\\\/wp-content\\\/uploads\\\/2022\\\/02\\\/ATECH-Jardin-Urbain-ALINEA-2.jpg\",\"contentUrl\":\"https:\\\/\\\/www.atech-sas.com\\\/wp-content\\\/uploads\\\/2022\\\/02\\\/ATECH-Jardin-Urbain-ALINEA-2.jpg\",\"width\":1080,\"height\":1080,\"caption\":\"ATECH-ALINEA-Sadtgarten-2\"},{\"@type\":\"BreadcrumbList\",\"@id\":\"https:\\\/\\\/www.atech-sas.com\\\/de\\\/produkt\\\/stadtgarten-a-linea\\\/#breadcrumb\",\"itemListElement\":[{\"@type\":\"ListItem\",\"position\":1,\"name\":\"Startseite\",\"item\":\"https:\\\/\\\/www.atech-sas.com\\\/de\\\/\"},{\"@type\":\"ListItem\",\"position\":2,\"name\":\"Produkte\",\"item\":\"https:\\\/\\\/www.atech-sas.com\\\/de\\\/produkte\\\/\"},{\"@type\":\"ListItem\",\"position\":3,\"name\":\"Mobilier Urbain\",\"item\":\"https:\\\/\\\/www.atech-sas.com\\\/categorie-produit\\\/mobilier-urbain\\\/\"},{\"@type\":\"ListItem\",\"position\":4,\"name\":\"Pflanzk\u00fcbel mit Sitzbank\",\"item\":\"https:\\\/\\\/www.atech-sas.com\\\/de\\\/produktkategorie\\\/pflanzkuebel-mit-sitzbank\\\/\"},{\"@type\":\"ListItem\",\"position\":5,\"name\":\"Stadtgarten &#8211; A-LINEA\"}]},{\"@type\":\"WebSite\",\"@id\":\"https:\\\/\\\/www.atech-sas.com\\\/de\\\/#website\",\"url\":\"https:\\\/\\\/www.atech-sas.com\\\/de\\\/\",\"name\":\"Atech-sas\",\"description\":\"Mobilier urbain\",\"publisher\":{\"@id\":\"https:\\\/\\\/www.atech-sas.com\\\/de\\\/#organization\"},\"potentialAction\":[{\"@type\":\"SearchAction\",\"target\":{\"@type\":\"EntryPoint\",\"urlTemplate\":\"https:\\\/\\\/www.atech-sas.com\\\/de\\\/?s={search_term_string}\"},\"query-input\":{\"@type\":\"PropertyValueSpecification\",\"valueRequired\":true,\"valueName\":\"search_term_string\"}}],\"inLanguage\":\"de\"},{\"@type\":\"Organization\",\"@id\":\"https:\\\/\\\/www.atech-sas.com\\\/de\\\/#organization\",\"name\":\"Atech-sas\",\"url\":\"https:\\\/\\\/www.atech-sas.com\\\/de\\\/\",\"logo\":{\"@type\":\"ImageObject\",\"inLanguage\":\"de\",\"@id\":\"https:\\\/\\\/www.atech-sas.com\\\/de\\\/#\\\/schema\\\/logo\\\/image\\\/\",\"url\":\"https:\\\/\\\/www.atech-sas.com\\\/wp-content\\\/uploads\\\/2021\\\/01\\\/ATECH_logo.svg\",\"contentUrl\":\"https:\\\/\\\/www.atech-sas.com\\\/wp-content\\\/uploads\\\/2021\\\/01\\\/ATECH_logo.svg\",\"width\":640,\"height\":217,\"caption\":\"Atech-sas\"},\"image\":{\"@id\":\"https:\\\/\\\/www.atech-sas.com\\\/de\\\/#\\\/schema\\\/logo\\\/image\\\/\"},\"sameAs\":[\"https:\\\/\\\/www.facebook.com\\\/atechsasfr\",\"https:\\\/\\\/www.instagram.com\\\/atech_sas\\\/\",\"https:\\\/\\\/www.youtube.com\\\/c\\\/Atech-saFr\\\/videos\",\"https:\\\/\\\/www.linkedin.com\\\/company\\\/atech-groupe-girod\\\/\"]}]}<\/script>\n<!-- \/ Yoast SEO plugin. -->","yoast_head_json":{"title":"Stadtgarten - A-LINEA - ATECH","description":"Die modulare Sitzbank A-LINEA ist aus Stahl gefertigt, was ihre Solidit\u00e4t garantiert, und sie enth\u00e4lt Blument\u00f6pfe aus recycelbarem Kunststoff.","robots":{"index":"index","follow":"follow","max-snippet":"max-snippet:-1","max-image-preview":"max-image-preview:large","max-video-preview":"max-video-preview:-1"},"canonical":"https:\/\/www.atech-sas.com\/de\/produkt\/stadtgarten-a-linea\/","og_locale":"de_DE","og_type":"article","og_title":"Stadtgarten - A-LINEA - ATECH","og_description":"Die modulare Sitzbank A-LINEA ist aus Stahl gefertigt, was ihre Solidit\u00e4t garantiert, und sie enth\u00e4lt Blument\u00f6pfe aus recycelbarem Kunststoff.","og_url":"https:\/\/www.atech-sas.com\/de\/produkt\/stadtgarten-a-linea\/","og_site_name":"ATECH","article_publisher":"https:\/\/www.facebook.com\/atechsasfr","article_modified_time":"2024-06-25T14:14:41+00:00","og_image":[{"width":1080,"height":1080,"url":"https:\/\/www.atech-sas.com\/wp-content\/uploads\/2022\/02\/ATECH-Jardin-Urbain-ALINEA-2.jpg","type":"image\/jpeg"}],"twitter_card":"summary_large_image","twitter_misc":{"Gesch\u00e4tzte Lesezeit":"1\u00a0Minute"},"schema":{"@context":"https:\/\/schema.org","@graph":[{"@type":"WebPage","@id":"https:\/\/www.atech-sas.com\/de\/produkt\/stadtgarten-a-linea\/","url":"https:\/\/www.atech-sas.com\/de\/produkt\/stadtgarten-a-linea\/","name":"Stadtgarten - A-LINEA - ATECH","isPartOf":{"@id":"https:\/\/www.atech-sas.com\/de\/#website"},"primaryImageOfPage":{"@id":"https:\/\/www.atech-sas.com\/de\/produkt\/stadtgarten-a-linea\/#primaryimage"},"image":{"@id":"https:\/\/www.atech-sas.com\/de\/produkt\/stadtgarten-a-linea\/#primaryimage"},"thumbnailUrl":"https:\/\/www.atech-sas.com\/wp-content\/uploads\/2022\/02\/ATECH-Jardin-Urbain-ALINEA-2.jpg","datePublished":"2021-02-16T14:57:19+00:00","dateModified":"2024-06-25T14:14:41+00:00","description":"Die modulare Sitzbank A-LINEA ist aus Stahl gefertigt, was ihre Solidit\u00e4t garantiert, und sie enth\u00e4lt Blument\u00f6pfe aus recycelbarem Kunststoff.","breadcrumb":{"@id":"https:\/\/www.atech-sas.com\/de\/produkt\/stadtgarten-a-linea\/#breadcrumb"},"inLanguage":"de","potentialAction":[{"@type":"ReadAction","target":["https:\/\/www.atech-sas.com\/de\/produkt\/stadtgarten-a-linea\/"]}]},{"@type":"ImageObject","inLanguage":"de","@id":"https:\/\/www.atech-sas.com\/de\/produkt\/stadtgarten-a-linea\/#primaryimage","url":"https:\/\/www.atech-sas.com\/wp-content\/uploads\/2022\/02\/ATECH-Jardin-Urbain-ALINEA-2.jpg","contentUrl":"https:\/\/www.atech-sas.com\/wp-content\/uploads\/2022\/02\/ATECH-Jardin-Urbain-ALINEA-2.jpg","width":1080,"height":1080,"caption":"ATECH-ALINEA-Sadtgarten-2"},{"@type":"BreadcrumbList","@id":"https:\/\/www.atech-sas.com\/de\/produkt\/stadtgarten-a-linea\/#breadcrumb","itemListElement":[{"@type":"ListItem","position":1,"name":"Startseite","item":"https:\/\/www.atech-sas.com\/de\/"},{"@type":"ListItem","position":2,"name":"Produkte","item":"https:\/\/www.atech-sas.com\/de\/produkte\/"},{"@type":"ListItem","position":3,"name":"Mobilier Urbain","item":"https:\/\/www.atech-sas.com\/categorie-produit\/mobilier-urbain\/"},{"@type":"ListItem","position":4,"name":"Pflanzk\u00fcbel mit Sitzbank","item":"https:\/\/www.atech-sas.com\/de\/produktkategorie\/pflanzkuebel-mit-sitzbank\/"},{"@type":"ListItem","position":5,"name":"Stadtgarten &#8211; A-LINEA"}]},{"@type":"WebSite","@id":"https:\/\/www.atech-sas.com\/de\/#website","url":"https:\/\/www.atech-sas.com\/de\/","name":"Atech-sas","description":"Mobilier urbain","publisher":{"@id":"https:\/\/www.atech-sas.com\/de\/#organization"},"potentialAction":[{"@type":"SearchAction","target":{"@type":"EntryPoint","urlTemplate":"https:\/\/www.atech-sas.com\/de\/?s={search_term_string}"},"query-input":{"@type":"PropertyValueSpecification","valueRequired":true,"valueName":"search_term_string"}}],"inLanguage":"de"},{"@type":"Organization","@id":"https:\/\/www.atech-sas.com\/de\/#organization","name":"Atech-sas","url":"https:\/\/www.atech-sas.com\/de\/","logo":{"@type":"ImageObject","inLanguage":"de","@id":"https:\/\/www.atech-sas.com\/de\/#\/schema\/logo\/image\/","url":"https:\/\/www.atech-sas.com\/wp-content\/uploads\/2021\/01\/ATECH_logo.svg","contentUrl":"https:\/\/www.atech-sas.com\/wp-content\/uploads\/2021\/01\/ATECH_logo.svg","width":640,"height":217,"caption":"Atech-sas"},"image":{"@id":"https:\/\/www.atech-sas.com\/de\/#\/schema\/logo\/image\/"},"sameAs":["https:\/\/www.facebook.com\/atechsasfr","https:\/\/www.instagram.com\/atech_sas\/","https:\/\/www.youtube.com\/c\/Atech-saFr\/videos","https:\/\/www.linkedin.com\/company\/atech-groupe-girod\/"]}]}},"_links":{"self":[{"href":"https:\/\/www.atech-sas.com\/de\/wp-json\/wp\/v2\/product\/38615","targetHints":{"allow":["GET"]}}],"collection":[{"href":"https:\/\/www.atech-sas.com\/de\/wp-json\/wp\/v2\/product"}],"about":[{"href":"https:\/\/www.atech-sas.com\/de\/wp-json\/wp\/v2\/types\/product"}],"replies":[{"embeddable":true,"href":"https:\/\/www.atech-sas.com\/de\/wp-json\/wp\/v2\/comments?post=38615"}],"wp:featuredmedia":[{"embeddable":true,"href":"https:\/\/www.atech-sas.com\/de\/wp-json\/wp\/v2\/media\/51657"}],"wp:attachment":[{"href":"https:\/\/www.atech-sas.com\/de\/wp-json\/wp\/v2\/media?parent=38615"}],"wp:term":[{"taxonomy":"product_brand","embeddable":true,"href":"https:\/\/www.atech-sas.com\/de\/wp-json\/wp\/v2\/product_brand?post=38615"},{"taxonomy":"product_cat","embeddable":true,"href":"https:\/\/www.atech-sas.com\/de\/wp-json\/wp\/v2\/product_cat?post=38615"},{"taxonomy":"product_tag","embeddable":true,"href":"https:\/\/www.atech-sas.com\/de\/wp-json\/wp\/v2\/product_tag?post=38615"}],"curies":[{"name":"wp","href":"https:\/\/api.w.org\/{rel}","templated":true}]}}