{"id":38457,"date":"2021-02-16T12:57:23","date_gmt":"2021-02-16T11:57:23","guid":{"rendered":"https:\/\/www.atech-sas.com\/produit\/einzelsitzbank-a-linea\/"},"modified":"2023-11-14T11:17:32","modified_gmt":"2023-11-14T10:17:32","slug":"einzelsitzbank-a-linea","status":"publish","type":"product","link":"https:\/\/www.atech-sas.com\/de\/produkt\/einzelsitzbank-a-linea\/","title":{"rendered":"Einzelsitzbank &#8211; A-LIN\u00c9A"},"content":{"rendered":"<p>Einfache Sitzbank A-LIN\u00c9A<br \/>\n<span style=\"color: #313031;\"><u>Werkstoffe &amp; Ausf\u00fchrung:<\/u><br \/>\nStruktur aus Stahl 3 mm dick korrosionsgesch\u00fctzt und pulverbeschichtet in RAL- oder AkzoNobel-Farben Ihrer Wahl<br \/>\n<u>Befestigung:<\/u><br \/>\n<\/span>Bodenspie\u00df, Struktur mit 4 L\u00f6chern versehen \u00d8 13 mm (Schrauben nicht im Lieferumfang)<br \/>\n<u>Option:<\/u><br \/>\nBlumentopf Extravase aus recyclebarem Polyethylen, 17 Farben zur Auswahl<\/p>\n<p><em>Auf dem 2. Bild oben sehen Sie die Sitzbank mit der Option Blumentopf Extravase.<\/em><\/p>\n<p>Weitere Werkstoffe und Ausf\u00fchrungen m\u00f6glich<a href=\"https:\/\/www.atech-sas.com\/de\/materialien-techniken\/\"> zu entdecken<\/a><br \/>\n<em>Variante mit Stahl Perga Blumentablett oder mit Vase Blumentopf, <a href=\"https:\/\/www.atech-sas.com\/de\/kontakt\/\">Fragen Sie uns f\u00fcr ein Angebot<\/a>.<\/em><\/p>\n","protected":false},"excerpt":{"rendered":"<p>A-LINEA hat in seinem Sortiment das Modell einer einfachen Sitzbank aus Stahl mit einem optionalen Blumentopf aus recycelbarem Kunststoff.<\/p>\n","protected":false},"featured_media":51597,"comment_status":"open","ping_status":"closed","template":"","meta":{"_relevanssi_hide_post":"","_relevanssi_hide_content":"","_relevanssi_pin_for_all":"","_relevanssi_pin_keywords":"","_relevanssi_unpin_keywords":"","_relevanssi_related_keywords":"","_relevanssi_related_include_ids":"","_relevanssi_related_exclude_ids":"","_relevanssi_related_no_append":"","_relevanssi_related_not_related":"","_relevanssi_related_posts":"","_relevanssi_noindex_reason":""},"product_brand":[],"product_cat":[1205,1170,2427],"product_tag":[],"class_list":{"0":"post-38457","1":"product","2":"type-product","3":"status-publish","4":"has-post-thumbnail","6":"product_cat-kunststoff","7":"product_cat-stadtmoebel-bank","8":"product_cat-stahl-de","9":"pa_couleur-nicht-definiert","10":"pa_couleur-personalisiert","11":"pa_couleur-plastique-anisgrun","12":"pa_couleur-plastique-anthrazitgrau","13":"pa_couleur-plastique-blaulila","14":"pa_couleur-plastique-corten-de","15":"pa_couleur-plastique-fenstergrau","16":"pa_couleur-plastique-melonengelb","17":"pa_couleur-plastique-nicht-definiert","18":"pa_couleur-plastique-pastelblau","19":"pa_couleur-plastique-quartzgrau","20":"pa_couleur-plastique-schwarz","21":"pa_couleur-plastique-sicherheitsviolett","22":"pa_couleur-plastique-signalblau","23":"pa_couleur-plastique-signalorange","24":"pa_couleur-plastique-signalrot","25":"pa_couleur-plastique-telemagenta-de","26":"pa_couleur-plastique-terrakotta","27":"pa_couleur-plastique-weinrot","28":"pa_couleur-plastique-zitonengelb","29":"pa_dimensions-2000-x-610-x-h-460-mm-de","30":"pa_dimensions-3000-mm-x-610-mm-x-h-460-mm-de-2","31":"pa_filtre-forme-linear-de","32":"pa_filtre-forme-rundlich","33":"pa_filtre-hauteur-460-de","34":"pa_filtre-matiere-recycelbarer-kunststoff","35":"pa_filtre-matiere-stahl","36":"pa_finition-plastique-nicht-definiert","37":"pa_finition-plastique-standard-farbtoene","38":"pa_finition-plastique-strukturierte-farbtoene","39":"pa_finition-structure-lackiert","40":"pa_gamme-a-linea-de","41":"pa_matiere-structure-stahl","42":"pa_option-pot-extravase-mit","43":"pa_option-pot-extravase-ohne","45":"first","46":"instock","47":"taxable","48":"shipping-taxable","49":"purchasable","50":"product-type-variable","51":"has-default-attributes"},"yoast_head":"<!-- This site is optimized with the Yoast SEO plugin v27.4 - https:\/\/yoast.com\/product\/yoast-seo-wordpress\/ -->\n<title>Einzelsitzbank - A-LIN\u00c9A - ATECH<\/title>\n<meta name=\"description\" content=\"A-LINEA hat in seinem Sortiment das Modell einer einfachen Sitzbank aus Stahl mit einem optionalen Blumentopf aus recycelbarem Kunststoff.\" \/>\n<meta name=\"robots\" content=\"index, follow, max-snippet:-1, max-image-preview:large, max-video-preview:-1\" \/>\n<link rel=\"canonical\" href=\"https:\/\/www.atech-sas.com\/de\/produkt\/einzelsitzbank-a-linea\/\" \/>\n<meta property=\"og:locale\" content=\"de_DE\" \/>\n<meta property=\"og:type\" content=\"article\" \/>\n<meta property=\"og:title\" content=\"Einzelsitzbank - A-LIN\u00c9A - ATECH\" \/>\n<meta property=\"og:description\" content=\"A-LINEA hat in seinem Sortiment das Modell einer einfachen Sitzbank aus Stahl mit einem optionalen Blumentopf aus recycelbarem Kunststoff.\" \/>\n<meta property=\"og:url\" content=\"https:\/\/www.atech-sas.com\/de\/produkt\/einzelsitzbank-a-linea\/\" \/>\n<meta property=\"og:site_name\" content=\"ATECH\" \/>\n<meta property=\"article:publisher\" content=\"https:\/\/www.facebook.com\/atechsasfr\" \/>\n<meta property=\"article:modified_time\" content=\"2023-11-14T10:17:32+00:00\" \/>\n<meta property=\"og:image\" content=\"https:\/\/www.atech-sas.com\/wp-content\/uploads\/2022\/02\/ATECH-Banquette-simple-ALINEA-2.jpg\" \/>\n\t<meta property=\"og:image:width\" content=\"1080\" \/>\n\t<meta property=\"og:image:height\" content=\"1080\" \/>\n\t<meta property=\"og:image:type\" content=\"image\/jpeg\" \/>\n<meta name=\"twitter:card\" content=\"summary_large_image\" \/>\n<meta name=\"twitter:label1\" content=\"Gesch\u00e4tzte Lesezeit\" \/>\n\t<meta name=\"twitter:data1\" content=\"1\u00a0Minute\" \/>\n<script type=\"application\/ld+json\" class=\"yoast-schema-graph\">{\"@context\":\"https:\\\/\\\/schema.org\",\"@graph\":[{\"@type\":\"WebPage\",\"@id\":\"https:\\\/\\\/www.atech-sas.com\\\/de\\\/produkt\\\/einzelsitzbank-a-linea\\\/\",\"url\":\"https:\\\/\\\/www.atech-sas.com\\\/de\\\/produkt\\\/einzelsitzbank-a-linea\\\/\",\"name\":\"Einzelsitzbank - A-LIN\u00c9A - ATECH\",\"isPartOf\":{\"@id\":\"https:\\\/\\\/www.atech-sas.com\\\/de\\\/#website\"},\"primaryImageOfPage\":{\"@id\":\"https:\\\/\\\/www.atech-sas.com\\\/de\\\/produkt\\\/einzelsitzbank-a-linea\\\/#primaryimage\"},\"image\":{\"@id\":\"https:\\\/\\\/www.atech-sas.com\\\/de\\\/produkt\\\/einzelsitzbank-a-linea\\\/#primaryimage\"},\"thumbnailUrl\":\"https:\\\/\\\/www.atech-sas.com\\\/wp-content\\\/uploads\\\/2022\\\/02\\\/ATECH-Banquette-simple-ALINEA-2.jpg\",\"datePublished\":\"2021-02-16T11:57:23+00:00\",\"dateModified\":\"2023-11-14T10:17:32+00:00\",\"description\":\"A-LINEA hat in seinem Sortiment das Modell einer einfachen Sitzbank aus Stahl mit einem optionalen Blumentopf aus recycelbarem Kunststoff.\",\"breadcrumb\":{\"@id\":\"https:\\\/\\\/www.atech-sas.com\\\/de\\\/produkt\\\/einzelsitzbank-a-linea\\\/#breadcrumb\"},\"inLanguage\":\"de\",\"potentialAction\":[{\"@type\":\"ReadAction\",\"target\":[\"https:\\\/\\\/www.atech-sas.com\\\/de\\\/produkt\\\/einzelsitzbank-a-linea\\\/\"]}]},{\"@type\":\"ImageObject\",\"inLanguage\":\"de\",\"@id\":\"https:\\\/\\\/www.atech-sas.com\\\/de\\\/produkt\\\/einzelsitzbank-a-linea\\\/#primaryimage\",\"url\":\"https:\\\/\\\/www.atech-sas.com\\\/wp-content\\\/uploads\\\/2022\\\/02\\\/ATECH-Banquette-simple-ALINEA-2.jpg\",\"contentUrl\":\"https:\\\/\\\/www.atech-sas.com\\\/wp-content\\\/uploads\\\/2022\\\/02\\\/ATECH-Banquette-simple-ALINEA-2.jpg\",\"width\":1080,\"height\":1080,\"caption\":\"ATECH Banquette simple ALINEA 2\"},{\"@type\":\"BreadcrumbList\",\"@id\":\"https:\\\/\\\/www.atech-sas.com\\\/de\\\/produkt\\\/einzelsitzbank-a-linea\\\/#breadcrumb\",\"itemListElement\":[{\"@type\":\"ListItem\",\"position\":1,\"name\":\"Startseite\",\"item\":\"https:\\\/\\\/www.atech-sas.com\\\/de\\\/\"},{\"@type\":\"ListItem\",\"position\":2,\"name\":\"Produkte\",\"item\":\"https:\\\/\\\/www.atech-sas.com\\\/de\\\/produkte\\\/\"},{\"@type\":\"ListItem\",\"position\":3,\"name\":\"Sitzb\u00e4nke\",\"item\":\"https:\\\/\\\/www.atech-sas.com\\\/de\\\/produktkategorie\\\/stadtmoebel-bank\\\/\"},{\"@type\":\"ListItem\",\"position\":4,\"name\":\"Einzelsitzbank &#8211; A-LIN\u00c9A\"}]},{\"@type\":\"WebSite\",\"@id\":\"https:\\\/\\\/www.atech-sas.com\\\/de\\\/#website\",\"url\":\"https:\\\/\\\/www.atech-sas.com\\\/de\\\/\",\"name\":\"Atech-sas\",\"description\":\"Mobilier urbain\",\"publisher\":{\"@id\":\"https:\\\/\\\/www.atech-sas.com\\\/de\\\/#organization\"},\"potentialAction\":[{\"@type\":\"SearchAction\",\"target\":{\"@type\":\"EntryPoint\",\"urlTemplate\":\"https:\\\/\\\/www.atech-sas.com\\\/de\\\/?s={search_term_string}\"},\"query-input\":{\"@type\":\"PropertyValueSpecification\",\"valueRequired\":true,\"valueName\":\"search_term_string\"}}],\"inLanguage\":\"de\"},{\"@type\":\"Organization\",\"@id\":\"https:\\\/\\\/www.atech-sas.com\\\/de\\\/#organization\",\"name\":\"Atech-sas\",\"url\":\"https:\\\/\\\/www.atech-sas.com\\\/de\\\/\",\"logo\":{\"@type\":\"ImageObject\",\"inLanguage\":\"de\",\"@id\":\"https:\\\/\\\/www.atech-sas.com\\\/de\\\/#\\\/schema\\\/logo\\\/image\\\/\",\"url\":\"https:\\\/\\\/www.atech-sas.com\\\/wp-content\\\/uploads\\\/2021\\\/01\\\/ATECH_logo.svg\",\"contentUrl\":\"https:\\\/\\\/www.atech-sas.com\\\/wp-content\\\/uploads\\\/2021\\\/01\\\/ATECH_logo.svg\",\"width\":640,\"height\":217,\"caption\":\"Atech-sas\"},\"image\":{\"@id\":\"https:\\\/\\\/www.atech-sas.com\\\/de\\\/#\\\/schema\\\/logo\\\/image\\\/\"},\"sameAs\":[\"https:\\\/\\\/www.facebook.com\\\/atechsasfr\",\"https:\\\/\\\/www.instagram.com\\\/atech_sas\\\/\",\"https:\\\/\\\/www.youtube.com\\\/c\\\/Atech-saFr\\\/videos\",\"https:\\\/\\\/www.linkedin.com\\\/company\\\/atech-groupe-girod\\\/\"]}]}<\/script>\n<!-- \/ Yoast SEO plugin. -->","yoast_head_json":{"title":"Einzelsitzbank - A-LIN\u00c9A - ATECH","description":"A-LINEA hat in seinem Sortiment das Modell einer einfachen Sitzbank aus Stahl mit einem optionalen Blumentopf aus recycelbarem Kunststoff.","robots":{"index":"index","follow":"follow","max-snippet":"max-snippet:-1","max-image-preview":"max-image-preview:large","max-video-preview":"max-video-preview:-1"},"canonical":"https:\/\/www.atech-sas.com\/de\/produkt\/einzelsitzbank-a-linea\/","og_locale":"de_DE","og_type":"article","og_title":"Einzelsitzbank - A-LIN\u00c9A - ATECH","og_description":"A-LINEA hat in seinem Sortiment das Modell einer einfachen Sitzbank aus Stahl mit einem optionalen Blumentopf aus recycelbarem Kunststoff.","og_url":"https:\/\/www.atech-sas.com\/de\/produkt\/einzelsitzbank-a-linea\/","og_site_name":"ATECH","article_publisher":"https:\/\/www.facebook.com\/atechsasfr","article_modified_time":"2023-11-14T10:17:32+00:00","og_image":[{"width":1080,"height":1080,"url":"https:\/\/www.atech-sas.com\/wp-content\/uploads\/2022\/02\/ATECH-Banquette-simple-ALINEA-2.jpg","type":"image\/jpeg"}],"twitter_card":"summary_large_image","twitter_misc":{"Gesch\u00e4tzte Lesezeit":"1\u00a0Minute"},"schema":{"@context":"https:\/\/schema.org","@graph":[{"@type":"WebPage","@id":"https:\/\/www.atech-sas.com\/de\/produkt\/einzelsitzbank-a-linea\/","url":"https:\/\/www.atech-sas.com\/de\/produkt\/einzelsitzbank-a-linea\/","name":"Einzelsitzbank - A-LIN\u00c9A - ATECH","isPartOf":{"@id":"https:\/\/www.atech-sas.com\/de\/#website"},"primaryImageOfPage":{"@id":"https:\/\/www.atech-sas.com\/de\/produkt\/einzelsitzbank-a-linea\/#primaryimage"},"image":{"@id":"https:\/\/www.atech-sas.com\/de\/produkt\/einzelsitzbank-a-linea\/#primaryimage"},"thumbnailUrl":"https:\/\/www.atech-sas.com\/wp-content\/uploads\/2022\/02\/ATECH-Banquette-simple-ALINEA-2.jpg","datePublished":"2021-02-16T11:57:23+00:00","dateModified":"2023-11-14T10:17:32+00:00","description":"A-LINEA hat in seinem Sortiment das Modell einer einfachen Sitzbank aus Stahl mit einem optionalen Blumentopf aus recycelbarem Kunststoff.","breadcrumb":{"@id":"https:\/\/www.atech-sas.com\/de\/produkt\/einzelsitzbank-a-linea\/#breadcrumb"},"inLanguage":"de","potentialAction":[{"@type":"ReadAction","target":["https:\/\/www.atech-sas.com\/de\/produkt\/einzelsitzbank-a-linea\/"]}]},{"@type":"ImageObject","inLanguage":"de","@id":"https:\/\/www.atech-sas.com\/de\/produkt\/einzelsitzbank-a-linea\/#primaryimage","url":"https:\/\/www.atech-sas.com\/wp-content\/uploads\/2022\/02\/ATECH-Banquette-simple-ALINEA-2.jpg","contentUrl":"https:\/\/www.atech-sas.com\/wp-content\/uploads\/2022\/02\/ATECH-Banquette-simple-ALINEA-2.jpg","width":1080,"height":1080,"caption":"ATECH Banquette simple ALINEA 2"},{"@type":"BreadcrumbList","@id":"https:\/\/www.atech-sas.com\/de\/produkt\/einzelsitzbank-a-linea\/#breadcrumb","itemListElement":[{"@type":"ListItem","position":1,"name":"Startseite","item":"https:\/\/www.atech-sas.com\/de\/"},{"@type":"ListItem","position":2,"name":"Produkte","item":"https:\/\/www.atech-sas.com\/de\/produkte\/"},{"@type":"ListItem","position":3,"name":"Sitzb\u00e4nke","item":"https:\/\/www.atech-sas.com\/de\/produktkategorie\/stadtmoebel-bank\/"},{"@type":"ListItem","position":4,"name":"Einzelsitzbank &#8211; A-LIN\u00c9A"}]},{"@type":"WebSite","@id":"https:\/\/www.atech-sas.com\/de\/#website","url":"https:\/\/www.atech-sas.com\/de\/","name":"Atech-sas","description":"Mobilier urbain","publisher":{"@id":"https:\/\/www.atech-sas.com\/de\/#organization"},"potentialAction":[{"@type":"SearchAction","target":{"@type":"EntryPoint","urlTemplate":"https:\/\/www.atech-sas.com\/de\/?s={search_term_string}"},"query-input":{"@type":"PropertyValueSpecification","valueRequired":true,"valueName":"search_term_string"}}],"inLanguage":"de"},{"@type":"Organization","@id":"https:\/\/www.atech-sas.com\/de\/#organization","name":"Atech-sas","url":"https:\/\/www.atech-sas.com\/de\/","logo":{"@type":"ImageObject","inLanguage":"de","@id":"https:\/\/www.atech-sas.com\/de\/#\/schema\/logo\/image\/","url":"https:\/\/www.atech-sas.com\/wp-content\/uploads\/2021\/01\/ATECH_logo.svg","contentUrl":"https:\/\/www.atech-sas.com\/wp-content\/uploads\/2021\/01\/ATECH_logo.svg","width":640,"height":217,"caption":"Atech-sas"},"image":{"@id":"https:\/\/www.atech-sas.com\/de\/#\/schema\/logo\/image\/"},"sameAs":["https:\/\/www.facebook.com\/atechsasfr","https:\/\/www.instagram.com\/atech_sas\/","https:\/\/www.youtube.com\/c\/Atech-saFr\/videos","https:\/\/www.linkedin.com\/company\/atech-groupe-girod\/"]}]}},"_links":{"self":[{"href":"https:\/\/www.atech-sas.com\/de\/wp-json\/wp\/v2\/product\/38457","targetHints":{"allow":["GET"]}}],"collection":[{"href":"https:\/\/www.atech-sas.com\/de\/wp-json\/wp\/v2\/product"}],"about":[{"href":"https:\/\/www.atech-sas.com\/de\/wp-json\/wp\/v2\/types\/product"}],"replies":[{"embeddable":true,"href":"https:\/\/www.atech-sas.com\/de\/wp-json\/wp\/v2\/comments?post=38457"}],"wp:featuredmedia":[{"embeddable":true,"href":"https:\/\/www.atech-sas.com\/de\/wp-json\/wp\/v2\/media\/51597"}],"wp:attachment":[{"href":"https:\/\/www.atech-sas.com\/de\/wp-json\/wp\/v2\/media?parent=38457"}],"wp:term":[{"taxonomy":"product_brand","embeddable":true,"href":"https:\/\/www.atech-sas.com\/de\/wp-json\/wp\/v2\/product_brand?post=38457"},{"taxonomy":"product_cat","embeddable":true,"href":"https:\/\/www.atech-sas.com\/de\/wp-json\/wp\/v2\/product_cat?post=38457"},{"taxonomy":"product_tag","embeddable":true,"href":"https:\/\/www.atech-sas.com\/de\/wp-json\/wp\/v2\/product_tag?post=38457"}],"curies":[{"name":"wp","href":"https:\/\/api.w.org\/{rel}","templated":true}]}}