{"id":37962,"date":"2021-02-16T09:34:33","date_gmt":"2021-02-16T08:34:33","guid":{"rendered":"https:\/\/www.atech-sas.com\/produit\/offentliche-sitzbank-hedera\/"},"modified":"2024-10-22T12:42:57","modified_gmt":"2024-10-22T10:42:57","slug":"oeffentliche-sitzbank-hedera","status":"publish","type":"product","link":"https:\/\/www.atech-sas.com\/de\/produkt\/oeffentliche-sitzbank-hedera\/","title":{"rendered":"\u00d6ffentliche Sitzbank &#8211; HEDERA"},"content":{"rendered":"<p>\u00d6ffentliche Sitzbank HEDERA<br \/>\n<u>Werkstoffe &amp; Ausf\u00fchrung:<\/u><br \/>\nStruktur aus Stahl 5 mm dick korrosionsgesch\u00fctzt und pulverbeschichtet, RAL oder AkzoNobel Farben Ihrer Wahl<br \/>\nSitz Bohlen aus Schichtholz 8 mm dick, 4 Farben zur Auswahl (Natural Afro, Sahara Afro, Englische Kirsche oder Sonnenbirne)<br \/>\n<u>Befestigung:<\/u><br \/>\nBodenspie\u00df, Struktur mit 4 L\u00f6chern versehen \u00d8 15 mm (Schrauben nicht im Lieferumfang enthalten)<\/p>\n<p>Weitere Werkstoffe und Ausf\u00fchrungen m\u00f6glich <a href=\"https:\/\/www.atech-sas.com\/de\/materialien-techniken\/\">zu entdecken<\/a><\/p>\n","protected":false},"excerpt":{"rendered":"<p>Entdecken Sie HEDERA, die \u00f6ffentliche Sitzbank mit der M\u00f6glichkeit zu bl\u00fchen. Der Sitz ist aus laminiertem Holz f\u00fcr eine Bi-Material-Wiedergabe vorgeschlagen.<\/p>\n","protected":false},"featured_media":31998,"comment_status":"open","ping_status":"closed","template":"","meta":{"_relevanssi_hide_post":"","_relevanssi_hide_content":"","_relevanssi_pin_for_all":"","_relevanssi_pin_keywords":"","_relevanssi_unpin_keywords":"","_relevanssi_related_keywords":"","_relevanssi_related_include_ids":"","_relevanssi_related_exclude_ids":"","_relevanssi_related_no_append":"","_relevanssi_related_not_related":"","_relevanssi_related_posts":"","_relevanssi_noindex_reason":""},"product_brand":[],"product_cat":[2339,1170,2427],"product_tag":[],"class_list":{"0":"post-37962","1":"product","2":"type-product","3":"status-publish","4":"has-post-thumbnail","6":"product_cat-metall-holz-de","7":"product_cat-stadtmoebel-bank","8":"product_cat-stahl-de","9":"pa_couleur-assises-englische-kirsche","10":"pa_couleur-assises-natural-afro","11":"pa_couleur-assises-nicht-definiert","12":"pa_couleur-assises-sahara-afro-de","13":"pa_couleur-assises-sonnenbirne","14":"pa_couleur-structure-nicht-definiert","15":"pa_couleur-structure-personalisiert","16":"pa_dimensions-2070-mm-x-500-mm-x-h-840-mm-de","17":"pa_filtre-forme-linear-de","18":"pa_filtre-hauteur-840-de","19":"pa_filtre-matiere-laminiertes-holz","20":"pa_filtre-matiere-stahl","21":"pa_finition-structure-lackiert","22":"pa_gamme-hedera-de","23":"pa_matiere-assise-schichtholz","24":"pa_matiere-structure-stahl","25":"pa_texture-assise-mit-rillen","27":"first","28":"instock","29":"taxable","30":"shipping-taxable","31":"purchasable","32":"product-type-variable","33":"has-default-attributes"},"yoast_head":"<!-- This site is optimized with the Yoast SEO plugin v27.3 - https:\/\/yoast.com\/product\/yoast-seo-wordpress\/ -->\n<title>\u00d6ffentliche Sitzbank - HEDERA - ATECH<\/title>\n<meta name=\"description\" content=\"Entdecken Sie HEDERA, die \u00f6ffentliche Sitzbank mit der M\u00f6glichkeit zu bl\u00fchen. Der Sitz ist aus laminiertem Holz f\u00fcr eine Bi-Material-Wiedergabe vorgeschlagen.\" \/>\n<meta name=\"robots\" content=\"index, follow, max-snippet:-1, max-image-preview:large, max-video-preview:-1\" \/>\n<link rel=\"canonical\" href=\"https:\/\/www.atech-sas.com\/de\/produkt\/oeffentliche-sitzbank-hedera\/\" \/>\n<meta property=\"og:locale\" content=\"de_DE\" \/>\n<meta property=\"og:type\" content=\"article\" \/>\n<meta property=\"og:title\" content=\"\u00d6ffentliche Sitzbank - HEDERA - ATECH\" \/>\n<meta property=\"og:description\" content=\"Entdecken Sie HEDERA, die \u00f6ffentliche Sitzbank mit der M\u00f6glichkeit zu bl\u00fchen. Der Sitz ist aus laminiertem Holz f\u00fcr eine Bi-Material-Wiedergabe vorgeschlagen.\" \/>\n<meta property=\"og:url\" content=\"https:\/\/www.atech-sas.com\/de\/produkt\/oeffentliche-sitzbank-hedera\/\" \/>\n<meta property=\"og:site_name\" content=\"ATECH\" \/>\n<meta property=\"article:publisher\" content=\"https:\/\/www.facebook.com\/atechsasfr\" \/>\n<meta property=\"article:modified_time\" content=\"2024-10-22T10:42:57+00:00\" \/>\n<meta property=\"og:image\" content=\"https:\/\/www.atech-sas.com\/wp-content\/uploads\/2021\/02\/ATECH-Banc-HEDERA-1.jpg\" \/>\n\t<meta property=\"og:image:width\" content=\"1080\" \/>\n\t<meta property=\"og:image:height\" content=\"1080\" \/>\n\t<meta property=\"og:image:type\" content=\"image\/jpeg\" \/>\n<meta name=\"twitter:card\" content=\"summary_large_image\" \/>\n<meta name=\"twitter:label1\" content=\"Gesch\u00e4tzte Lesezeit\" \/>\n\t<meta name=\"twitter:data1\" content=\"1\u00a0Minute\" \/>\n<script type=\"application\/ld+json\" class=\"yoast-schema-graph\">{\"@context\":\"https:\\\/\\\/schema.org\",\"@graph\":[{\"@type\":\"WebPage\",\"@id\":\"https:\\\/\\\/www.atech-sas.com\\\/de\\\/produkt\\\/oeffentliche-sitzbank-hedera\\\/\",\"url\":\"https:\\\/\\\/www.atech-sas.com\\\/de\\\/produkt\\\/oeffentliche-sitzbank-hedera\\\/\",\"name\":\"\u00d6ffentliche Sitzbank - HEDERA - ATECH\",\"isPartOf\":{\"@id\":\"https:\\\/\\\/www.atech-sas.com\\\/de\\\/#website\"},\"primaryImageOfPage\":{\"@id\":\"https:\\\/\\\/www.atech-sas.com\\\/de\\\/produkt\\\/oeffentliche-sitzbank-hedera\\\/#primaryimage\"},\"image\":{\"@id\":\"https:\\\/\\\/www.atech-sas.com\\\/de\\\/produkt\\\/oeffentliche-sitzbank-hedera\\\/#primaryimage\"},\"thumbnailUrl\":\"https:\\\/\\\/www.atech-sas.com\\\/wp-content\\\/uploads\\\/2021\\\/02\\\/ATECH-Banc-HEDERA-1.jpg\",\"datePublished\":\"2021-02-16T08:34:33+00:00\",\"dateModified\":\"2024-10-22T10:42:57+00:00\",\"description\":\"Entdecken Sie HEDERA, die \u00f6ffentliche Sitzbank mit der M\u00f6glichkeit zu bl\u00fchen. Der Sitz ist aus laminiertem Holz f\u00fcr eine Bi-Material-Wiedergabe vorgeschlagen.\",\"breadcrumb\":{\"@id\":\"https:\\\/\\\/www.atech-sas.com\\\/de\\\/produkt\\\/oeffentliche-sitzbank-hedera\\\/#breadcrumb\"},\"inLanguage\":\"de\",\"potentialAction\":[{\"@type\":\"ReadAction\",\"target\":[\"https:\\\/\\\/www.atech-sas.com\\\/de\\\/produkt\\\/oeffentliche-sitzbank-hedera\\\/\"]}]},{\"@type\":\"ImageObject\",\"inLanguage\":\"de\",\"@id\":\"https:\\\/\\\/www.atech-sas.com\\\/de\\\/produkt\\\/oeffentliche-sitzbank-hedera\\\/#primaryimage\",\"url\":\"https:\\\/\\\/www.atech-sas.com\\\/wp-content\\\/uploads\\\/2021\\\/02\\\/ATECH-Banc-HEDERA-1.jpg\",\"contentUrl\":\"https:\\\/\\\/www.atech-sas.com\\\/wp-content\\\/uploads\\\/2021\\\/02\\\/ATECH-Banc-HEDERA-1.jpg\",\"width\":1080,\"height\":1080,\"caption\":\"ATECH-HEDERA-Sitzbank\"},{\"@type\":\"BreadcrumbList\",\"@id\":\"https:\\\/\\\/www.atech-sas.com\\\/de\\\/produkt\\\/oeffentliche-sitzbank-hedera\\\/#breadcrumb\",\"itemListElement\":[{\"@type\":\"ListItem\",\"position\":1,\"name\":\"Startseite\",\"item\":\"https:\\\/\\\/www.atech-sas.com\\\/de\\\/\"},{\"@type\":\"ListItem\",\"position\":2,\"name\":\"Produkte\",\"item\":\"https:\\\/\\\/www.atech-sas.com\\\/de\\\/produkte\\\/\"},{\"@type\":\"ListItem\",\"position\":3,\"name\":\"Sitzb\u00e4nke\",\"item\":\"https:\\\/\\\/www.atech-sas.com\\\/de\\\/produktkategorie\\\/stadtmoebel-bank\\\/\"},{\"@type\":\"ListItem\",\"position\":4,\"name\":\"\u00d6ffentliche Sitzbank &#8211; HEDERA\"}]},{\"@type\":\"WebSite\",\"@id\":\"https:\\\/\\\/www.atech-sas.com\\\/de\\\/#website\",\"url\":\"https:\\\/\\\/www.atech-sas.com\\\/de\\\/\",\"name\":\"Atech-sas\",\"description\":\"Mobilier urbain\",\"publisher\":{\"@id\":\"https:\\\/\\\/www.atech-sas.com\\\/de\\\/#organization\"},\"potentialAction\":[{\"@type\":\"SearchAction\",\"target\":{\"@type\":\"EntryPoint\",\"urlTemplate\":\"https:\\\/\\\/www.atech-sas.com\\\/de\\\/?s={search_term_string}\"},\"query-input\":{\"@type\":\"PropertyValueSpecification\",\"valueRequired\":true,\"valueName\":\"search_term_string\"}}],\"inLanguage\":\"de\"},{\"@type\":\"Organization\",\"@id\":\"https:\\\/\\\/www.atech-sas.com\\\/de\\\/#organization\",\"name\":\"Atech-sas\",\"url\":\"https:\\\/\\\/www.atech-sas.com\\\/de\\\/\",\"logo\":{\"@type\":\"ImageObject\",\"inLanguage\":\"de\",\"@id\":\"https:\\\/\\\/www.atech-sas.com\\\/de\\\/#\\\/schema\\\/logo\\\/image\\\/\",\"url\":\"https:\\\/\\\/www.atech-sas.com\\\/wp-content\\\/uploads\\\/2021\\\/01\\\/ATECH_logo.svg\",\"contentUrl\":\"https:\\\/\\\/www.atech-sas.com\\\/wp-content\\\/uploads\\\/2021\\\/01\\\/ATECH_logo.svg\",\"width\":640,\"height\":217,\"caption\":\"Atech-sas\"},\"image\":{\"@id\":\"https:\\\/\\\/www.atech-sas.com\\\/de\\\/#\\\/schema\\\/logo\\\/image\\\/\"},\"sameAs\":[\"https:\\\/\\\/www.facebook.com\\\/atechsasfr\",\"https:\\\/\\\/www.instagram.com\\\/atech_sas\\\/\",\"https:\\\/\\\/www.youtube.com\\\/c\\\/Atech-saFr\\\/videos\",\"https:\\\/\\\/www.linkedin.com\\\/company\\\/atech-groupe-girod\\\/\"]}]}<\/script>\n<!-- \/ Yoast SEO plugin. -->","yoast_head_json":{"title":"\u00d6ffentliche Sitzbank - HEDERA - ATECH","description":"Entdecken Sie HEDERA, die \u00f6ffentliche Sitzbank mit der M\u00f6glichkeit zu bl\u00fchen. Der Sitz ist aus laminiertem Holz f\u00fcr eine Bi-Material-Wiedergabe vorgeschlagen.","robots":{"index":"index","follow":"follow","max-snippet":"max-snippet:-1","max-image-preview":"max-image-preview:large","max-video-preview":"max-video-preview:-1"},"canonical":"https:\/\/www.atech-sas.com\/de\/produkt\/oeffentliche-sitzbank-hedera\/","og_locale":"de_DE","og_type":"article","og_title":"\u00d6ffentliche Sitzbank - HEDERA - ATECH","og_description":"Entdecken Sie HEDERA, die \u00f6ffentliche Sitzbank mit der M\u00f6glichkeit zu bl\u00fchen. Der Sitz ist aus laminiertem Holz f\u00fcr eine Bi-Material-Wiedergabe vorgeschlagen.","og_url":"https:\/\/www.atech-sas.com\/de\/produkt\/oeffentliche-sitzbank-hedera\/","og_site_name":"ATECH","article_publisher":"https:\/\/www.facebook.com\/atechsasfr","article_modified_time":"2024-10-22T10:42:57+00:00","og_image":[{"width":1080,"height":1080,"url":"https:\/\/www.atech-sas.com\/wp-content\/uploads\/2021\/02\/ATECH-Banc-HEDERA-1.jpg","type":"image\/jpeg"}],"twitter_card":"summary_large_image","twitter_misc":{"Gesch\u00e4tzte Lesezeit":"1\u00a0Minute"},"schema":{"@context":"https:\/\/schema.org","@graph":[{"@type":"WebPage","@id":"https:\/\/www.atech-sas.com\/de\/produkt\/oeffentliche-sitzbank-hedera\/","url":"https:\/\/www.atech-sas.com\/de\/produkt\/oeffentliche-sitzbank-hedera\/","name":"\u00d6ffentliche Sitzbank - HEDERA - ATECH","isPartOf":{"@id":"https:\/\/www.atech-sas.com\/de\/#website"},"primaryImageOfPage":{"@id":"https:\/\/www.atech-sas.com\/de\/produkt\/oeffentliche-sitzbank-hedera\/#primaryimage"},"image":{"@id":"https:\/\/www.atech-sas.com\/de\/produkt\/oeffentliche-sitzbank-hedera\/#primaryimage"},"thumbnailUrl":"https:\/\/www.atech-sas.com\/wp-content\/uploads\/2021\/02\/ATECH-Banc-HEDERA-1.jpg","datePublished":"2021-02-16T08:34:33+00:00","dateModified":"2024-10-22T10:42:57+00:00","description":"Entdecken Sie HEDERA, die \u00f6ffentliche Sitzbank mit der M\u00f6glichkeit zu bl\u00fchen. Der Sitz ist aus laminiertem Holz f\u00fcr eine Bi-Material-Wiedergabe vorgeschlagen.","breadcrumb":{"@id":"https:\/\/www.atech-sas.com\/de\/produkt\/oeffentliche-sitzbank-hedera\/#breadcrumb"},"inLanguage":"de","potentialAction":[{"@type":"ReadAction","target":["https:\/\/www.atech-sas.com\/de\/produkt\/oeffentliche-sitzbank-hedera\/"]}]},{"@type":"ImageObject","inLanguage":"de","@id":"https:\/\/www.atech-sas.com\/de\/produkt\/oeffentliche-sitzbank-hedera\/#primaryimage","url":"https:\/\/www.atech-sas.com\/wp-content\/uploads\/2021\/02\/ATECH-Banc-HEDERA-1.jpg","contentUrl":"https:\/\/www.atech-sas.com\/wp-content\/uploads\/2021\/02\/ATECH-Banc-HEDERA-1.jpg","width":1080,"height":1080,"caption":"ATECH-HEDERA-Sitzbank"},{"@type":"BreadcrumbList","@id":"https:\/\/www.atech-sas.com\/de\/produkt\/oeffentliche-sitzbank-hedera\/#breadcrumb","itemListElement":[{"@type":"ListItem","position":1,"name":"Startseite","item":"https:\/\/www.atech-sas.com\/de\/"},{"@type":"ListItem","position":2,"name":"Produkte","item":"https:\/\/www.atech-sas.com\/de\/produkte\/"},{"@type":"ListItem","position":3,"name":"Sitzb\u00e4nke","item":"https:\/\/www.atech-sas.com\/de\/produktkategorie\/stadtmoebel-bank\/"},{"@type":"ListItem","position":4,"name":"\u00d6ffentliche Sitzbank &#8211; HEDERA"}]},{"@type":"WebSite","@id":"https:\/\/www.atech-sas.com\/de\/#website","url":"https:\/\/www.atech-sas.com\/de\/","name":"Atech-sas","description":"Mobilier urbain","publisher":{"@id":"https:\/\/www.atech-sas.com\/de\/#organization"},"potentialAction":[{"@type":"SearchAction","target":{"@type":"EntryPoint","urlTemplate":"https:\/\/www.atech-sas.com\/de\/?s={search_term_string}"},"query-input":{"@type":"PropertyValueSpecification","valueRequired":true,"valueName":"search_term_string"}}],"inLanguage":"de"},{"@type":"Organization","@id":"https:\/\/www.atech-sas.com\/de\/#organization","name":"Atech-sas","url":"https:\/\/www.atech-sas.com\/de\/","logo":{"@type":"ImageObject","inLanguage":"de","@id":"https:\/\/www.atech-sas.com\/de\/#\/schema\/logo\/image\/","url":"https:\/\/www.atech-sas.com\/wp-content\/uploads\/2021\/01\/ATECH_logo.svg","contentUrl":"https:\/\/www.atech-sas.com\/wp-content\/uploads\/2021\/01\/ATECH_logo.svg","width":640,"height":217,"caption":"Atech-sas"},"image":{"@id":"https:\/\/www.atech-sas.com\/de\/#\/schema\/logo\/image\/"},"sameAs":["https:\/\/www.facebook.com\/atechsasfr","https:\/\/www.instagram.com\/atech_sas\/","https:\/\/www.youtube.com\/c\/Atech-saFr\/videos","https:\/\/www.linkedin.com\/company\/atech-groupe-girod\/"]}]}},"_links":{"self":[{"href":"https:\/\/www.atech-sas.com\/de\/wp-json\/wp\/v2\/product\/37962","targetHints":{"allow":["GET"]}}],"collection":[{"href":"https:\/\/www.atech-sas.com\/de\/wp-json\/wp\/v2\/product"}],"about":[{"href":"https:\/\/www.atech-sas.com\/de\/wp-json\/wp\/v2\/types\/product"}],"replies":[{"embeddable":true,"href":"https:\/\/www.atech-sas.com\/de\/wp-json\/wp\/v2\/comments?post=37962"}],"wp:featuredmedia":[{"embeddable":true,"href":"https:\/\/www.atech-sas.com\/de\/wp-json\/wp\/v2\/media\/31998"}],"wp:attachment":[{"href":"https:\/\/www.atech-sas.com\/de\/wp-json\/wp\/v2\/media?parent=37962"}],"wp:term":[{"taxonomy":"product_brand","embeddable":true,"href":"https:\/\/www.atech-sas.com\/de\/wp-json\/wp\/v2\/product_brand?post=37962"},{"taxonomy":"product_cat","embeddable":true,"href":"https:\/\/www.atech-sas.com\/de\/wp-json\/wp\/v2\/product_cat?post=37962"},{"taxonomy":"product_tag","embeddable":true,"href":"https:\/\/www.atech-sas.com\/de\/wp-json\/wp\/v2\/product_tag?post=37962"}],"curies":[{"name":"wp","href":"https:\/\/api.w.org\/{rel}","templated":true}]}}