{"id":36251,"date":"2021-02-15T14:15:09","date_gmt":"2021-02-15T13:15:09","guid":{"rendered":"https:\/\/www.atech-sas.com\/produit\/konischer-pflanzkubel-a-linea\/"},"modified":"2023-11-14T11:36:51","modified_gmt":"2023-11-14T10:36:51","slug":"konischer-pflanzkuebel-a-linea","status":"publish","type":"product","link":"https:\/\/www.atech-sas.com\/de\/produkt\/konischer-pflanzkuebel-a-linea\/","title":{"rendered":"Konischer Pflanzk\u00fcbel &#8211; A-LINEA"},"content":{"rendered":"<p>A-LINEA konischer Pflanzk\u00fcbel<br \/>\n<u>Werkstoffe &amp; Ausf\u00fchrung: <\/u><br \/>\nK\u00fcbel aus Stahl 2 mm dick korrosionsgesch\u00fctzt und pulverbeschichtet<br \/>\n<u>Pflanzeinsatz:<\/u><br \/>\nExtravase in wiederverwertbarem Polyethylen mit Anti-UV-Behandlung<br \/>\n17 Farben zur Auswahl, darunter 2 strukturierte, zus\u00e4tzliche Kosten<br \/>\nEntfernbares Drainagegitter<br \/>\nWasserreserve mit \u00dcberlauf<br \/>\nBefestigung:<br \/>\nBodenmontage<br \/>\n<u>Optionen:<\/u><br \/>\nH\u00f6henverstellbare F\u00fc\u00dfe (einstellbar bis zu einer maximalen H\u00f6he von 120 mm)<br \/>\nGabelhubwagen-System (verstellbare F\u00fc\u00dfe mit Fu\u00dfabdeckung)<br \/>\nHebesystem f\u00fcr Pflanzeinsatz<\/p>\n<p><em>auf dem 3. Bild oben wurde ein kundenspezifischer Laserschnitt an diesem Tablett vorgenommen (<a href=\"https:\/\/www.atech-sas.com\/de\/kontakt\/\">Fragen Sie uns nach einem Angebot<\/a>) und es besteht aus dem transpalettierbaren System.<\/em><\/p>\n<p>Weitere Werkstoffe und Ausf\u00fchrungen m\u00f6glich <a href=\"https:\/\/www.atech-sas.com\/de\/materialien-techniken\/\">zu entdecken<\/a><\/p>\n","protected":false},"excerpt":{"rendered":"<p>Dies ist der A-LINEA Pflanzk\u00fcbel, ideal f\u00fcr Blumenarrangements. Gefertigt aus einem konischen Stahlsockel, wird er mit seiner farbenfrohen Note gefallen.<\/p>\n","protected":false},"featured_media":29999,"comment_status":"open","ping_status":"closed","template":"","meta":{"_relevanssi_hide_post":"","_relevanssi_hide_content":"","_relevanssi_pin_for_all":"","_relevanssi_pin_keywords":"","_relevanssi_unpin_keywords":"","_relevanssi_related_keywords":"","_relevanssi_related_include_ids":"","_relevanssi_related_exclude_ids":"","_relevanssi_related_no_append":"","_relevanssi_related_not_related":"","_relevanssi_related_posts":"","_relevanssi_noindex_reason":""},"product_brand":[],"product_cat":[1205,2400,2427],"product_tag":[],"class_list":{"0":"post-36251","1":"product","2":"type-product","3":"status-publish","4":"has-post-thumbnail","6":"product_cat-kunststoff","7":"product_cat-pflanzkubel","8":"product_cat-stahl-de","9":"pa_couleur-nicht-definiert","10":"pa_couleur-personalisiert","11":"pa_couleur-plastique-anisgrun","12":"pa_couleur-plastique-anthrazitgrau","13":"pa_couleur-plastique-blaulila","14":"pa_couleur-plastique-corten-de","15":"pa_couleur-plastique-fenstergrau","16":"pa_couleur-plastique-melonengelb","17":"pa_couleur-plastique-nicht-definiert","18":"pa_couleur-plastique-pastelblau","19":"pa_couleur-plastique-quartzgrau","20":"pa_couleur-plastique-schwarz","21":"pa_couleur-plastique-sicherheitsviolett","22":"pa_couleur-plastique-signalblau","23":"pa_couleur-plastique-signalorange","24":"pa_couleur-plastique-signalrot","25":"pa_couleur-plastique-telemagenta-de","26":"pa_couleur-plastique-terrakotta","27":"pa_couleur-plastique-weinrot","28":"pa_couleur-plastique-zitonengelb","29":"pa_dimensions-1000-mm-x-h-1000-mm-de-2","30":"pa_dimensions-1200-mm-x-h-1200-mm-de","31":"pa_dimensions-1400-mm-x-h-1400-mm-de-2","32":"pa_dimensions-600-mm-x-h-600-mm-de-2","33":"pa_dimensions-800-mm-x-h-800-mm-de-2","34":"pa_elevation-du-bac-gabelhubwagen-system","35":"pa_elevation-du-bac-hoehenverstellbare-fuse","36":"pa_elevation-du-bac-ohne","37":"pa_filtre-forme-rundlich","38":"pa_filtre-hauteur-1000-de","39":"pa_filtre-hauteur-1200-de","40":"pa_filtre-hauteur-1400-de","41":"pa_filtre-hauteur-600-de","42":"pa_filtre-hauteur-800-de","43":"pa_filtre-matiere-stahl","44":"pa_finition-lackiert","45":"pa_finition-nicht-definiert","46":"pa_finition-plastique-nicht-definiert","47":"pa_finition-plastique-standard-farbtoene","48":"pa_finition-plastique-strukturierte-farbtoene","49":"pa_gamme-a-linea-de","50":"pa_matiere-nicht-definiert","51":"pa_matiere-stahl","52":"pa_systeme-de-levage-ja","53":"pa_systeme-de-levage-nein","55":"first","56":"instock","57":"taxable","58":"shipping-taxable","59":"purchasable","60":"product-type-variable","61":"has-default-attributes"},"yoast_head":"<!-- This site is optimized with the Yoast SEO plugin v27.3 - https:\/\/yoast.com\/product\/yoast-seo-wordpress\/ -->\n<title>Konischer Pflanzk\u00fcbel - A-LINEA - ATECH<\/title>\n<meta name=\"description\" content=\"Dies ist der A-LINEA Pflanzk\u00fcbel, ideal f\u00fcr Blumenarrangements. Gefertigt aus einem konischen Stahlsockel, wird er mit seiner farbenfrohen Note gefallen.\" \/>\n<meta name=\"robots\" content=\"index, follow, max-snippet:-1, max-image-preview:large, max-video-preview:-1\" \/>\n<link rel=\"canonical\" href=\"https:\/\/www.atech-sas.com\/de\/produkt\/konischer-pflanzkuebel-a-linea\/\" \/>\n<meta property=\"og:locale\" content=\"de_DE\" \/>\n<meta property=\"og:type\" content=\"article\" \/>\n<meta property=\"og:title\" content=\"Konischer Pflanzk\u00fcbel - A-LINEA - ATECH\" \/>\n<meta property=\"og:description\" content=\"Dies ist der A-LINEA Pflanzk\u00fcbel, ideal f\u00fcr Blumenarrangements. Gefertigt aus einem konischen Stahlsockel, wird er mit seiner farbenfrohen Note gefallen.\" \/>\n<meta property=\"og:url\" content=\"https:\/\/www.atech-sas.com\/de\/produkt\/konischer-pflanzkuebel-a-linea\/\" \/>\n<meta property=\"og:site_name\" content=\"ATECH\" \/>\n<meta property=\"article:publisher\" content=\"https:\/\/www.facebook.com\/atechsasfr\" \/>\n<meta property=\"article:modified_time\" content=\"2023-11-14T10:36:51+00:00\" \/>\n<meta property=\"og:image\" content=\"https:\/\/www.atech-sas.com\/wp-content\/uploads\/2021\/02\/ATECH-Bac-A-LINEA-1.jpg\" \/>\n\t<meta property=\"og:image:width\" content=\"1080\" \/>\n\t<meta property=\"og:image:height\" content=\"1080\" \/>\n\t<meta property=\"og:image:type\" content=\"image\/jpeg\" \/>\n<meta name=\"twitter:card\" content=\"summary_large_image\" \/>\n<meta name=\"twitter:label1\" content=\"Gesch\u00e4tzte Lesezeit\" \/>\n\t<meta name=\"twitter:data1\" content=\"1\u00a0Minute\" \/>\n<script type=\"application\/ld+json\" class=\"yoast-schema-graph\">{\"@context\":\"https:\\\/\\\/schema.org\",\"@graph\":[{\"@type\":\"WebPage\",\"@id\":\"https:\\\/\\\/www.atech-sas.com\\\/de\\\/produkt\\\/konischer-pflanzkuebel-a-linea\\\/\",\"url\":\"https:\\\/\\\/www.atech-sas.com\\\/de\\\/produkt\\\/konischer-pflanzkuebel-a-linea\\\/\",\"name\":\"Konischer Pflanzk\u00fcbel - A-LINEA - ATECH\",\"isPartOf\":{\"@id\":\"https:\\\/\\\/www.atech-sas.com\\\/de\\\/#website\"},\"primaryImageOfPage\":{\"@id\":\"https:\\\/\\\/www.atech-sas.com\\\/de\\\/produkt\\\/konischer-pflanzkuebel-a-linea\\\/#primaryimage\"},\"image\":{\"@id\":\"https:\\\/\\\/www.atech-sas.com\\\/de\\\/produkt\\\/konischer-pflanzkuebel-a-linea\\\/#primaryimage\"},\"thumbnailUrl\":\"https:\\\/\\\/www.atech-sas.com\\\/wp-content\\\/uploads\\\/2021\\\/02\\\/ATECH-Bac-A-LINEA-1.jpg\",\"datePublished\":\"2021-02-15T13:15:09+00:00\",\"dateModified\":\"2023-11-14T10:36:51+00:00\",\"description\":\"Dies ist der A-LINEA Pflanzk\u00fcbel, ideal f\u00fcr Blumenarrangements. Gefertigt aus einem konischen Stahlsockel, wird er mit seiner farbenfrohen Note gefallen.\",\"breadcrumb\":{\"@id\":\"https:\\\/\\\/www.atech-sas.com\\\/de\\\/produkt\\\/konischer-pflanzkuebel-a-linea\\\/#breadcrumb\"},\"inLanguage\":\"de\",\"potentialAction\":[{\"@type\":\"ReadAction\",\"target\":[\"https:\\\/\\\/www.atech-sas.com\\\/de\\\/produkt\\\/konischer-pflanzkuebel-a-linea\\\/\"]}]},{\"@type\":\"ImageObject\",\"inLanguage\":\"de\",\"@id\":\"https:\\\/\\\/www.atech-sas.com\\\/de\\\/produkt\\\/konischer-pflanzkuebel-a-linea\\\/#primaryimage\",\"url\":\"https:\\\/\\\/www.atech-sas.com\\\/wp-content\\\/uploads\\\/2021\\\/02\\\/ATECH-Bac-A-LINEA-1.jpg\",\"contentUrl\":\"https:\\\/\\\/www.atech-sas.com\\\/wp-content\\\/uploads\\\/2021\\\/02\\\/ATECH-Bac-A-LINEA-1.jpg\",\"width\":1080,\"height\":1080,\"caption\":\"ATECH-ALINEA-Pflanzkubel\"},{\"@type\":\"BreadcrumbList\",\"@id\":\"https:\\\/\\\/www.atech-sas.com\\\/de\\\/produkt\\\/konischer-pflanzkuebel-a-linea\\\/#breadcrumb\",\"itemListElement\":[{\"@type\":\"ListItem\",\"position\":1,\"name\":\"Startseite\",\"item\":\"https:\\\/\\\/www.atech-sas.com\\\/de\\\/\"},{\"@type\":\"ListItem\",\"position\":2,\"name\":\"Produkte\",\"item\":\"https:\\\/\\\/www.atech-sas.com\\\/de\\\/produkte\\\/\"},{\"@type\":\"ListItem\",\"position\":3,\"name\":\"Pflanzk\u00fcbel\",\"item\":\"https:\\\/\\\/www.atech-sas.com\\\/de\\\/produktkategorie\\\/pflanzkubel\\\/\"},{\"@type\":\"ListItem\",\"position\":4,\"name\":\"Konischer Pflanzk\u00fcbel &#8211; A-LINEA\"}]},{\"@type\":\"WebSite\",\"@id\":\"https:\\\/\\\/www.atech-sas.com\\\/de\\\/#website\",\"url\":\"https:\\\/\\\/www.atech-sas.com\\\/de\\\/\",\"name\":\"Atech-sas\",\"description\":\"Mobilier urbain\",\"publisher\":{\"@id\":\"https:\\\/\\\/www.atech-sas.com\\\/de\\\/#organization\"},\"potentialAction\":[{\"@type\":\"SearchAction\",\"target\":{\"@type\":\"EntryPoint\",\"urlTemplate\":\"https:\\\/\\\/www.atech-sas.com\\\/de\\\/?s={search_term_string}\"},\"query-input\":{\"@type\":\"PropertyValueSpecification\",\"valueRequired\":true,\"valueName\":\"search_term_string\"}}],\"inLanguage\":\"de\"},{\"@type\":\"Organization\",\"@id\":\"https:\\\/\\\/www.atech-sas.com\\\/de\\\/#organization\",\"name\":\"Atech-sas\",\"url\":\"https:\\\/\\\/www.atech-sas.com\\\/de\\\/\",\"logo\":{\"@type\":\"ImageObject\",\"inLanguage\":\"de\",\"@id\":\"https:\\\/\\\/www.atech-sas.com\\\/de\\\/#\\\/schema\\\/logo\\\/image\\\/\",\"url\":\"https:\\\/\\\/www.atech-sas.com\\\/wp-content\\\/uploads\\\/2021\\\/01\\\/ATECH_logo.svg\",\"contentUrl\":\"https:\\\/\\\/www.atech-sas.com\\\/wp-content\\\/uploads\\\/2021\\\/01\\\/ATECH_logo.svg\",\"width\":640,\"height\":217,\"caption\":\"Atech-sas\"},\"image\":{\"@id\":\"https:\\\/\\\/www.atech-sas.com\\\/de\\\/#\\\/schema\\\/logo\\\/image\\\/\"},\"sameAs\":[\"https:\\\/\\\/www.facebook.com\\\/atechsasfr\",\"https:\\\/\\\/www.instagram.com\\\/atech_sas\\\/\",\"https:\\\/\\\/www.youtube.com\\\/c\\\/Atech-saFr\\\/videos\",\"https:\\\/\\\/www.linkedin.com\\\/company\\\/atech-groupe-girod\\\/\"]}]}<\/script>\n<!-- \/ Yoast SEO plugin. -->","yoast_head_json":{"title":"Konischer Pflanzk\u00fcbel - A-LINEA - ATECH","description":"Dies ist der A-LINEA Pflanzk\u00fcbel, ideal f\u00fcr Blumenarrangements. Gefertigt aus einem konischen Stahlsockel, wird er mit seiner farbenfrohen Note gefallen.","robots":{"index":"index","follow":"follow","max-snippet":"max-snippet:-1","max-image-preview":"max-image-preview:large","max-video-preview":"max-video-preview:-1"},"canonical":"https:\/\/www.atech-sas.com\/de\/produkt\/konischer-pflanzkuebel-a-linea\/","og_locale":"de_DE","og_type":"article","og_title":"Konischer Pflanzk\u00fcbel - A-LINEA - ATECH","og_description":"Dies ist der A-LINEA Pflanzk\u00fcbel, ideal f\u00fcr Blumenarrangements. Gefertigt aus einem konischen Stahlsockel, wird er mit seiner farbenfrohen Note gefallen.","og_url":"https:\/\/www.atech-sas.com\/de\/produkt\/konischer-pflanzkuebel-a-linea\/","og_site_name":"ATECH","article_publisher":"https:\/\/www.facebook.com\/atechsasfr","article_modified_time":"2023-11-14T10:36:51+00:00","og_image":[{"width":1080,"height":1080,"url":"https:\/\/www.atech-sas.com\/wp-content\/uploads\/2021\/02\/ATECH-Bac-A-LINEA-1.jpg","type":"image\/jpeg"}],"twitter_card":"summary_large_image","twitter_misc":{"Gesch\u00e4tzte Lesezeit":"1\u00a0Minute"},"schema":{"@context":"https:\/\/schema.org","@graph":[{"@type":"WebPage","@id":"https:\/\/www.atech-sas.com\/de\/produkt\/konischer-pflanzkuebel-a-linea\/","url":"https:\/\/www.atech-sas.com\/de\/produkt\/konischer-pflanzkuebel-a-linea\/","name":"Konischer Pflanzk\u00fcbel - A-LINEA - ATECH","isPartOf":{"@id":"https:\/\/www.atech-sas.com\/de\/#website"},"primaryImageOfPage":{"@id":"https:\/\/www.atech-sas.com\/de\/produkt\/konischer-pflanzkuebel-a-linea\/#primaryimage"},"image":{"@id":"https:\/\/www.atech-sas.com\/de\/produkt\/konischer-pflanzkuebel-a-linea\/#primaryimage"},"thumbnailUrl":"https:\/\/www.atech-sas.com\/wp-content\/uploads\/2021\/02\/ATECH-Bac-A-LINEA-1.jpg","datePublished":"2021-02-15T13:15:09+00:00","dateModified":"2023-11-14T10:36:51+00:00","description":"Dies ist der A-LINEA Pflanzk\u00fcbel, ideal f\u00fcr Blumenarrangements. Gefertigt aus einem konischen Stahlsockel, wird er mit seiner farbenfrohen Note gefallen.","breadcrumb":{"@id":"https:\/\/www.atech-sas.com\/de\/produkt\/konischer-pflanzkuebel-a-linea\/#breadcrumb"},"inLanguage":"de","potentialAction":[{"@type":"ReadAction","target":["https:\/\/www.atech-sas.com\/de\/produkt\/konischer-pflanzkuebel-a-linea\/"]}]},{"@type":"ImageObject","inLanguage":"de","@id":"https:\/\/www.atech-sas.com\/de\/produkt\/konischer-pflanzkuebel-a-linea\/#primaryimage","url":"https:\/\/www.atech-sas.com\/wp-content\/uploads\/2021\/02\/ATECH-Bac-A-LINEA-1.jpg","contentUrl":"https:\/\/www.atech-sas.com\/wp-content\/uploads\/2021\/02\/ATECH-Bac-A-LINEA-1.jpg","width":1080,"height":1080,"caption":"ATECH-ALINEA-Pflanzkubel"},{"@type":"BreadcrumbList","@id":"https:\/\/www.atech-sas.com\/de\/produkt\/konischer-pflanzkuebel-a-linea\/#breadcrumb","itemListElement":[{"@type":"ListItem","position":1,"name":"Startseite","item":"https:\/\/www.atech-sas.com\/de\/"},{"@type":"ListItem","position":2,"name":"Produkte","item":"https:\/\/www.atech-sas.com\/de\/produkte\/"},{"@type":"ListItem","position":3,"name":"Pflanzk\u00fcbel","item":"https:\/\/www.atech-sas.com\/de\/produktkategorie\/pflanzkubel\/"},{"@type":"ListItem","position":4,"name":"Konischer Pflanzk\u00fcbel &#8211; A-LINEA"}]},{"@type":"WebSite","@id":"https:\/\/www.atech-sas.com\/de\/#website","url":"https:\/\/www.atech-sas.com\/de\/","name":"Atech-sas","description":"Mobilier urbain","publisher":{"@id":"https:\/\/www.atech-sas.com\/de\/#organization"},"potentialAction":[{"@type":"SearchAction","target":{"@type":"EntryPoint","urlTemplate":"https:\/\/www.atech-sas.com\/de\/?s={search_term_string}"},"query-input":{"@type":"PropertyValueSpecification","valueRequired":true,"valueName":"search_term_string"}}],"inLanguage":"de"},{"@type":"Organization","@id":"https:\/\/www.atech-sas.com\/de\/#organization","name":"Atech-sas","url":"https:\/\/www.atech-sas.com\/de\/","logo":{"@type":"ImageObject","inLanguage":"de","@id":"https:\/\/www.atech-sas.com\/de\/#\/schema\/logo\/image\/","url":"https:\/\/www.atech-sas.com\/wp-content\/uploads\/2021\/01\/ATECH_logo.svg","contentUrl":"https:\/\/www.atech-sas.com\/wp-content\/uploads\/2021\/01\/ATECH_logo.svg","width":640,"height":217,"caption":"Atech-sas"},"image":{"@id":"https:\/\/www.atech-sas.com\/de\/#\/schema\/logo\/image\/"},"sameAs":["https:\/\/www.facebook.com\/atechsasfr","https:\/\/www.instagram.com\/atech_sas\/","https:\/\/www.youtube.com\/c\/Atech-saFr\/videos","https:\/\/www.linkedin.com\/company\/atech-groupe-girod\/"]}]}},"_links":{"self":[{"href":"https:\/\/www.atech-sas.com\/de\/wp-json\/wp\/v2\/product\/36251","targetHints":{"allow":["GET"]}}],"collection":[{"href":"https:\/\/www.atech-sas.com\/de\/wp-json\/wp\/v2\/product"}],"about":[{"href":"https:\/\/www.atech-sas.com\/de\/wp-json\/wp\/v2\/types\/product"}],"replies":[{"embeddable":true,"href":"https:\/\/www.atech-sas.com\/de\/wp-json\/wp\/v2\/comments?post=36251"}],"wp:featuredmedia":[{"embeddable":true,"href":"https:\/\/www.atech-sas.com\/de\/wp-json\/wp\/v2\/media\/29999"}],"wp:attachment":[{"href":"https:\/\/www.atech-sas.com\/de\/wp-json\/wp\/v2\/media?parent=36251"}],"wp:term":[{"taxonomy":"product_brand","embeddable":true,"href":"https:\/\/www.atech-sas.com\/de\/wp-json\/wp\/v2\/product_brand?post=36251"},{"taxonomy":"product_cat","embeddable":true,"href":"https:\/\/www.atech-sas.com\/de\/wp-json\/wp\/v2\/product_cat?post=36251"},{"taxonomy":"product_tag","embeddable":true,"href":"https:\/\/www.atech-sas.com\/de\/wp-json\/wp\/v2\/product_tag?post=36251"}],"curies":[{"name":"wp","href":"https:\/\/api.w.org\/{rel}","templated":true}]}}