{"id":36226,"date":"2021-02-15T10:47:06","date_gmt":"2021-02-15T09:47:06","guid":{"rendered":"https:\/\/www.atech-sas.com\/produit\/orangeriepflanzkubel-abgekantetes-blech-classique\/"},"modified":"2025-02-28T22:13:51","modified_gmt":"2025-02-28T21:13:51","slug":"orangeriepflanzkuebel-abgekantetes-blech-classique","status":"publish","type":"product","link":"https:\/\/www.atech-sas.com\/de\/produkt\/orangeriepflanzkuebel-abgekantetes-blech-classique\/","title":{"rendered":"Orangeriepflanzk\u00fcbel, abgekantetes Blech &#8211; Classique"},"content":{"rendered":"<p>Orangeriepflanzk\u00fcbel Classique gefaltetes Blech<br \/>\n<u>Werkstoffe &amp; Ausf\u00fchrung:<\/u><br \/>\nK\u00fcbel aus Stahl 3 mm dick korrosionsgesch\u00fctzt und pulverbeschichtet in einer Auswahl von RAL- oder AkzoNobel-Farben<br \/>\nH\u00f6henverstellbare F\u00fc\u00dfe (Einstellbar auf eine maximale H\u00f6he von 120 mm)<br \/>\n<u>Paneele:<\/u><br \/>\nAus lackiertem Aluminium 3 mm dick<br \/>\n<u>Pflanzeinsatz:<\/u><br \/>\nPflanzeinsatz aus recyceltem Polyethylen mit Anti-UV-Behandlung<br \/>\nSchwarze Farbe<br \/>\nEntfernbares Drainagegitter<br \/>\nWasserreserve mit \u00dcberlauf<br \/>\n<u>Befestigung:<\/u><br \/>\nBodenmontage<br \/>\n<u>Optionen:<\/u><br \/>\nAusf\u00fchrung Pfostenkopf geschmiedete Kugel (A), Zierkugel (B) oder Ogive (C)<br \/>\nHebesystem f\u00fcr Pflanzeinsatz<\/p>\n<p>Weitere Werkstoffe und Ausf\u00fchrungen m\u00f6glich <a href=\"https:\/\/www.atech-sas.com\/de\/materialien-techniken\/\">zu entdecken<\/a><br \/>\n<em>Variant mit franz\u00f6sischer \u00d6ffnung, ohne Pflanzeinsatz, <a href=\"https:\/\/www.atech-sas.com\/de\/kontakt\/\">Fragen Sie uns nach einem Angebot<\/a>.<\/em><\/p>\n","protected":false},"excerpt":{"rendered":"<p>Der Orangeriepflanzk\u00fcbel Classique ist aus gekantetem Blech gefertigt in Pfostenkopfausf\u00fchrung. Er wird in Ihrer st\u00e4dtischen Umgebung gro\u00dfartig aussehen.<\/p>\n","protected":false},"featured_media":29743,"comment_status":"open","ping_status":"closed","template":"","meta":{"_relevanssi_hide_post":"","_relevanssi_hide_content":"","_relevanssi_pin_for_all":"","_relevanssi_pin_keywords":"","_relevanssi_unpin_keywords":"","_relevanssi_related_keywords":"","_relevanssi_related_include_ids":"","_relevanssi_related_exclude_ids":"","_relevanssi_related_no_append":"","_relevanssi_related_not_related":"","_relevanssi_related_posts":"","_relevanssi_noindex_reason":""},"product_brand":[],"product_cat":[2359,2399,2400,2427],"product_tag":[],"class_list":{"0":"post-36226","1":"product","2":"type-product","3":"status-publish","4":"has-post-thumbnail","6":"product_cat-aluminium","7":"product_cat-pflanzkuebel","8":"product_cat-pflanzkubel","9":"product_cat-stahl-de","10":"pa_couleur-nicht-definiert","11":"pa_couleur-personalisiert","12":"pa_dimensions-1126-mm-x-1126-mm-x-h-1013-mm-de","13":"pa_dimensions-1126-mm-x-1126-mm-x-h-588-mm-de","14":"pa_dimensions-1267-mm-x-824-mm-x-h-621-mm-de","15":"pa_dimensions-1369-mm-x-1369-mm-x-h-1313-mm-de","16":"pa_dimensions-821-mm-x-821-mm-x-h-760-mm-de","17":"pa_dimensions-911-mm-x-911-mm-x-h-823-mm-de","18":"pa_filtre-forme-linear-de","19":"pa_filtre-hauteur-1013-de","20":"pa_filtre-hauteur-1313-de","21":"pa_filtre-hauteur-588-de","22":"pa_filtre-hauteur-621-de","23":"pa_filtre-hauteur-760-de","24":"pa_filtre-hauteur-823-de","25":"pa_filtre-matiere-aluminium-de","26":"pa_filtre-matiere-stahl","27":"pa_finition-lackiert","28":"pa_matiere-structure-stahl","29":"pa_systeme-de-levage-ja","30":"pa_systeme-de-levage-nein","31":"pa_tete-de-poteau-geschmiedete-kugel-a","32":"pa_tete-de-poteau-ogive-c-de","33":"pa_tete-de-poteau-ohne","34":"pa_tete-de-poteau-zierkugel-b","36":"first","37":"instock","38":"taxable","39":"shipping-taxable","40":"purchasable","41":"product-type-variable","42":"has-default-attributes"},"yoast_head":"<!-- This site is optimized with the Yoast SEO plugin v27.3 - https:\/\/yoast.com\/product\/yoast-seo-wordpress\/ -->\n<title>Orangeriepflanzk\u00fcbel, abgekantetes Blech - Classique - ATECH<\/title>\n<meta name=\"description\" content=\"Der Orangeriepflanzk\u00fcbel Classique ist aus gekantetem Blech gefertigt in Pfostenkopfausf\u00fchrung. Er wird in Ihrer st\u00e4dtischen Umgebung gro\u00dfartig aussehen.\" \/>\n<meta name=\"robots\" content=\"index, follow, max-snippet:-1, max-image-preview:large, max-video-preview:-1\" \/>\n<link rel=\"canonical\" href=\"https:\/\/www.atech-sas.com\/de\/produkt\/orangeriepflanzkuebel-abgekantetes-blech-classique\/\" \/>\n<meta property=\"og:locale\" content=\"de_DE\" \/>\n<meta property=\"og:type\" content=\"article\" \/>\n<meta property=\"og:title\" content=\"Orangeriepflanzk\u00fcbel, abgekantetes Blech - Classique - ATECH\" \/>\n<meta property=\"og:description\" content=\"Der Orangeriepflanzk\u00fcbel Classique ist aus gekantetem Blech gefertigt in Pfostenkopfausf\u00fchrung. Er wird in Ihrer st\u00e4dtischen Umgebung gro\u00dfartig aussehen.\" \/>\n<meta property=\"og:url\" content=\"https:\/\/www.atech-sas.com\/de\/produkt\/orangeriepflanzkuebel-abgekantetes-blech-classique\/\" \/>\n<meta property=\"og:site_name\" content=\"ATECH\" \/>\n<meta property=\"article:publisher\" content=\"https:\/\/www.facebook.com\/atechsasfr\" \/>\n<meta property=\"article:modified_time\" content=\"2025-02-28T21:13:51+00:00\" \/>\n<meta property=\"og:image\" content=\"https:\/\/www.atech-sas.com\/wp-content\/uploads\/2021\/02\/ATECH-Bac-orangerie-Classique.jpg\" \/>\n\t<meta property=\"og:image:width\" content=\"1080\" \/>\n\t<meta property=\"og:image:height\" content=\"1080\" \/>\n\t<meta property=\"og:image:type\" content=\"image\/jpeg\" \/>\n<meta name=\"twitter:card\" content=\"summary_large_image\" \/>\n<meta name=\"twitter:label1\" content=\"Gesch\u00e4tzte Lesezeit\" \/>\n\t<meta name=\"twitter:data1\" content=\"1\u00a0Minute\" \/>\n<script type=\"application\/ld+json\" class=\"yoast-schema-graph\">{\"@context\":\"https:\\\/\\\/schema.org\",\"@graph\":[{\"@type\":\"WebPage\",\"@id\":\"https:\\\/\\\/www.atech-sas.com\\\/de\\\/produkt\\\/orangeriepflanzkuebel-abgekantetes-blech-classique\\\/\",\"url\":\"https:\\\/\\\/www.atech-sas.com\\\/de\\\/produkt\\\/orangeriepflanzkuebel-abgekantetes-blech-classique\\\/\",\"name\":\"Orangeriepflanzk\u00fcbel, abgekantetes Blech - Classique - ATECH\",\"isPartOf\":{\"@id\":\"https:\\\/\\\/www.atech-sas.com\\\/de\\\/#website\"},\"primaryImageOfPage\":{\"@id\":\"https:\\\/\\\/www.atech-sas.com\\\/de\\\/produkt\\\/orangeriepflanzkuebel-abgekantetes-blech-classique\\\/#primaryimage\"},\"image\":{\"@id\":\"https:\\\/\\\/www.atech-sas.com\\\/de\\\/produkt\\\/orangeriepflanzkuebel-abgekantetes-blech-classique\\\/#primaryimage\"},\"thumbnailUrl\":\"https:\\\/\\\/www.atech-sas.com\\\/wp-content\\\/uploads\\\/2021\\\/02\\\/ATECH-Bac-orangerie-Classique.jpg\",\"datePublished\":\"2021-02-15T09:47:06+00:00\",\"dateModified\":\"2025-02-28T21:13:51+00:00\",\"description\":\"Der Orangeriepflanzk\u00fcbel Classique ist aus gekantetem Blech gefertigt in Pfostenkopfausf\u00fchrung. Er wird in Ihrer st\u00e4dtischen Umgebung gro\u00dfartig aussehen.\",\"breadcrumb\":{\"@id\":\"https:\\\/\\\/www.atech-sas.com\\\/de\\\/produkt\\\/orangeriepflanzkuebel-abgekantetes-blech-classique\\\/#breadcrumb\"},\"inLanguage\":\"de\",\"potentialAction\":[{\"@type\":\"ReadAction\",\"target\":[\"https:\\\/\\\/www.atech-sas.com\\\/de\\\/produkt\\\/orangeriepflanzkuebel-abgekantetes-blech-classique\\\/\"]}]},{\"@type\":\"ImageObject\",\"inLanguage\":\"de\",\"@id\":\"https:\\\/\\\/www.atech-sas.com\\\/de\\\/produkt\\\/orangeriepflanzkuebel-abgekantetes-blech-classique\\\/#primaryimage\",\"url\":\"https:\\\/\\\/www.atech-sas.com\\\/wp-content\\\/uploads\\\/2021\\\/02\\\/ATECH-Bac-orangerie-Classique.jpg\",\"contentUrl\":\"https:\\\/\\\/www.atech-sas.com\\\/wp-content\\\/uploads\\\/2021\\\/02\\\/ATECH-Bac-orangerie-Classique.jpg\",\"width\":1080,\"height\":1080,\"caption\":\"ATECH-Classique-Pflanzk\u00fcbel\"},{\"@type\":\"BreadcrumbList\",\"@id\":\"https:\\\/\\\/www.atech-sas.com\\\/de\\\/produkt\\\/orangeriepflanzkuebel-abgekantetes-blech-classique\\\/#breadcrumb\",\"itemListElement\":[{\"@type\":\"ListItem\",\"position\":1,\"name\":\"Startseite\",\"item\":\"https:\\\/\\\/www.atech-sas.com\\\/de\\\/\"},{\"@type\":\"ListItem\",\"position\":2,\"name\":\"Produkte\",\"item\":\"https:\\\/\\\/www.atech-sas.com\\\/de\\\/produkte\\\/\"},{\"@type\":\"ListItem\",\"position\":3,\"name\":\"Pflanzk\u00fcbel\",\"item\":\"https:\\\/\\\/www.atech-sas.com\\\/de\\\/produktkategorie\\\/pflanzkuebel\\\/\"},{\"@type\":\"ListItem\",\"position\":4,\"name\":\"Orangeriepflanzk\u00fcbel, abgekantetes Blech &#8211; Classique\"}]},{\"@type\":\"WebSite\",\"@id\":\"https:\\\/\\\/www.atech-sas.com\\\/de\\\/#website\",\"url\":\"https:\\\/\\\/www.atech-sas.com\\\/de\\\/\",\"name\":\"Atech-sas\",\"description\":\"Mobilier urbain\",\"publisher\":{\"@id\":\"https:\\\/\\\/www.atech-sas.com\\\/de\\\/#organization\"},\"potentialAction\":[{\"@type\":\"SearchAction\",\"target\":{\"@type\":\"EntryPoint\",\"urlTemplate\":\"https:\\\/\\\/www.atech-sas.com\\\/de\\\/?s={search_term_string}\"},\"query-input\":{\"@type\":\"PropertyValueSpecification\",\"valueRequired\":true,\"valueName\":\"search_term_string\"}}],\"inLanguage\":\"de\"},{\"@type\":\"Organization\",\"@id\":\"https:\\\/\\\/www.atech-sas.com\\\/de\\\/#organization\",\"name\":\"Atech-sas\",\"url\":\"https:\\\/\\\/www.atech-sas.com\\\/de\\\/\",\"logo\":{\"@type\":\"ImageObject\",\"inLanguage\":\"de\",\"@id\":\"https:\\\/\\\/www.atech-sas.com\\\/de\\\/#\\\/schema\\\/logo\\\/image\\\/\",\"url\":\"https:\\\/\\\/www.atech-sas.com\\\/wp-content\\\/uploads\\\/2021\\\/01\\\/ATECH_logo.svg\",\"contentUrl\":\"https:\\\/\\\/www.atech-sas.com\\\/wp-content\\\/uploads\\\/2021\\\/01\\\/ATECH_logo.svg\",\"width\":640,\"height\":217,\"caption\":\"Atech-sas\"},\"image\":{\"@id\":\"https:\\\/\\\/www.atech-sas.com\\\/de\\\/#\\\/schema\\\/logo\\\/image\\\/\"},\"sameAs\":[\"https:\\\/\\\/www.facebook.com\\\/atechsasfr\",\"https:\\\/\\\/www.instagram.com\\\/atech_sas\\\/\",\"https:\\\/\\\/www.youtube.com\\\/c\\\/Atech-saFr\\\/videos\",\"https:\\\/\\\/www.linkedin.com\\\/company\\\/atech-groupe-girod\\\/\"]}]}<\/script>\n<!-- \/ Yoast SEO plugin. -->","yoast_head_json":{"title":"Orangeriepflanzk\u00fcbel, abgekantetes Blech - Classique - ATECH","description":"Der Orangeriepflanzk\u00fcbel Classique ist aus gekantetem Blech gefertigt in Pfostenkopfausf\u00fchrung. Er wird in Ihrer st\u00e4dtischen Umgebung gro\u00dfartig aussehen.","robots":{"index":"index","follow":"follow","max-snippet":"max-snippet:-1","max-image-preview":"max-image-preview:large","max-video-preview":"max-video-preview:-1"},"canonical":"https:\/\/www.atech-sas.com\/de\/produkt\/orangeriepflanzkuebel-abgekantetes-blech-classique\/","og_locale":"de_DE","og_type":"article","og_title":"Orangeriepflanzk\u00fcbel, abgekantetes Blech - Classique - ATECH","og_description":"Der Orangeriepflanzk\u00fcbel Classique ist aus gekantetem Blech gefertigt in Pfostenkopfausf\u00fchrung. Er wird in Ihrer st\u00e4dtischen Umgebung gro\u00dfartig aussehen.","og_url":"https:\/\/www.atech-sas.com\/de\/produkt\/orangeriepflanzkuebel-abgekantetes-blech-classique\/","og_site_name":"ATECH","article_publisher":"https:\/\/www.facebook.com\/atechsasfr","article_modified_time":"2025-02-28T21:13:51+00:00","og_image":[{"width":1080,"height":1080,"url":"https:\/\/www.atech-sas.com\/wp-content\/uploads\/2021\/02\/ATECH-Bac-orangerie-Classique.jpg","type":"image\/jpeg"}],"twitter_card":"summary_large_image","twitter_misc":{"Gesch\u00e4tzte Lesezeit":"1\u00a0Minute"},"schema":{"@context":"https:\/\/schema.org","@graph":[{"@type":"WebPage","@id":"https:\/\/www.atech-sas.com\/de\/produkt\/orangeriepflanzkuebel-abgekantetes-blech-classique\/","url":"https:\/\/www.atech-sas.com\/de\/produkt\/orangeriepflanzkuebel-abgekantetes-blech-classique\/","name":"Orangeriepflanzk\u00fcbel, abgekantetes Blech - Classique - ATECH","isPartOf":{"@id":"https:\/\/www.atech-sas.com\/de\/#website"},"primaryImageOfPage":{"@id":"https:\/\/www.atech-sas.com\/de\/produkt\/orangeriepflanzkuebel-abgekantetes-blech-classique\/#primaryimage"},"image":{"@id":"https:\/\/www.atech-sas.com\/de\/produkt\/orangeriepflanzkuebel-abgekantetes-blech-classique\/#primaryimage"},"thumbnailUrl":"https:\/\/www.atech-sas.com\/wp-content\/uploads\/2021\/02\/ATECH-Bac-orangerie-Classique.jpg","datePublished":"2021-02-15T09:47:06+00:00","dateModified":"2025-02-28T21:13:51+00:00","description":"Der Orangeriepflanzk\u00fcbel Classique ist aus gekantetem Blech gefertigt in Pfostenkopfausf\u00fchrung. Er wird in Ihrer st\u00e4dtischen Umgebung gro\u00dfartig aussehen.","breadcrumb":{"@id":"https:\/\/www.atech-sas.com\/de\/produkt\/orangeriepflanzkuebel-abgekantetes-blech-classique\/#breadcrumb"},"inLanguage":"de","potentialAction":[{"@type":"ReadAction","target":["https:\/\/www.atech-sas.com\/de\/produkt\/orangeriepflanzkuebel-abgekantetes-blech-classique\/"]}]},{"@type":"ImageObject","inLanguage":"de","@id":"https:\/\/www.atech-sas.com\/de\/produkt\/orangeriepflanzkuebel-abgekantetes-blech-classique\/#primaryimage","url":"https:\/\/www.atech-sas.com\/wp-content\/uploads\/2021\/02\/ATECH-Bac-orangerie-Classique.jpg","contentUrl":"https:\/\/www.atech-sas.com\/wp-content\/uploads\/2021\/02\/ATECH-Bac-orangerie-Classique.jpg","width":1080,"height":1080,"caption":"ATECH-Classique-Pflanzk\u00fcbel"},{"@type":"BreadcrumbList","@id":"https:\/\/www.atech-sas.com\/de\/produkt\/orangeriepflanzkuebel-abgekantetes-blech-classique\/#breadcrumb","itemListElement":[{"@type":"ListItem","position":1,"name":"Startseite","item":"https:\/\/www.atech-sas.com\/de\/"},{"@type":"ListItem","position":2,"name":"Produkte","item":"https:\/\/www.atech-sas.com\/de\/produkte\/"},{"@type":"ListItem","position":3,"name":"Pflanzk\u00fcbel","item":"https:\/\/www.atech-sas.com\/de\/produktkategorie\/pflanzkuebel\/"},{"@type":"ListItem","position":4,"name":"Orangeriepflanzk\u00fcbel, abgekantetes Blech &#8211; Classique"}]},{"@type":"WebSite","@id":"https:\/\/www.atech-sas.com\/de\/#website","url":"https:\/\/www.atech-sas.com\/de\/","name":"Atech-sas","description":"Mobilier urbain","publisher":{"@id":"https:\/\/www.atech-sas.com\/de\/#organization"},"potentialAction":[{"@type":"SearchAction","target":{"@type":"EntryPoint","urlTemplate":"https:\/\/www.atech-sas.com\/de\/?s={search_term_string}"},"query-input":{"@type":"PropertyValueSpecification","valueRequired":true,"valueName":"search_term_string"}}],"inLanguage":"de"},{"@type":"Organization","@id":"https:\/\/www.atech-sas.com\/de\/#organization","name":"Atech-sas","url":"https:\/\/www.atech-sas.com\/de\/","logo":{"@type":"ImageObject","inLanguage":"de","@id":"https:\/\/www.atech-sas.com\/de\/#\/schema\/logo\/image\/","url":"https:\/\/www.atech-sas.com\/wp-content\/uploads\/2021\/01\/ATECH_logo.svg","contentUrl":"https:\/\/www.atech-sas.com\/wp-content\/uploads\/2021\/01\/ATECH_logo.svg","width":640,"height":217,"caption":"Atech-sas"},"image":{"@id":"https:\/\/www.atech-sas.com\/de\/#\/schema\/logo\/image\/"},"sameAs":["https:\/\/www.facebook.com\/atechsasfr","https:\/\/www.instagram.com\/atech_sas\/","https:\/\/www.youtube.com\/c\/Atech-saFr\/videos","https:\/\/www.linkedin.com\/company\/atech-groupe-girod\/"]}]}},"_links":{"self":[{"href":"https:\/\/www.atech-sas.com\/de\/wp-json\/wp\/v2\/product\/36226","targetHints":{"allow":["GET"]}}],"collection":[{"href":"https:\/\/www.atech-sas.com\/de\/wp-json\/wp\/v2\/product"}],"about":[{"href":"https:\/\/www.atech-sas.com\/de\/wp-json\/wp\/v2\/types\/product"}],"replies":[{"embeddable":true,"href":"https:\/\/www.atech-sas.com\/de\/wp-json\/wp\/v2\/comments?post=36226"}],"wp:featuredmedia":[{"embeddable":true,"href":"https:\/\/www.atech-sas.com\/de\/wp-json\/wp\/v2\/media\/29743"}],"wp:attachment":[{"href":"https:\/\/www.atech-sas.com\/de\/wp-json\/wp\/v2\/media?parent=36226"}],"wp:term":[{"taxonomy":"product_brand","embeddable":true,"href":"https:\/\/www.atech-sas.com\/de\/wp-json\/wp\/v2\/product_brand?post=36226"},{"taxonomy":"product_cat","embeddable":true,"href":"https:\/\/www.atech-sas.com\/de\/wp-json\/wp\/v2\/product_cat?post=36226"},{"taxonomy":"product_tag","embeddable":true,"href":"https:\/\/www.atech-sas.com\/de\/wp-json\/wp\/v2\/product_tag?post=36226"}],"curies":[{"name":"wp","href":"https:\/\/api.w.org\/{rel}","templated":true}]}}