{"id":35927,"date":"2021-02-12T16:12:03","date_gmt":"2021-02-12T15:12:03","guid":{"rendered":"https:\/\/www.atech-sas.com\/produit\/achteckiger-pflanzkubel-octogone\/"},"modified":"2023-11-14T14:33:44","modified_gmt":"2023-11-14T13:33:44","slug":"achteckiger-pflanzkubel-octogone","status":"publish","type":"product","link":"https:\/\/www.atech-sas.com\/de\/produkt\/achteckiger-pflanzkubel-octogone\/","title":{"rendered":"Achteckiger Pflanzk\u00fcbel &#8211; Octogone"},"content":{"rendered":"<p>Achteckiger Pflanzk\u00fcbel Octogone<br \/>\n<u>Werkstoffe &amp; Verarbeitung:<\/u><br \/>\nK\u00fcbel aus Stahl 2 mm dick korrosionsgesch\u00fctzt und pulverbeschichtet in RAL- oder AkzoNobel-Farben Ihrer Wahl<br \/>\n<u>Pflanzeinsatz (au\u00dfer Nr. 1):<\/u><br \/>\nVase aus recyceltem Polyethylen mit Anti-UV-Behandlung<br \/>\nFarbe Schwarz<br \/>\nEntfernbares Drainagegitter<br \/>\nWasserreserve mit \u00dcberlauf<br \/>\n<u>Befestigung:<\/u><br \/>\nBodenmontage<br \/>\n<u>Optionen:<\/u><br \/>\nH\u00f6henverstellbare F\u00fc\u00dfe (einstellbar bis zu einer maximalen H\u00f6he von 120 mm) Gabelhubwagen-System (verstellbare F\u00fc\u00dfe mit Fu\u00dfabdeckung)<br \/>\nHebesystem f\u00fcr Pflanzeinsatz<\/p>\n<p>Weitere Werkstoffe und Ausf\u00fchrungen m\u00f6glich <a href=\"https:\/\/www.atech-sas.com\/de\/materialien-techniken\/\">zu entdecken<\/a><\/p>\n","protected":false},"excerpt":{"rendered":"<p>Bringen Sie mit dem Pflanzk\u00fcbel Octogone eine atypische Form in eine urbane Umgebung. Eine ideale Designl\u00f6sung f\u00fcr die Blumenzucht.<\/p>\n","protected":false},"featured_media":29926,"comment_status":"open","ping_status":"closed","template":"","meta":{"_relevanssi_hide_post":"","_relevanssi_hide_content":"","_relevanssi_pin_for_all":"","_relevanssi_pin_keywords":"","_relevanssi_unpin_keywords":"","_relevanssi_related_keywords":"","_relevanssi_related_include_ids":"","_relevanssi_related_exclude_ids":"","_relevanssi_related_no_append":"","_relevanssi_related_not_related":"","_relevanssi_related_posts":"","_relevanssi_noindex_reason":""},"product_brand":[],"product_cat":[2400,2427],"product_tag":[],"class_list":{"0":"post-35927","1":"product","2":"type-product","3":"status-publish","4":"has-post-thumbnail","6":"product_cat-pflanzkubel","7":"product_cat-stahl-de","8":"pa_couleur-nicht-definiert","9":"pa_couleur-personalisiert","10":"pa_dimensions-1140-mm-x-h-1170-mm-de","11":"pa_dimensions-1340-mm-x-h-1400-mm-de","12":"pa_dimensions-500-mm-x-h-560-mm-de","13":"pa_dimensions-740-mm-x-h-780-mm-de","14":"pa_dimensions-940-mm-x-h-1000-mm-de","15":"pa_filtre-forme-linear-de","16":"pa_filtre-hauteur-1000-de","17":"pa_filtre-hauteur-1170-de","18":"pa_filtre-hauteur-1400-de","19":"pa_filtre-hauteur-560-de","20":"pa_filtre-hauteur-780-de","21":"pa_filtre-matiere-stahl","22":"pa_finition-lackiert","23":"pa_matiere-stahl","24":"pa_systeme-de-levage-ja","25":"pa_systeme-de-levage-nein","26":"pa_systeme-transpalettable-ja","27":"pa_systeme-transpalettable-nein","29":"first","30":"instock","31":"taxable","32":"shipping-taxable","33":"purchasable","34":"product-type-variable","35":"has-default-attributes"},"yoast_head":"<!-- This site is optimized with the Yoast SEO plugin v27.3 - https:\/\/yoast.com\/product\/yoast-seo-wordpress\/ -->\n<title>Achteckiger Pflanzk\u00fcbel - Octogone - ATECH<\/title>\n<meta name=\"description\" content=\"Bringen Sie mit dem Pflanzk\u00fcbel Octogone eine atypische Form in eine urbane Umgebung. Eine ideale Designl\u00f6sung f\u00fcr die Blumenzucht.\" \/>\n<meta name=\"robots\" content=\"index, follow, max-snippet:-1, max-image-preview:large, max-video-preview:-1\" \/>\n<link rel=\"canonical\" href=\"https:\/\/www.atech-sas.com\/de\/produkt\/achteckiger-pflanzkubel-octogone\/\" \/>\n<meta property=\"og:locale\" content=\"de_DE\" \/>\n<meta property=\"og:type\" content=\"article\" \/>\n<meta property=\"og:title\" content=\"Achteckiger Pflanzk\u00fcbel - Octogone - ATECH\" \/>\n<meta property=\"og:description\" content=\"Bringen Sie mit dem Pflanzk\u00fcbel Octogone eine atypische Form in eine urbane Umgebung. Eine ideale Designl\u00f6sung f\u00fcr die Blumenzucht.\" \/>\n<meta property=\"og:url\" content=\"https:\/\/www.atech-sas.com\/de\/produkt\/achteckiger-pflanzkubel-octogone\/\" \/>\n<meta property=\"og:site_name\" content=\"ATECH\" \/>\n<meta property=\"article:publisher\" content=\"https:\/\/www.facebook.com\/atechsasfr\" \/>\n<meta property=\"article:modified_time\" content=\"2023-11-14T13:33:44+00:00\" \/>\n<meta property=\"og:image\" content=\"https:\/\/www.atech-sas.com\/wp-content\/uploads\/2021\/02\/ATECH-Bac-Octogone.jpg\" \/>\n\t<meta property=\"og:image:width\" content=\"1080\" \/>\n\t<meta property=\"og:image:height\" content=\"1080\" \/>\n\t<meta property=\"og:image:type\" content=\"image\/jpeg\" \/>\n<meta name=\"twitter:card\" content=\"summary_large_image\" \/>\n<meta name=\"twitter:label1\" content=\"Gesch\u00e4tzte Lesezeit\" \/>\n\t<meta name=\"twitter:data1\" content=\"1\u00a0Minute\" \/>\n<script type=\"application\/ld+json\" class=\"yoast-schema-graph\">{\"@context\":\"https:\\\/\\\/schema.org\",\"@graph\":[{\"@type\":\"WebPage\",\"@id\":\"https:\\\/\\\/www.atech-sas.com\\\/de\\\/produkt\\\/achteckiger-pflanzkubel-octogone\\\/\",\"url\":\"https:\\\/\\\/www.atech-sas.com\\\/de\\\/produkt\\\/achteckiger-pflanzkubel-octogone\\\/\",\"name\":\"Achteckiger Pflanzk\u00fcbel - Octogone - ATECH\",\"isPartOf\":{\"@id\":\"https:\\\/\\\/www.atech-sas.com\\\/de\\\/#website\"},\"primaryImageOfPage\":{\"@id\":\"https:\\\/\\\/www.atech-sas.com\\\/de\\\/produkt\\\/achteckiger-pflanzkubel-octogone\\\/#primaryimage\"},\"image\":{\"@id\":\"https:\\\/\\\/www.atech-sas.com\\\/de\\\/produkt\\\/achteckiger-pflanzkubel-octogone\\\/#primaryimage\"},\"thumbnailUrl\":\"https:\\\/\\\/www.atech-sas.com\\\/wp-content\\\/uploads\\\/2021\\\/02\\\/ATECH-Bac-Octogone.jpg\",\"datePublished\":\"2021-02-12T15:12:03+00:00\",\"dateModified\":\"2023-11-14T13:33:44+00:00\",\"description\":\"Bringen Sie mit dem Pflanzk\u00fcbel Octogone eine atypische Form in eine urbane Umgebung. Eine ideale Designl\u00f6sung f\u00fcr die Blumenzucht.\",\"breadcrumb\":{\"@id\":\"https:\\\/\\\/www.atech-sas.com\\\/de\\\/produkt\\\/achteckiger-pflanzkubel-octogone\\\/#breadcrumb\"},\"inLanguage\":\"de\",\"potentialAction\":[{\"@type\":\"ReadAction\",\"target\":[\"https:\\\/\\\/www.atech-sas.com\\\/de\\\/produkt\\\/achteckiger-pflanzkubel-octogone\\\/\"]}]},{\"@type\":\"ImageObject\",\"inLanguage\":\"de\",\"@id\":\"https:\\\/\\\/www.atech-sas.com\\\/de\\\/produkt\\\/achteckiger-pflanzkubel-octogone\\\/#primaryimage\",\"url\":\"https:\\\/\\\/www.atech-sas.com\\\/wp-content\\\/uploads\\\/2021\\\/02\\\/ATECH-Bac-Octogone.jpg\",\"contentUrl\":\"https:\\\/\\\/www.atech-sas.com\\\/wp-content\\\/uploads\\\/2021\\\/02\\\/ATECH-Bac-Octogone.jpg\",\"width\":1080,\"height\":1080,\"caption\":\"ATECH-Octogone-Pflanzkubel\"},{\"@type\":\"BreadcrumbList\",\"@id\":\"https:\\\/\\\/www.atech-sas.com\\\/de\\\/produkt\\\/achteckiger-pflanzkubel-octogone\\\/#breadcrumb\",\"itemListElement\":[{\"@type\":\"ListItem\",\"position\":1,\"name\":\"Startseite\",\"item\":\"https:\\\/\\\/www.atech-sas.com\\\/de\\\/\"},{\"@type\":\"ListItem\",\"position\":2,\"name\":\"Produkte\",\"item\":\"https:\\\/\\\/www.atech-sas.com\\\/de\\\/produkte\\\/\"},{\"@type\":\"ListItem\",\"position\":3,\"name\":\"Pflanzk\u00fcbel\",\"item\":\"https:\\\/\\\/www.atech-sas.com\\\/de\\\/produktkategorie\\\/pflanzkubel\\\/\"},{\"@type\":\"ListItem\",\"position\":4,\"name\":\"Achteckiger Pflanzk\u00fcbel &#8211; Octogone\"}]},{\"@type\":\"WebSite\",\"@id\":\"https:\\\/\\\/www.atech-sas.com\\\/de\\\/#website\",\"url\":\"https:\\\/\\\/www.atech-sas.com\\\/de\\\/\",\"name\":\"Atech-sas\",\"description\":\"Mobilier urbain\",\"publisher\":{\"@id\":\"https:\\\/\\\/www.atech-sas.com\\\/de\\\/#organization\"},\"potentialAction\":[{\"@type\":\"SearchAction\",\"target\":{\"@type\":\"EntryPoint\",\"urlTemplate\":\"https:\\\/\\\/www.atech-sas.com\\\/de\\\/?s={search_term_string}\"},\"query-input\":{\"@type\":\"PropertyValueSpecification\",\"valueRequired\":true,\"valueName\":\"search_term_string\"}}],\"inLanguage\":\"de\"},{\"@type\":\"Organization\",\"@id\":\"https:\\\/\\\/www.atech-sas.com\\\/de\\\/#organization\",\"name\":\"Atech-sas\",\"url\":\"https:\\\/\\\/www.atech-sas.com\\\/de\\\/\",\"logo\":{\"@type\":\"ImageObject\",\"inLanguage\":\"de\",\"@id\":\"https:\\\/\\\/www.atech-sas.com\\\/de\\\/#\\\/schema\\\/logo\\\/image\\\/\",\"url\":\"https:\\\/\\\/www.atech-sas.com\\\/wp-content\\\/uploads\\\/2021\\\/01\\\/ATECH_logo.svg\",\"contentUrl\":\"https:\\\/\\\/www.atech-sas.com\\\/wp-content\\\/uploads\\\/2021\\\/01\\\/ATECH_logo.svg\",\"width\":640,\"height\":217,\"caption\":\"Atech-sas\"},\"image\":{\"@id\":\"https:\\\/\\\/www.atech-sas.com\\\/de\\\/#\\\/schema\\\/logo\\\/image\\\/\"},\"sameAs\":[\"https:\\\/\\\/www.facebook.com\\\/atechsasfr\",\"https:\\\/\\\/www.instagram.com\\\/atech_sas\\\/\",\"https:\\\/\\\/www.youtube.com\\\/c\\\/Atech-saFr\\\/videos\",\"https:\\\/\\\/www.linkedin.com\\\/company\\\/atech-groupe-girod\\\/\"]}]}<\/script>\n<!-- \/ Yoast SEO plugin. -->","yoast_head_json":{"title":"Achteckiger Pflanzk\u00fcbel - Octogone - ATECH","description":"Bringen Sie mit dem Pflanzk\u00fcbel Octogone eine atypische Form in eine urbane Umgebung. Eine ideale Designl\u00f6sung f\u00fcr die Blumenzucht.","robots":{"index":"index","follow":"follow","max-snippet":"max-snippet:-1","max-image-preview":"max-image-preview:large","max-video-preview":"max-video-preview:-1"},"canonical":"https:\/\/www.atech-sas.com\/de\/produkt\/achteckiger-pflanzkubel-octogone\/","og_locale":"de_DE","og_type":"article","og_title":"Achteckiger Pflanzk\u00fcbel - Octogone - ATECH","og_description":"Bringen Sie mit dem Pflanzk\u00fcbel Octogone eine atypische Form in eine urbane Umgebung. Eine ideale Designl\u00f6sung f\u00fcr die Blumenzucht.","og_url":"https:\/\/www.atech-sas.com\/de\/produkt\/achteckiger-pflanzkubel-octogone\/","og_site_name":"ATECH","article_publisher":"https:\/\/www.facebook.com\/atechsasfr","article_modified_time":"2023-11-14T13:33:44+00:00","og_image":[{"width":1080,"height":1080,"url":"https:\/\/www.atech-sas.com\/wp-content\/uploads\/2021\/02\/ATECH-Bac-Octogone.jpg","type":"image\/jpeg"}],"twitter_card":"summary_large_image","twitter_misc":{"Gesch\u00e4tzte Lesezeit":"1\u00a0Minute"},"schema":{"@context":"https:\/\/schema.org","@graph":[{"@type":"WebPage","@id":"https:\/\/www.atech-sas.com\/de\/produkt\/achteckiger-pflanzkubel-octogone\/","url":"https:\/\/www.atech-sas.com\/de\/produkt\/achteckiger-pflanzkubel-octogone\/","name":"Achteckiger Pflanzk\u00fcbel - Octogone - ATECH","isPartOf":{"@id":"https:\/\/www.atech-sas.com\/de\/#website"},"primaryImageOfPage":{"@id":"https:\/\/www.atech-sas.com\/de\/produkt\/achteckiger-pflanzkubel-octogone\/#primaryimage"},"image":{"@id":"https:\/\/www.atech-sas.com\/de\/produkt\/achteckiger-pflanzkubel-octogone\/#primaryimage"},"thumbnailUrl":"https:\/\/www.atech-sas.com\/wp-content\/uploads\/2021\/02\/ATECH-Bac-Octogone.jpg","datePublished":"2021-02-12T15:12:03+00:00","dateModified":"2023-11-14T13:33:44+00:00","description":"Bringen Sie mit dem Pflanzk\u00fcbel Octogone eine atypische Form in eine urbane Umgebung. Eine ideale Designl\u00f6sung f\u00fcr die Blumenzucht.","breadcrumb":{"@id":"https:\/\/www.atech-sas.com\/de\/produkt\/achteckiger-pflanzkubel-octogone\/#breadcrumb"},"inLanguage":"de","potentialAction":[{"@type":"ReadAction","target":["https:\/\/www.atech-sas.com\/de\/produkt\/achteckiger-pflanzkubel-octogone\/"]}]},{"@type":"ImageObject","inLanguage":"de","@id":"https:\/\/www.atech-sas.com\/de\/produkt\/achteckiger-pflanzkubel-octogone\/#primaryimage","url":"https:\/\/www.atech-sas.com\/wp-content\/uploads\/2021\/02\/ATECH-Bac-Octogone.jpg","contentUrl":"https:\/\/www.atech-sas.com\/wp-content\/uploads\/2021\/02\/ATECH-Bac-Octogone.jpg","width":1080,"height":1080,"caption":"ATECH-Octogone-Pflanzkubel"},{"@type":"BreadcrumbList","@id":"https:\/\/www.atech-sas.com\/de\/produkt\/achteckiger-pflanzkubel-octogone\/#breadcrumb","itemListElement":[{"@type":"ListItem","position":1,"name":"Startseite","item":"https:\/\/www.atech-sas.com\/de\/"},{"@type":"ListItem","position":2,"name":"Produkte","item":"https:\/\/www.atech-sas.com\/de\/produkte\/"},{"@type":"ListItem","position":3,"name":"Pflanzk\u00fcbel","item":"https:\/\/www.atech-sas.com\/de\/produktkategorie\/pflanzkubel\/"},{"@type":"ListItem","position":4,"name":"Achteckiger Pflanzk\u00fcbel &#8211; Octogone"}]},{"@type":"WebSite","@id":"https:\/\/www.atech-sas.com\/de\/#website","url":"https:\/\/www.atech-sas.com\/de\/","name":"Atech-sas","description":"Mobilier urbain","publisher":{"@id":"https:\/\/www.atech-sas.com\/de\/#organization"},"potentialAction":[{"@type":"SearchAction","target":{"@type":"EntryPoint","urlTemplate":"https:\/\/www.atech-sas.com\/de\/?s={search_term_string}"},"query-input":{"@type":"PropertyValueSpecification","valueRequired":true,"valueName":"search_term_string"}}],"inLanguage":"de"},{"@type":"Organization","@id":"https:\/\/www.atech-sas.com\/de\/#organization","name":"Atech-sas","url":"https:\/\/www.atech-sas.com\/de\/","logo":{"@type":"ImageObject","inLanguage":"de","@id":"https:\/\/www.atech-sas.com\/de\/#\/schema\/logo\/image\/","url":"https:\/\/www.atech-sas.com\/wp-content\/uploads\/2021\/01\/ATECH_logo.svg","contentUrl":"https:\/\/www.atech-sas.com\/wp-content\/uploads\/2021\/01\/ATECH_logo.svg","width":640,"height":217,"caption":"Atech-sas"},"image":{"@id":"https:\/\/www.atech-sas.com\/de\/#\/schema\/logo\/image\/"},"sameAs":["https:\/\/www.facebook.com\/atechsasfr","https:\/\/www.instagram.com\/atech_sas\/","https:\/\/www.youtube.com\/c\/Atech-saFr\/videos","https:\/\/www.linkedin.com\/company\/atech-groupe-girod\/"]}]}},"_links":{"self":[{"href":"https:\/\/www.atech-sas.com\/de\/wp-json\/wp\/v2\/product\/35927","targetHints":{"allow":["GET"]}}],"collection":[{"href":"https:\/\/www.atech-sas.com\/de\/wp-json\/wp\/v2\/product"}],"about":[{"href":"https:\/\/www.atech-sas.com\/de\/wp-json\/wp\/v2\/types\/product"}],"replies":[{"embeddable":true,"href":"https:\/\/www.atech-sas.com\/de\/wp-json\/wp\/v2\/comments?post=35927"}],"wp:featuredmedia":[{"embeddable":true,"href":"https:\/\/www.atech-sas.com\/de\/wp-json\/wp\/v2\/media\/29926"}],"wp:attachment":[{"href":"https:\/\/www.atech-sas.com\/de\/wp-json\/wp\/v2\/media?parent=35927"}],"wp:term":[{"taxonomy":"product_brand","embeddable":true,"href":"https:\/\/www.atech-sas.com\/de\/wp-json\/wp\/v2\/product_brand?post=35927"},{"taxonomy":"product_cat","embeddable":true,"href":"https:\/\/www.atech-sas.com\/de\/wp-json\/wp\/v2\/product_cat?post=35927"},{"taxonomy":"product_tag","embeddable":true,"href":"https:\/\/www.atech-sas.com\/de\/wp-json\/wp\/v2\/product_tag?post=35927"}],"curies":[{"name":"wp","href":"https:\/\/api.w.org\/{rel}","templated":true}]}}