{"id":46012,"date":"2021-09-27T17:02:32","date_gmt":"2021-09-27T15:02:32","guid":{"rendered":"https:\/\/www.atech-sas.com\/?page_id=46012"},"modified":"2024-11-27T14:30:31","modified_gmt":"2024-11-27T13:30:31","slug":"kontakt-dankeschoen","status":"publish","type":"page","link":"https:\/\/www.atech-sas.com\/de\/kontakt-dankeschoen\/","title":{"rendered":"Kontakt &#8211; Dankesch\u00f6n"},"content":{"rendered":"<div class=\"wpb-content-wrapper\"><p>[vc_row full_width=&#8221;stretch_row&#8221; css=&#8221;.vc_custom_1623950448144{margin-top: 0px !important;margin-bottom: 0px !important;padding-top: 120px !important;padding-bottom: 40px !important;background-image: url(https:\/\/www.atech-sas.com\/wp-content\/uploads\/2021\/06\/qui-service.jpg?id=39780) !important;background-position: center !important;background-repeat: no-repeat !important;background-size: cover !important;}&#8221; mobile_bg_img_hidden=&#8221;no&#8221; tablet_bg_img_hidden=&#8221;no&#8221; woodmart_parallax=&#8221;0&#8243; woodmart_gradient_switch=&#8221;no&#8221; row_reverse_mobile=&#8221;1&#8243; row_reverse_tablet=&#8221;1&#8243; woodmart_disable_overflow=&#8221;0&#8243;][vc_column woodmart_text_align=&#8221;left&#8221; css=&#8221;.vc_custom_1623950490706{margin-bottom: 4vh !important;padding-top: 30px !important;padding-bottom: 30px !important;}&#8221; mobile_bg_img_hidden=&#8221;no&#8221; tablet_bg_img_hidden=&#8221;no&#8221; woodmart_parallax=&#8221;0&#8243; woodmart_sticky_column=&#8221;false&#8221; parallax_scroll=&#8221;no&#8221; mobile_reset_margin=&#8221;no&#8221; tablet_reset_margin=&#8221;no&#8221; offset=&#8221;vc_col-lg-offset-0&#8243;][vc_empty_space height=&#8221;4vh&#8221; woodmart_hide_large=&#8221;0&#8243; woodmart_hide_medium=&#8221;0&#8243; woodmart_hide_small=&#8221;1&#8243; woodmart_hide_extra_small=&#8221;1&#8243;][vc_column_text css=&#8221;&#8221; woodmart_inline=&#8221;no&#8221; text_larger=&#8221;no&#8221;]<\/p>\n<p style=\"text-align: center;\"><span><span><a href=\"https:\/\/www.atech-sas.com\/de\/\">Startseite<\/a><\/span><\/span><\/p>\n<p>[\/vc_column_text]\n\t\t<div id=\"wd-612ce909c9cff\" class=\"title-wrapper wd-wpb set-mb-s reset-last-child  wd-rs-612ce909c9cff wd-title-color-primary wd-title-style-default text-center vc_custom_1630333219094 wd-underline-colored\">\n\t\t\t\n\t\t\t<div class=\"liner-continer\">\n\t\t\t\t<h1 class=\"woodmart-title-container title  wd-font-weight- wd-fontsize-xxl\" >Zu Ihren Diensten<\/h1>\n\t\t\t\t\t\t\t<\/div>\n\t\t\t\n\t\t\t\t\t\t\t<div class=\"title-after_title  set-cont-mb-s reset-last-child  wd-fontsize-s\">Ben\u00f6tigen Sie Informationen, m\u00f6chten Sie wieder kontaktiert werden oder ben\u00f6tigen Sie unsere Kontaktinformationen?<\/div>\n\t\t\t\n\t\t\t\n\t\t<\/div>\n\t\t\n\t\t[\/vc_column][\/vc_row][vc_row equal_height=&#8221;yes&#8221; css_animation=&#8221;fadeIn&#8221; css=&#8221;.vc_custom_1623950538235{margin-right: -40px !important;margin-left: -40px !important;padding-top: 80px !important;}&#8221; mobile_bg_img_hidden=&#8221;no&#8221; tablet_bg_img_hidden=&#8221;no&#8221; woodmart_parallax=&#8221;0&#8243; woodmart_gradient_switch=&#8221;no&#8221; row_reverse_mobile=&#8221;0&#8243; row_reverse_tablet=&#8221;0&#8243; woodmart_disable_overflow=&#8221;0&#8243;][vc_column offset=&#8221;vc_col-lg-6 vc_col-md-6&#8243; css=&#8221;.vc_custom_1496932331302{padding-top: 20px !important;padding-right: 40px !important;padding-bottom: 10px !important;padding-left: 40px !important;}&#8221;]\t\t\t<div id=\"wd-6151dd21d0625\" class=\"wd-text-block-wrapper wd-wpb wd-rs-6151dd21d0625 color-scheme- text-center \">\n\t\t\t\t<div class=\"woodmart-title-container woodmart-text-block reset-last-child font-primary wd-font-weight- wd-fontsize-l\">\n\t\t\t\t\tVielen Dank, dass Sie uns kontaktiert haben! Wir werden uns so schnell wie m\u00f6glich mit Ihnen in Verbindung setzen.\t\t\t\t<\/div>\n\n\t\t\t\t\t\t\t<\/div>\n\t\t[\/vc_column][vc_column offset=&#8221;vc_col-lg-6 vc_col-md-6&#8243; css=&#8221;.vc_custom_1625568251858{border-left-width: 1px !important;padding-top: 20px !important;padding-right: 40px !important;padding-bottom: 10px !important;padding-left: 40px !important;border-left-color: rgba(129,129,129,0.2) !important;border-left-style: solid !important;}&#8221; mobile_bg_img_hidden=&#8221;no&#8221; tablet_bg_img_hidden=&#8221;no&#8221; woodmart_parallax=&#8221;0&#8243; woodmart_sticky_column=&#8221;false&#8221; parallax_scroll=&#8221;no&#8221; mobile_reset_margin=&#8221;no&#8221; tablet_reset_margin=&#8221;no&#8221;]\n\t\t<div id=\"wd-612ce944e9137\" class=\"title-wrapper wd-wpb set-mb-s reset-last-child  wd-rs-612ce944e9137 wd-title-color-default wd-title-style-bordered text-left vc_custom_1630333260931 wd-underline-colored\">\n\t\t\t\n\t\t\t<div class=\"liner-continer\">\n\t\t\t\t<h4 class=\"woodmart-title-container title  wd-font-weight- wd-fontsize-l\" >KONTAKT<\/h4>\n\t\t\t\t\t\t\t<\/div>\n\t\t\t\n\t\t\t\n\t\t\t\n\t\t<\/div>\n\t\t\n\t\t[vc_row_inner row_reverse_mobile=&#8221;0&#8243; row_reverse_tablet=&#8221;0&#8243; css=&#8221;.vc_custom_1625568299857{margin-bottom: 30px !important;padding-right: 20px !important;padding-left: 20px !important;}&#8221;][vc_column_inner offset=&#8221;vc_col-lg-10 vc_col-md-10&#8243; css=&#8221;.vc_custom_1625566165990{padding-top: 40px !important;padding-right: 30px !important;padding-bottom: 40px !important;padding-left: 30px !important;background-color: #000000 !important;}&#8221;]\t\t\t<div id=\"wd-612ce94f95482\" class=\"wd-text-block-wrapper wd-wpb wd-rs-612ce94f95482 color-scheme-light text-center vc_custom_1630333281871\">\n\t\t\t\t<div class=\"woodmart-title-container woodmart-text-block reset-last-child font-primary wd-font-weight- wd-fontsize-m\">\n\t\t\t\t\t<strong>ERZ\u00c4HLEN SIE UNS VON IHREM PROJEKT<\/strong>\t\t\t\t<\/div>\n\n\t\t\t\t\t\t\t<\/div>\n\t\t\t\t\t<div id=\"wd-612ce9649d6c1\" class=\"wd-text-block-wrapper wd-wpb wd-rs-612ce9649d6c1 color-scheme-light text-center \">\n\t\t\t\t<div class=\"woodmart-title-container woodmart-text-block reset-last-child font-primary wd-font-weight- wd-fontsize-m\">\n\t\t\t\t\t<\/p>\n<p style=\"font-size: 16px;\">Ben\u00f6tigt Ihr Projekt Unterst\u00fctzung durch unser Team? Wir werden Sie kontaktieren.<\/p>\n<p>\t\t\t\t<\/div>\n\n\t\t\t\t\t\t\t<\/div>\n\t\t<div id=\"wd-612de94472949\" class=\" wd-rs-612de94472949  wd-button-wrapper text-center\"><a href=\"https:\/\/www.atech-sas.com\/de\/projekt\/\" title=\"\" class=\"btn btn-scheme-dark btn-scheme-hover-light btn-style-default btn-style-rectangle btn-size-default\">WIEDER KONTAKTIERT WERDEN<\/a><\/div>[\/vc_column_inner][\/vc_row_inner][vc_row_inner row_reverse_mobile=&#8221;0&#8243; row_reverse_tablet=&#8221;0&#8243; css=&#8221;.vc_custom_1625568312644{padding-right: 20px !important;padding-left: 20px !important;}&#8221;][vc_column_inner offset=&#8221;vc_col-lg-10 vc_col-md-10&#8243; css=&#8221;.vc_custom_1625566165990{padding-top: 40px !important;padding-right: 30px !important;padding-bottom: 40px !important;padding-left: 30px !important;background-color: #000000 !important;}&#8221;]\t\t\t<div id=\"wd-612ce9851ba4e\" class=\"wd-text-block-wrapper wd-wpb wd-rs-612ce9851ba4e color-scheme-light text-center vc_custom_1630333340156\">\n\t\t\t\t<div class=\"woodmart-title-container woodmart-text-block reset-last-child font-primary wd-font-weight- wd-fontsize-m\">\n\t\t\t\t\t<strong>SPRECHEN SIE MIT UNS<\/strong>\t\t\t\t<\/div>\n\n\t\t\t\t\t\t\t<\/div>\n\t\t\t\t\t<div id=\"wd-612ce99f1ef35\" class=\"wd-text-block-wrapper wd-wpb wd-rs-612ce99f1ef35 color-scheme-light text-center \">\n\t\t\t\t<div class=\"woodmart-title-container woodmart-text-block reset-last-child font-primary wd-font-weight- wd-fontsize-m\">\n\t\t\t\t\t<\/p>\n<p style=\"font-size: 16px;\">Unsere Kontaktdaten f\u00fcr den Austausch<\/p>\n<p>\t\t\t\t<\/div>\n\n\t\t\t\t\t\t\t<\/div>\n\t\t[vc_column_text css=&#8221;.vc_custom_1630333462592{margin-top: 0px !important;margin-bottom: 0px !important;padding-top: 0px !important;padding-bottom: 20px !important;}&#8221; woodmart_color_scheme=&#8221;light&#8221; text_larger=&#8221;no&#8221; woodmart_inline=&#8221;no&#8221;]<strong>TEL.:<\/strong>\u00a0<a style=\"color: #fae600;\" href=\"tel:+33241637488\">+33 (0)2 41 63 74 88<\/a>[\/vc_column_text][vc_column_text css=&#8221;.vc_custom_1632917752271{margin-bottom: 0px !important;padding-bottom: 20px !important;}&#8221; woodmart_color_scheme=&#8221;light&#8221; text_larger=&#8221;no&#8221; woodmart_inline=&#8221;no&#8221;]<strong>E-MAIL: <\/strong><a style=\"color: #fae600;\" href=\"mailto:info@atech-sas.com\">info@atech-sas.com <\/a>[\/vc_column_text][vc_column_text css=&#8221;.vc_custom_1630333582507{margin-bottom: 0px !important;padding-bottom: 20px !important;}&#8221; woodmart_color_scheme=&#8221;light&#8221; text_larger=&#8221;no&#8221; woodmart_inline=&#8221;no&#8221;]<strong>ADRESSE:<br \/>\n<\/strong>Lebacher Strasse 4,<br \/>\nPostfach 10 05 43<br \/>\nDE-66113 SAARBR\u00dcCKEN<br \/>\nDEUTSCHLAND[\/vc_column_text][\/vc_column_inner][\/vc_row_inner][\/vc_column][\/vc_row]<\/p>\n<\/div>","protected":false},"excerpt":{"rendered":"<p>[vc_row full_width=&#8221;stretch_row&#8221; css=&#8221;.vc_custom_1623950448144{margin-top: 0px !important;margin-bottom: 0px !important;padding-top: 120px !important;padding-bottom: 40px !important;background-image: url(https:\/\/www.atech-sas.com\/wp-content\/uploads\/2021\/06\/qui-service.jpg?id=39780) !important;background-position: center !important;background-repeat: no-repeat !important;background-size: cover !important;}&#8221; mobile_bg_img_hidden=&#8221;no&#8221;<\/p>\n","protected":false},"author":1,"featured_media":0,"parent":0,"menu_order":0,"comment_status":"closed","ping_status":"closed","template":"","meta":{"_relevanssi_hide_post":"","_relevanssi_hide_content":"","_relevanssi_pin_for_all":"","_relevanssi_pin_keywords":"","_relevanssi_unpin_keywords":"","_relevanssi_related_keywords":"","_relevanssi_related_include_ids":"","_relevanssi_related_exclude_ids":"","_relevanssi_related_no_append":"","_relevanssi_related_not_related":"","_relevanssi_related_posts":"","_relevanssi_noindex_reason":"WooCommerce Yoast SEO Exclusion de l\u2019index de Relevanssi","footnotes":""},"class_list":["post-46012","page","type-page","status-publish","hentry"],"yoast_head":"<!-- This site is optimized with the Yoast SEO plugin v27.5 - https:\/\/yoast.com\/product\/yoast-seo-wordpress\/ -->\n<title>Kontakt - Dankesch\u00f6n - ATECH<\/title>\n<meta name=\"robots\" content=\"noindex, follow\" \/>\n<meta property=\"og:locale\" content=\"de_DE\" \/>\n<meta property=\"og:type\" content=\"article\" \/>\n<meta property=\"og:title\" content=\"Kontakt - Dankesch\u00f6n - ATECH\" \/>\n<meta property=\"og:description\" content=\"[vc_row full_width=&#8221;stretch_row&#8221; css=&#8221;.vc_custom_1623950448144{margin-top: 0px !important;margin-bottom: 0px !important;padding-top: 120px !important;padding-bottom: 40px !important;background-image: url(https:\/\/www.atech-sas.com\/wp-content\/uploads\/2021\/06\/qui-service.jpg?id=39780) !important;background-position: center !important;background-repeat: no-repeat !important;background-size: cover !important;}&#8221; mobile_bg_img_hidden=&#8221;no&#8221;\" \/>\n<meta property=\"og:url\" content=\"https:\/\/www.atech-sas.com\/de\/kontakt-dankeschoen\/\" \/>\n<meta property=\"og:site_name\" content=\"ATECH\" \/>\n<meta property=\"article:publisher\" content=\"https:\/\/www.facebook.com\/atechsasfr\" \/>\n<meta property=\"article:modified_time\" content=\"2024-11-27T13:30:31+00:00\" \/>\n<meta property=\"og:image\" content=\"https:\/\/www.atech-sas.com\/wp-content\/uploads\/2024\/06\/logo-atech-identite-site-scaled.jpg\" \/>\n\t<meta property=\"og:image:width\" content=\"2048\" \/>\n\t<meta property=\"og:image:height\" content=\"2048\" \/>\n\t<meta property=\"og:image:type\" content=\"image\/jpeg\" \/>\n<meta name=\"twitter:card\" content=\"summary_large_image\" \/>\n<meta name=\"twitter:label1\" content=\"Gesch\u00e4tzte Lesezeit\" \/>\n\t<meta name=\"twitter:data1\" content=\"2\u00a0Minuten\" \/>\n<script type=\"application\/ld+json\" class=\"yoast-schema-graph\">{\"@context\":\"https:\\\/\\\/schema.org\",\"@graph\":[{\"@type\":\"WebPage\",\"@id\":\"https:\\\/\\\/www.atech-sas.com\\\/de\\\/kontakt-dankeschoen\\\/\",\"url\":\"https:\\\/\\\/www.atech-sas.com\\\/de\\\/kontakt-dankeschoen\\\/\",\"name\":\"Kontakt - Dankesch\u00f6n - ATECH\",\"isPartOf\":{\"@id\":\"https:\\\/\\\/www.atech-sas.com\\\/de\\\/#website\"},\"datePublished\":\"2021-09-27T15:02:32+00:00\",\"dateModified\":\"2024-11-27T13:30:31+00:00\",\"breadcrumb\":{\"@id\":\"https:\\\/\\\/www.atech-sas.com\\\/de\\\/kontakt-dankeschoen\\\/#breadcrumb\"},\"inLanguage\":\"de\",\"potentialAction\":[{\"@type\":\"ReadAction\",\"target\":[\"https:\\\/\\\/www.atech-sas.com\\\/de\\\/kontakt-dankeschoen\\\/\"]}]},{\"@type\":\"BreadcrumbList\",\"@id\":\"https:\\\/\\\/www.atech-sas.com\\\/de\\\/kontakt-dankeschoen\\\/#breadcrumb\",\"itemListElement\":[{\"@type\":\"ListItem\",\"position\":1,\"name\":\"Startseite\",\"item\":\"https:\\\/\\\/www.atech-sas.com\\\/de\\\/\"},{\"@type\":\"ListItem\",\"position\":2,\"name\":\"Kontakt &#8211; Dankesch\u00f6n\"}]},{\"@type\":\"WebSite\",\"@id\":\"https:\\\/\\\/www.atech-sas.com\\\/de\\\/#website\",\"url\":\"https:\\\/\\\/www.atech-sas.com\\\/de\\\/\",\"name\":\"Atech-sas\",\"description\":\"Mobilier urbain\",\"publisher\":{\"@id\":\"https:\\\/\\\/www.atech-sas.com\\\/de\\\/#organization\"},\"potentialAction\":[{\"@type\":\"SearchAction\",\"target\":{\"@type\":\"EntryPoint\",\"urlTemplate\":\"https:\\\/\\\/www.atech-sas.com\\\/de\\\/?s={search_term_string}\"},\"query-input\":{\"@type\":\"PropertyValueSpecification\",\"valueRequired\":true,\"valueName\":\"search_term_string\"}}],\"inLanguage\":\"de\"},{\"@type\":\"Organization\",\"@id\":\"https:\\\/\\\/www.atech-sas.com\\\/de\\\/#organization\",\"name\":\"Atech-sas\",\"url\":\"https:\\\/\\\/www.atech-sas.com\\\/de\\\/\",\"logo\":{\"@type\":\"ImageObject\",\"inLanguage\":\"de\",\"@id\":\"https:\\\/\\\/www.atech-sas.com\\\/de\\\/#\\\/schema\\\/logo\\\/image\\\/\",\"url\":\"https:\\\/\\\/www.atech-sas.com\\\/wp-content\\\/uploads\\\/2021\\\/01\\\/ATECH_logo.svg\",\"contentUrl\":\"https:\\\/\\\/www.atech-sas.com\\\/wp-content\\\/uploads\\\/2021\\\/01\\\/ATECH_logo.svg\",\"width\":640,\"height\":217,\"caption\":\"Atech-sas\"},\"image\":{\"@id\":\"https:\\\/\\\/www.atech-sas.com\\\/de\\\/#\\\/schema\\\/logo\\\/image\\\/\"},\"sameAs\":[\"https:\\\/\\\/www.facebook.com\\\/atechsasfr\",\"https:\\\/\\\/www.instagram.com\\\/atech_sas\\\/\",\"https:\\\/\\\/www.youtube.com\\\/c\\\/Atech-saFr\\\/videos\",\"https:\\\/\\\/www.linkedin.com\\\/company\\\/atech-groupe-girod\\\/\"]}]}<\/script>\n<!-- \/ Yoast SEO plugin. -->","yoast_head_json":{"title":"Kontakt - Dankesch\u00f6n - ATECH","robots":{"index":"noindex","follow":"follow"},"og_locale":"de_DE","og_type":"article","og_title":"Kontakt - Dankesch\u00f6n - ATECH","og_description":"[vc_row full_width=&#8221;stretch_row&#8221; css=&#8221;.vc_custom_1623950448144{margin-top: 0px !important;margin-bottom: 0px !important;padding-top: 120px !important;padding-bottom: 40px !important;background-image: url(https:\/\/www.atech-sas.com\/wp-content\/uploads\/2021\/06\/qui-service.jpg?id=39780) !important;background-position: center !important;background-repeat: no-repeat !important;background-size: cover !important;}&#8221; mobile_bg_img_hidden=&#8221;no&#8221;","og_url":"https:\/\/www.atech-sas.com\/de\/kontakt-dankeschoen\/","og_site_name":"ATECH","article_publisher":"https:\/\/www.facebook.com\/atechsasfr","article_modified_time":"2024-11-27T13:30:31+00:00","og_image":[{"width":2048,"height":2048,"url":"https:\/\/www.atech-sas.com\/wp-content\/uploads\/2024\/06\/logo-atech-identite-site-scaled.jpg","type":"image\/jpeg"}],"twitter_card":"summary_large_image","twitter_misc":{"Gesch\u00e4tzte Lesezeit":"2\u00a0Minuten"},"schema":{"@context":"https:\/\/schema.org","@graph":[{"@type":"WebPage","@id":"https:\/\/www.atech-sas.com\/de\/kontakt-dankeschoen\/","url":"https:\/\/www.atech-sas.com\/de\/kontakt-dankeschoen\/","name":"Kontakt - Dankesch\u00f6n - ATECH","isPartOf":{"@id":"https:\/\/www.atech-sas.com\/de\/#website"},"datePublished":"2021-09-27T15:02:32+00:00","dateModified":"2024-11-27T13:30:31+00:00","breadcrumb":{"@id":"https:\/\/www.atech-sas.com\/de\/kontakt-dankeschoen\/#breadcrumb"},"inLanguage":"de","potentialAction":[{"@type":"ReadAction","target":["https:\/\/www.atech-sas.com\/de\/kontakt-dankeschoen\/"]}]},{"@type":"BreadcrumbList","@id":"https:\/\/www.atech-sas.com\/de\/kontakt-dankeschoen\/#breadcrumb","itemListElement":[{"@type":"ListItem","position":1,"name":"Startseite","item":"https:\/\/www.atech-sas.com\/de\/"},{"@type":"ListItem","position":2,"name":"Kontakt &#8211; Dankesch\u00f6n"}]},{"@type":"WebSite","@id":"https:\/\/www.atech-sas.com\/de\/#website","url":"https:\/\/www.atech-sas.com\/de\/","name":"Atech-sas","description":"Mobilier urbain","publisher":{"@id":"https:\/\/www.atech-sas.com\/de\/#organization"},"potentialAction":[{"@type":"SearchAction","target":{"@type":"EntryPoint","urlTemplate":"https:\/\/www.atech-sas.com\/de\/?s={search_term_string}"},"query-input":{"@type":"PropertyValueSpecification","valueRequired":true,"valueName":"search_term_string"}}],"inLanguage":"de"},{"@type":"Organization","@id":"https:\/\/www.atech-sas.com\/de\/#organization","name":"Atech-sas","url":"https:\/\/www.atech-sas.com\/de\/","logo":{"@type":"ImageObject","inLanguage":"de","@id":"https:\/\/www.atech-sas.com\/de\/#\/schema\/logo\/image\/","url":"https:\/\/www.atech-sas.com\/wp-content\/uploads\/2021\/01\/ATECH_logo.svg","contentUrl":"https:\/\/www.atech-sas.com\/wp-content\/uploads\/2021\/01\/ATECH_logo.svg","width":640,"height":217,"caption":"Atech-sas"},"image":{"@id":"https:\/\/www.atech-sas.com\/de\/#\/schema\/logo\/image\/"},"sameAs":["https:\/\/www.facebook.com\/atechsasfr","https:\/\/www.instagram.com\/atech_sas\/","https:\/\/www.youtube.com\/c\/Atech-saFr\/videos","https:\/\/www.linkedin.com\/company\/atech-groupe-girod\/"]}]}},"_links":{"self":[{"href":"https:\/\/www.atech-sas.com\/de\/wp-json\/wp\/v2\/pages\/46012","targetHints":{"allow":["GET"]}}],"collection":[{"href":"https:\/\/www.atech-sas.com\/de\/wp-json\/wp\/v2\/pages"}],"about":[{"href":"https:\/\/www.atech-sas.com\/de\/wp-json\/wp\/v2\/types\/page"}],"author":[{"embeddable":true,"href":"https:\/\/www.atech-sas.com\/de\/wp-json\/wp\/v2\/users\/1"}],"replies":[{"embeddable":true,"href":"https:\/\/www.atech-sas.com\/de\/wp-json\/wp\/v2\/comments?post=46012"}],"version-history":[{"count":6,"href":"https:\/\/www.atech-sas.com\/de\/wp-json\/wp\/v2\/pages\/46012\/revisions"}],"predecessor-version":[{"id":81751,"href":"https:\/\/www.atech-sas.com\/de\/wp-json\/wp\/v2\/pages\/46012\/revisions\/81751"}],"wp:attachment":[{"href":"https:\/\/www.atech-sas.com\/de\/wp-json\/wp\/v2\/media?parent=46012"}],"curies":[{"name":"wp","href":"https:\/\/api.w.org\/{rel}","templated":true}]}}