{"id":45250,"date":"2021-09-03T16:06:25","date_gmt":"2021-09-03T14:06:25","guid":{"rendered":"https:\/\/www.atech-sas.com\/?page_id=45250"},"modified":"2022-02-28T15:37:03","modified_gmt":"2022-02-28T14:37:03","slug":"wunschzettel","status":"publish","type":"page","link":"https:\/\/www.atech-sas.com\/de\/wunschzettel\/","title":{"rendered":"Wunschzettel"},"content":{"rendered":"\t\t\n\t\t\n\t\t<div class=\"\">\n\t\t\t\t\t\t<div class=\"wd-wishlist-content\">\n\t\t\t\t\t\t\t\t\t<p class=\"wd-empty-wishlist wd-empty-page\">\n\t\t\t\t\t\tDer Wunschzettel ist leer\t\t\t\t\t<\/p>\n\n\t\t\t\t\t\t\t\t\t\t\t<div class=\"wd-empty-page-text\">\n\t\t\t\t\t\t\tSie haben noch keine Produkte auf der Wunschliste. <br \/> Viele interessante Produkte finden Sie auf unseren \"Produkte\"-Seiten.\t\t\t\t\t\t<\/div>\n\t\t\t\t\t\n\t\t\t\t\t<p class=\"return-to-shop\">\n\t\t\t\t\t\t<a class=\"button\" href=\"https:\/\/www.atech-sas.com\/de\/produkte\/\">\n\t\t\t\t\t\t\tZur\u00fcck zu den Produkten\t\t\t\t\t\t<\/a>\n\t\t\t\t\t<\/p>\n\t\t\t\t\t\t\t<\/div>\n\t\t\t\t<\/div>\n\t\t\n","protected":false},"excerpt":{"rendered":"Der Wunschzettel ist leer Sie haben noch keine Produkte auf der Wunschliste. Viele interessante Produkte finden Sie auf unseren \"Produkte\"-Seiten.","protected":false},"author":96,"featured_media":0,"parent":0,"menu_order":0,"comment_status":"closed","ping_status":"closed","template":"","meta":{"_relevanssi_hide_post":"","_relevanssi_hide_content":"","_relevanssi_pin_for_all":"","_relevanssi_pin_keywords":"","_relevanssi_unpin_keywords":"","_relevanssi_related_keywords":"","_relevanssi_related_include_ids":"","_relevanssi_related_exclude_ids":"","_relevanssi_related_no_append":"","_relevanssi_related_not_related":"","_relevanssi_related_posts":"","_relevanssi_noindex_reason":"","footnotes":""},"class_list":["post-45250","page","type-page","status-publish","hentry"],"yoast_head":"<!-- This site is optimized with the Yoast SEO plugin v27.3 - https:\/\/yoast.com\/product\/yoast-seo-wordpress\/ -->\n<title>Wunschzettel - ATECH<\/title>\n<meta name=\"description\" content=\"Stellen Sie Ihre Wunschliste unter den ATECH-Produkten zusammen: Begr\u00fcnungsk\u00fcbel, Stadtmobiliar, Ausr\u00fcstung... treffen Sie Ihre Wahl!\" \/>\n<meta name=\"robots\" content=\"index, follow, max-snippet:-1, max-image-preview:large, max-video-preview:-1\" \/>\n<link rel=\"canonical\" href=\"https:\/\/www.atech-sas.com\/de\/wunschzettel\/\" \/>\n<meta property=\"og:locale\" content=\"de_DE\" \/>\n<meta property=\"og:type\" content=\"article\" \/>\n<meta property=\"og:title\" content=\"Wunschzettel - ATECH\" \/>\n<meta property=\"og:description\" content=\"Stellen Sie Ihre Wunschliste unter den ATECH-Produkten zusammen: Begr\u00fcnungsk\u00fcbel, Stadtmobiliar, Ausr\u00fcstung... treffen Sie Ihre Wahl!\" \/>\n<meta property=\"og:url\" content=\"https:\/\/www.atech-sas.com\/de\/wunschzettel\/\" \/>\n<meta property=\"og:site_name\" content=\"ATECH\" \/>\n<meta property=\"article:publisher\" content=\"https:\/\/www.facebook.com\/atechsasfr\" \/>\n<meta property=\"article:modified_time\" content=\"2022-02-28T14:37:03+00:00\" \/>\n<meta property=\"og:image\" content=\"https:\/\/www.atech-sas.com\/wp-content\/uploads\/2024\/06\/logo-atech-identite-site-scaled.jpg\" \/>\n\t<meta property=\"og:image:width\" content=\"2048\" \/>\n\t<meta property=\"og:image:height\" content=\"2048\" \/>\n\t<meta property=\"og:image:type\" content=\"image\/jpeg\" \/>\n<meta name=\"twitter:card\" content=\"summary_large_image\" \/>\n<script type=\"application\/ld+json\" class=\"yoast-schema-graph\">{\"@context\":\"https:\\\/\\\/schema.org\",\"@graph\":[{\"@type\":\"WebPage\",\"@id\":\"https:\\\/\\\/www.atech-sas.com\\\/de\\\/wunschzettel\\\/\",\"url\":\"https:\\\/\\\/www.atech-sas.com\\\/de\\\/wunschzettel\\\/\",\"name\":\"Wunschzettel - ATECH\",\"isPartOf\":{\"@id\":\"https:\\\/\\\/www.atech-sas.com\\\/de\\\/#website\"},\"datePublished\":\"2021-09-03T14:06:25+00:00\",\"dateModified\":\"2022-02-28T14:37:03+00:00\",\"description\":\"Stellen Sie Ihre Wunschliste unter den ATECH-Produkten zusammen: Begr\u00fcnungsk\u00fcbel, Stadtmobiliar, Ausr\u00fcstung... treffen Sie Ihre Wahl!\",\"breadcrumb\":{\"@id\":\"https:\\\/\\\/www.atech-sas.com\\\/de\\\/wunschzettel\\\/#breadcrumb\"},\"inLanguage\":\"de\",\"potentialAction\":[{\"@type\":\"ReadAction\",\"target\":[\"https:\\\/\\\/www.atech-sas.com\\\/de\\\/wunschzettel\\\/\"]}]},{\"@type\":\"BreadcrumbList\",\"@id\":\"https:\\\/\\\/www.atech-sas.com\\\/de\\\/wunschzettel\\\/#breadcrumb\",\"itemListElement\":[{\"@type\":\"ListItem\",\"position\":1,\"name\":\"Startseite\",\"item\":\"https:\\\/\\\/www.atech-sas.com\\\/de\\\/\"},{\"@type\":\"ListItem\",\"position\":2,\"name\":\"Wunschzettel\"}]},{\"@type\":\"WebSite\",\"@id\":\"https:\\\/\\\/www.atech-sas.com\\\/de\\\/#website\",\"url\":\"https:\\\/\\\/www.atech-sas.com\\\/de\\\/\",\"name\":\"Atech-sas\",\"description\":\"Mobilier urbain\",\"publisher\":{\"@id\":\"https:\\\/\\\/www.atech-sas.com\\\/de\\\/#organization\"},\"potentialAction\":[{\"@type\":\"SearchAction\",\"target\":{\"@type\":\"EntryPoint\",\"urlTemplate\":\"https:\\\/\\\/www.atech-sas.com\\\/de\\\/?s={search_term_string}\"},\"query-input\":{\"@type\":\"PropertyValueSpecification\",\"valueRequired\":true,\"valueName\":\"search_term_string\"}}],\"inLanguage\":\"de\"},{\"@type\":\"Organization\",\"@id\":\"https:\\\/\\\/www.atech-sas.com\\\/de\\\/#organization\",\"name\":\"Atech-sas\",\"url\":\"https:\\\/\\\/www.atech-sas.com\\\/de\\\/\",\"logo\":{\"@type\":\"ImageObject\",\"inLanguage\":\"de\",\"@id\":\"https:\\\/\\\/www.atech-sas.com\\\/de\\\/#\\\/schema\\\/logo\\\/image\\\/\",\"url\":\"https:\\\/\\\/www.atech-sas.com\\\/wp-content\\\/uploads\\\/2021\\\/01\\\/ATECH_logo.svg\",\"contentUrl\":\"https:\\\/\\\/www.atech-sas.com\\\/wp-content\\\/uploads\\\/2021\\\/01\\\/ATECH_logo.svg\",\"width\":640,\"height\":217,\"caption\":\"Atech-sas\"},\"image\":{\"@id\":\"https:\\\/\\\/www.atech-sas.com\\\/de\\\/#\\\/schema\\\/logo\\\/image\\\/\"},\"sameAs\":[\"https:\\\/\\\/www.facebook.com\\\/atechsasfr\",\"https:\\\/\\\/www.instagram.com\\\/atech_sas\\\/\",\"https:\\\/\\\/www.youtube.com\\\/c\\\/Atech-saFr\\\/videos\",\"https:\\\/\\\/www.linkedin.com\\\/company\\\/atech-groupe-girod\\\/\"]}]}<\/script>\n<!-- \/ Yoast SEO plugin. -->","yoast_head_json":{"title":"Wunschzettel - ATECH","description":"Stellen Sie Ihre Wunschliste unter den ATECH-Produkten zusammen: Begr\u00fcnungsk\u00fcbel, Stadtmobiliar, Ausr\u00fcstung... treffen Sie Ihre Wahl!","robots":{"index":"index","follow":"follow","max-snippet":"max-snippet:-1","max-image-preview":"max-image-preview:large","max-video-preview":"max-video-preview:-1"},"canonical":"https:\/\/www.atech-sas.com\/de\/wunschzettel\/","og_locale":"de_DE","og_type":"article","og_title":"Wunschzettel - ATECH","og_description":"Stellen Sie Ihre Wunschliste unter den ATECH-Produkten zusammen: Begr\u00fcnungsk\u00fcbel, Stadtmobiliar, Ausr\u00fcstung... treffen Sie Ihre Wahl!","og_url":"https:\/\/www.atech-sas.com\/de\/wunschzettel\/","og_site_name":"ATECH","article_publisher":"https:\/\/www.facebook.com\/atechsasfr","article_modified_time":"2022-02-28T14:37:03+00:00","og_image":[{"width":2048,"height":2048,"url":"https:\/\/www.atech-sas.com\/wp-content\/uploads\/2024\/06\/logo-atech-identite-site-scaled.jpg","type":"image\/jpeg"}],"twitter_card":"summary_large_image","schema":{"@context":"https:\/\/schema.org","@graph":[{"@type":"WebPage","@id":"https:\/\/www.atech-sas.com\/de\/wunschzettel\/","url":"https:\/\/www.atech-sas.com\/de\/wunschzettel\/","name":"Wunschzettel - ATECH","isPartOf":{"@id":"https:\/\/www.atech-sas.com\/de\/#website"},"datePublished":"2021-09-03T14:06:25+00:00","dateModified":"2022-02-28T14:37:03+00:00","description":"Stellen Sie Ihre Wunschliste unter den ATECH-Produkten zusammen: Begr\u00fcnungsk\u00fcbel, Stadtmobiliar, Ausr\u00fcstung... treffen Sie Ihre Wahl!","breadcrumb":{"@id":"https:\/\/www.atech-sas.com\/de\/wunschzettel\/#breadcrumb"},"inLanguage":"de","potentialAction":[{"@type":"ReadAction","target":["https:\/\/www.atech-sas.com\/de\/wunschzettel\/"]}]},{"@type":"BreadcrumbList","@id":"https:\/\/www.atech-sas.com\/de\/wunschzettel\/#breadcrumb","itemListElement":[{"@type":"ListItem","position":1,"name":"Startseite","item":"https:\/\/www.atech-sas.com\/de\/"},{"@type":"ListItem","position":2,"name":"Wunschzettel"}]},{"@type":"WebSite","@id":"https:\/\/www.atech-sas.com\/de\/#website","url":"https:\/\/www.atech-sas.com\/de\/","name":"Atech-sas","description":"Mobilier urbain","publisher":{"@id":"https:\/\/www.atech-sas.com\/de\/#organization"},"potentialAction":[{"@type":"SearchAction","target":{"@type":"EntryPoint","urlTemplate":"https:\/\/www.atech-sas.com\/de\/?s={search_term_string}"},"query-input":{"@type":"PropertyValueSpecification","valueRequired":true,"valueName":"search_term_string"}}],"inLanguage":"de"},{"@type":"Organization","@id":"https:\/\/www.atech-sas.com\/de\/#organization","name":"Atech-sas","url":"https:\/\/www.atech-sas.com\/de\/","logo":{"@type":"ImageObject","inLanguage":"de","@id":"https:\/\/www.atech-sas.com\/de\/#\/schema\/logo\/image\/","url":"https:\/\/www.atech-sas.com\/wp-content\/uploads\/2021\/01\/ATECH_logo.svg","contentUrl":"https:\/\/www.atech-sas.com\/wp-content\/uploads\/2021\/01\/ATECH_logo.svg","width":640,"height":217,"caption":"Atech-sas"},"image":{"@id":"https:\/\/www.atech-sas.com\/de\/#\/schema\/logo\/image\/"},"sameAs":["https:\/\/www.facebook.com\/atechsasfr","https:\/\/www.instagram.com\/atech_sas\/","https:\/\/www.youtube.com\/c\/Atech-saFr\/videos","https:\/\/www.linkedin.com\/company\/atech-groupe-girod\/"]}]}},"_links":{"self":[{"href":"https:\/\/www.atech-sas.com\/de\/wp-json\/wp\/v2\/pages\/45250","targetHints":{"allow":["GET"]}}],"collection":[{"href":"https:\/\/www.atech-sas.com\/de\/wp-json\/wp\/v2\/pages"}],"about":[{"href":"https:\/\/www.atech-sas.com\/de\/wp-json\/wp\/v2\/types\/page"}],"author":[{"embeddable":true,"href":"https:\/\/www.atech-sas.com\/de\/wp-json\/wp\/v2\/users\/96"}],"replies":[{"embeddable":true,"href":"https:\/\/www.atech-sas.com\/de\/wp-json\/wp\/v2\/comments?post=45250"}],"version-history":[{"count":3,"href":"https:\/\/www.atech-sas.com\/de\/wp-json\/wp\/v2\/pages\/45250\/revisions"}],"predecessor-version":[{"id":45254,"href":"https:\/\/www.atech-sas.com\/de\/wp-json\/wp\/v2\/pages\/45250\/revisions\/45254"}],"wp:attachment":[{"href":"https:\/\/www.atech-sas.com\/de\/wp-json\/wp\/v2\/media?parent=45250"}],"curies":[{"name":"wp","href":"https:\/\/api.w.org\/{rel}","templated":true}]}}